{"id":779899,"date":"2025-12-30T12:15:50","date_gmt":"2025-12-30T09:15:50","guid":{"rendered":"https:\/\/roveyayinevi.com.tr\/index.php\/urun\/gercegin-pesinde\/"},"modified":"2026-04-15T03:44:39","modified_gmt":"2026-04-15T00:44:39","slug":"gercegin-pesinde","status":"publish","type":"product","link":"https:\/\/roveyayinevi.com.tr\/index.php\/urun\/gercegin-pesinde\/","title":{"rendered":"Ger\u00e7e\u011fin Pe\u015finde"},"content":{"rendered":"<p>Haz\u0131r ol Jung Seokyeong: Geliyorum ve bu sefer kaybetmeyece\u011fim! Dowan, \u00fc\u00e7 y\u0131l \u00f6nce babas\u0131n\u0131n \u00f6l\u00fcm\u00fcne yol a\u00e7an trajik kazan\u0131n asl\u0131nda bir kaza de\u011fil bir oyun oldu\u011funu \u00f6\u011frendi\u011fi gibi, Bongcheon Mahallesi \u00e7etesinin lideri Jung Seokyeong\u2019un bu trajediye dair bir videosunun oldu\u011funu da ke\u015ffeder. Dowan, i\u00e7inde kan\u0131tlar\u0131n bulundu\u011fu fla\u015f bellei almaya \u00e7al\u0131\u015f\u0131rken b\u00fcy\u00fck bir yenilgiye u\u011frar. Tam bu olay\u0131 \u00e7\u00f6zemeyece\u011fini anlad\u0131\u011f\u0131 anda bir \u201cFiziksel G\u00fc\u00e7lendirme\u201d g\u00f6revi ortaya \u00e7\u0131kar. Asla pes etmeyen Dowan, her zamankinden daha g\u00fc\u00e7l\u00fc olmak i\u00e7in yo\u011fun bir e\u011fitime ba\u015flar.<\/p>\n","protected":false},"excerpt":{"rendered":"<p>Haz\u0131r ol Jung Seokyeong: Geliyorum ve bu sefer kaybetmeyece\u011fim! Dowan, \u00fc\u00e7 y\u0131l \u00f6nce babas\u0131n\u0131n \u00f6l\u00fcm\u00fcne yol a\u00e7an trajik kazan\u0131n asl\u0131nda bir kaza de\u011fil bir oyun oldu\u011funu<span class=\"excerpt-hellip\"> [\u2026]<\/span><\/p>\n","protected":false},"featured_media":0,"template":"","meta":{"_monsterinsights_skip_tracking":false,"_monsterinsights_sitenote_active":false,"_monsterinsights_sitenote_note":"","_monsterinsights_sitenote_category":0},"product_brand":[],"product_cat":[12416,12291],"product_tag":[],"class_list":{"0":"post-779899","1":"product","2":"type-product","3":"status-publish","5":"product_cat-cizgi-roman","6":"product_cat-edebiyat","7":"pa_cilt-ciltsiz","8":"pa_tur-kitap","9":"pa_yayinevi-artemis-yayinlari","10":"pa_yazar-joowon-lee","12":"first","13":"instock","14":"sale","15":"shipping-taxable","16":"purchasable","17":"product-type-simple"},"_links":{"self":[{"href":"https:\/\/roveyayinevi.com.tr\/index.php\/wp-json\/wp\/v2\/product\/779899","targetHints":{"allow":["GET"]}}],"collection":[{"href":"https:\/\/roveyayinevi.com.tr\/index.php\/wp-json\/wp\/v2\/product"}],"about":[{"href":"https:\/\/roveyayinevi.com.tr\/index.php\/wp-json\/wp\/v2\/types\/product"}],"wp:attachment":[{"href":"https:\/\/roveyayinevi.com.tr\/index.php\/wp-json\/wp\/v2\/media?parent=779899"}],"wp:term":[{"taxonomy":"product_brand","embeddable":true,"href":"https:\/\/roveyayinevi.com.tr\/index.php\/wp-json\/wp\/v2\/product_brand?post=779899"},{"taxonomy":"product_cat","embeddable":true,"href":"https:\/\/roveyayinevi.com.tr\/index.php\/wp-json\/wp\/v2\/product_cat?post=779899"},{"taxonomy":"product_tag","embeddable":true,"href":"https:\/\/roveyayinevi.com.tr\/index.php\/wp-json\/wp\/v2\/product_tag?post=779899"}],"curies":[{"name":"wp","href":"https:\/\/api.w.org\/{rel}","templated":true}]}}