{"id":779898,"date":"2025-12-30T12:15:48","date_gmt":"2025-12-30T09:15:48","guid":{"rendered":"https:\/\/roveyayinevi.com.tr\/index.php\/urun\/banana-sioule-kaos-topu-3-cilt\/"},"modified":"2026-04-15T03:44:39","modified_gmt":"2026-04-15T00:44:39","slug":"banana-sioule-kaos-topu-3-cilt","status":"publish","type":"product","link":"https:\/\/roveyayinevi.com.tr\/index.php\/urun\/banana-sioule-kaos-topu-3-cilt\/","title":{"rendered":"Banana Sioule Kaos Topu  3. Cilt"},"content":{"rendered":"<p>Helena, \u00e7iftlikten sahalara uzanan uzun bir yolculu\u011fa \u00e7\u0131kt\u0131. Sioule\u2019\u00fcn bu yetenekli oyuncusu, henu\u0308z birinci y\u0131l\u0131n\u0131 bitirmeden Sioule Yu\u0308ksek Okulu\u2019ndan ayr\u0131larak Soni Daktari\u2019nin kurdu\u011fu tak\u0131ma kat\u0131ld\u0131. Ve tarihte ilk kez, okul mezunu olmayan oyuncular profesyonel olarak sahaya \u00e7\u0131k\u0131yor! Helena ile Soni \u00f6yle bir oyun sergiliyor ki, daha ilk dakikalardan itibaren bu\u0308yu\u0308k bir hayran kitlesi kazan\u0131yorlar. Zaferler ard\u0131 ard\u0131na gelirken, sponsorlar Helena\u2019ya yak\u0131n ilgi g\u00f6stermeye ba\u015fl\u0131yor. Rakiplerin de g\u00f6zu\u0308 art\u0131k onun u\u0308zerinde. \u00dcstelik, tu\u0308m zamanlar\u0131n en gu\u0308\u00e7lu\u0308 ve en tehlikeli sioule oyuncusu X, onlar\u0131n yenilgisini g\u00f6rmek i\u00e7in yemin etmi\u015f durumda. Ve bu\u0308yu\u0308kler liginde tek bir ger\u00e7ek var: Her \u015fey mu\u0308bah!   Micha\u00ebl Sanlaville (Lastman), bu etkileyici u\u0308\u00e7lemeyle sh\u00f4nen tu\u0308ru\u0308ne enerjik, duygusal ve unutulmaz bir a\u015fk mektubu yaz\u0131yor!<\/p>\n","protected":false},"excerpt":{"rendered":"<p>Helena, \u00e7iftlikten sahalara uzanan uzun bir yolculu\u011fa \u00e7\u0131kt\u0131. Sioule\u2019\u00fcn bu yetenekli oyuncusu, henu\u0308z birinci y\u0131l\u0131n\u0131 bitirmeden Sioule Yu\u0308ksek Okulu\u2019ndan ayr\u0131larak Soni Daktari\u2019nin kurdu\u011fu tak\u0131ma kat\u0131ld\u0131. Ve<span class=\"excerpt-hellip\"> [\u2026]<\/span><\/p>\n","protected":false},"featured_media":0,"template":"","meta":{"_monsterinsights_skip_tracking":false,"_monsterinsights_sitenote_active":false,"_monsterinsights_sitenote_note":"","_monsterinsights_sitenote_category":0},"product_brand":[],"product_cat":[12416,12291],"product_tag":[],"class_list":{"0":"post-779898","1":"product","2":"type-product","3":"status-publish","5":"product_cat-cizgi-roman","6":"product_cat-edebiyat","7":"pa_cilt-ciltsiz","8":"pa_tur-kitap","9":"pa_yayinevi-artemis-yayinlari","10":"pa_yazar-michael-sanlaville","12":"first","13":"instock","14":"sale","15":"shipping-taxable","16":"purchasable","17":"product-type-simple"},"_links":{"self":[{"href":"https:\/\/roveyayinevi.com.tr\/index.php\/wp-json\/wp\/v2\/product\/779898","targetHints":{"allow":["GET"]}}],"collection":[{"href":"https:\/\/roveyayinevi.com.tr\/index.php\/wp-json\/wp\/v2\/product"}],"about":[{"href":"https:\/\/roveyayinevi.com.tr\/index.php\/wp-json\/wp\/v2\/types\/product"}],"wp:attachment":[{"href":"https:\/\/roveyayinevi.com.tr\/index.php\/wp-json\/wp\/v2\/media?parent=779898"}],"wp:term":[{"taxonomy":"product_brand","embeddable":true,"href":"https:\/\/roveyayinevi.com.tr\/index.php\/wp-json\/wp\/v2\/product_brand?post=779898"},{"taxonomy":"product_cat","embeddable":true,"href":"https:\/\/roveyayinevi.com.tr\/index.php\/wp-json\/wp\/v2\/product_cat?post=779898"},{"taxonomy":"product_tag","embeddable":true,"href":"https:\/\/roveyayinevi.com.tr\/index.php\/wp-json\/wp\/v2\/product_tag?post=779898"}],"curies":[{"name":"wp","href":"https:\/\/api.w.org\/{rel}","templated":true}]}}