{"id":779897,"date":"2025-12-30T12:15:46","date_gmt":"2025-12-30T09:15:46","guid":{"rendered":"https:\/\/roveyayinevi.com.tr\/index.php\/urun\/antik-yunan-kuskuculugu-epistemolojik-bir-calisma\/"},"modified":"2026-04-15T03:44:39","modified_gmt":"2026-04-15T00:44:39","slug":"antik-yunan-kuskuculugu-epistemolojik-bir-calisma","status":"publish","type":"product","link":"https:\/\/roveyayinevi.com.tr\/index.php\/urun\/antik-yunan-kuskuculugu-epistemolojik-bir-calisma\/","title":{"rendered":"Antik Yunan Ku\u015fkuculu\u011fu Epistemolojik Bir \u00c7al\u0131\u015fma"},"content":{"rendered":"<p>\u201cPyrrhonculuk ger\u00e7ek olan ile g\u00f6ru\u0308nu\u0308\u015fleri aras\u0131ndaki ikilemin bir u\u0308ru\u0308nu\u0308 olarak ortaya \u00e7\u0131km\u0131\u015f olmakla birlikte bu keskin ayr\u0131m\u0131n alt\u0131n\u0131 bu\u0308tu\u0308nu\u0308yle oymakla sonu\u00e7lan\u0131r.\u201d C. L. Stough\u2019un bu kitab\u0131 Antik Yunan Ku\u015fkuculu\u011fu hakk\u0131ndaki ilk sistematik ve kapsaml\u0131 epistemolojik \u00e7al\u0131\u015fmalardan biridir. Yay\u0131nland\u0131\u011f\u0131 tarihten k\u0131sa su\u0308re sonra Bat\u0131 u\u0308niversitelerinde bu konuda \u00e7al\u0131\u015fma yapan akademisyenler taraf\u0131ndan birincil \u00f6neme sahip ba\u015fvuru kaynaklar\u0131ndan biri olarak kabul edilmi\u015ftir. Eserin son b\u00f6lu\u0308mu\u0308nde, bat\u0131l\u0131 felsefe tarih\u00e7ilerinin, genelde Antik Yunan Ku\u015fkuculu\u011funun ve \u00f6zelde ise Pyrrhoncu Ku\u015fkucu Okulun son temsilcisi olarak g\u00f6rdu\u0308\u011fu\u0308 ve bu ba\u011flamda bir \u00f6zetleyici sayd\u0131\u011f\u0131 ku\u015fkucu bir filozof ve hekim olan Sextus Empiricus\u2019a hat\u0131r\u0131 say\u0131l\u0131r bir yer ay\u0131rmas\u0131 dikkate de\u011ferdir. Stough, Sextus Empiricus\u2019un, dogmatik felsefe okullar\u0131n\u0131n ve filozoflar\u0131n\u0131n epistemolojilerine oldu\u011fu kadar, ku\u015fkucu felsefe okullar\u0131n\u0131n ve ku\u015fkucu filozoflar\u0131n epistemolojilerine de y\u00f6nelen ele\u015ftirel argu\u0308manlar\u0131n\u0131 kendi \u00f6zgu\u0308nlu\u0308klerini sakl\u0131 tutarak ayr\u0131nt\u0131l\u0131 ve dikkatli bir bi\u00e7imde ele almakta ve yorumlamaktad\u0131r. Bu haliyle eser, o gu\u0308ne kadar bat\u0131l\u0131 felsefe tarih\u00e7ileri ve akademisyenler aras\u0131nda Sextus Empiricus\u2019a y\u00f6nelik yayg\u0131n ve al\u0131\u015f\u0131lagelmi\u015f bak\u0131\u015f a\u00e7\u0131s\u0131n\u0131 de\u011fi\u015ftirmi\u015f, onu kendi \u00f6zgu\u0308nlu\u0308\u011fu\u0308 i\u00e7inde ku\u015fkucu bir filozof ve hekim olarak g\u00f6rme ve bu y\u00f6nu\u0308yle inceleme e\u011filimini gu\u0308\u00e7lendirmi\u015ftir. Bu ba\u011flamda Stough\u2019un bu \u00e7al\u0131\u015fmas\u0131n\u0131n \u00f6nemli etki ve sonu\u00e7lar\u0131ndan birinin de bu oldu\u011fu s\u00f6ylenebilir.<\/p>\n","protected":false},"excerpt":{"rendered":"<p>\u201cPyrrhonculuk ger\u00e7ek olan ile g\u00f6ru\u0308nu\u0308\u015fleri aras\u0131ndaki ikilemin bir u\u0308ru\u0308nu\u0308 olarak ortaya \u00e7\u0131km\u0131\u015f olmakla birlikte bu keskin ayr\u0131m\u0131n alt\u0131n\u0131 bu\u0308tu\u0308nu\u0308yle oymakla sonu\u00e7lan\u0131r.\u201d C. L. Stough\u2019un bu kitab\u0131<span class=\"excerpt-hellip\"> [\u2026]<\/span><\/p>\n","protected":false},"featured_media":0,"template":"","meta":{"_monsterinsights_skip_tracking":false,"_monsterinsights_sitenote_active":false,"_monsterinsights_sitenote_note":"","_monsterinsights_sitenote_category":0},"product_brand":[],"product_cat":[16038,12388],"product_tag":[],"class_list":{"0":"post-779897","1":"product","2":"type-product","3":"status-publish","5":"product_cat-arastirma-inceleme-referans-felsefe","6":"product_cat-felsefe","7":"pa_cilt-ciltsiz","8":"pa_tur-kitap","9":"pa_yayinevi-ayrinti-yayinlari","10":"pa_yazar-charlotte-l-stough","12":"first","13":"instock","14":"sale","15":"shipping-taxable","16":"purchasable","17":"product-type-simple"},"_links":{"self":[{"href":"https:\/\/roveyayinevi.com.tr\/index.php\/wp-json\/wp\/v2\/product\/779897","targetHints":{"allow":["GET"]}}],"collection":[{"href":"https:\/\/roveyayinevi.com.tr\/index.php\/wp-json\/wp\/v2\/product"}],"about":[{"href":"https:\/\/roveyayinevi.com.tr\/index.php\/wp-json\/wp\/v2\/types\/product"}],"wp:attachment":[{"href":"https:\/\/roveyayinevi.com.tr\/index.php\/wp-json\/wp\/v2\/media?parent=779897"}],"wp:term":[{"taxonomy":"product_brand","embeddable":true,"href":"https:\/\/roveyayinevi.com.tr\/index.php\/wp-json\/wp\/v2\/product_brand?post=779897"},{"taxonomy":"product_cat","embeddable":true,"href":"https:\/\/roveyayinevi.com.tr\/index.php\/wp-json\/wp\/v2\/product_cat?post=779897"},{"taxonomy":"product_tag","embeddable":true,"href":"https:\/\/roveyayinevi.com.tr\/index.php\/wp-json\/wp\/v2\/product_tag?post=779897"}],"curies":[{"name":"wp","href":"https:\/\/api.w.org\/{rel}","templated":true}]}}