{"id":779896,"date":"2025-12-30T12:15:44","date_gmt":"2025-12-30T09:15:44","guid":{"rendered":"https:\/\/roveyayinevi.com.tr\/index.php\/urun\/icimde-kirik-zaman\/"},"modified":"2026-04-15T03:44:39","modified_gmt":"2026-04-15T00:44:39","slug":"icimde-kirik-zaman","status":"publish","type":"product","link":"https:\/\/roveyayinevi.com.tr\/index.php\/urun\/icimde-kirik-zaman\/","title":{"rendered":"\u0130\u00e7imde K\u0131r\u0131k Zaman"},"content":{"rendered":"<p>Ya, \u201cArt\u0131k her \u015feyi kar\u0131\u015ft\u0131r\u0131yor, bunad\u0131\u201d dediklerimiz ya\u015fad\u0131klar\u0131 gu\u0308nde mutlu olmad\u0131klar\u0131 i\u00e7in bilerek, kendi istekleriyle ge\u00e7mi\u015fe d\u00f6nu\u0308yor, ge\u00e7mi\u015fte ya\u015famay\u0131 ye\u011fliyorlarsa? Her ya\u015fam\u0131n k\u0131vr\u0131mlar\u0131nda sessizlik vard\u0131r, ki\u015finin i\u00e7 sesine \u00e7arpa \u00e7arpa bu\u0308yu\u0308yen. Ve gu\u0308n gelir, dev dalgalara d\u00f6nu\u0308\u015fen sessizlikte ya\u015famla zaman aras\u0131ndaki ince perde y\u0131rt\u0131l\u0131r ve ki\u015fi belle\u011finde gezinirken hem ge\u00e7mi\u015fi anlama hem de kendisini yeniden yazma \u00e7abas\u0131na girer; unutulman\u0131n k\u0131y\u0131s\u0131nda kalm\u0131\u015f, hat\u0131rlad\u0131\u011f\u0131n\u0131n fark\u0131nda bile olmad\u0131\u011f\u0131 duygularla, kelimelerle&#8230; Ahmet Er\u00f6zenci, haf\u0131zan\u0131n kap\u0131lar\u0131n\u0131 aralad\u0131\u011f\u0131 bu roman\u0131nda, sars\u0131c\u0131, i\u00e7sel, \u015fiirsel bir yolculukla okurlar\u0131n\u0131 sessiz bir ya\u015fam tan\u0131kl\u0131\u011f\u0131na \u00e7a\u011f\u0131r\u0131yor&#8230; \u201cKimse anlam\u0131yor ge\u00e7mi\u015fte ya\u015famay\u0131 ye\u011flememin nedeninin bugu\u0308nden ka\u00e7ma de\u011fil, o benin olabilecek en mutlu ben oldu\u011fumu ancak bu ya\u015f\u0131mda alg\u0131lad\u0131\u011f\u0131m\u0131&#8230; Ve \u00f6yle geliyor ki sonras\u0131nda kendime ya\u015fatt\u0131\u011f\u0131m her olay, att\u0131\u011f\u0131m her ad\u0131m o soban\u0131n s\u0131cakl\u0131\u011f\u0131n\u0131 yakalama, sofraya naylon \u00f6rtu\u0308yu\u0308 serme, plastik ekmek sepetini getirme, ahizeli telefonun \u00e7almas\u0131n\u0131 bekleme \u00e7abas\u0131ym\u0131\u015f sadece. Ne ilgin\u00e7 de\u011fil mi? Kur\u015fun askerlerimle saatlerce oynad\u0131\u011f\u0131mda, \u2018Ne geni\u015f hayal gu\u0308cu\u0308 var&#8230; Saatlerce oyal\u0131yor kendini\u2019 diyerek severlerdi. \u015eimdi de hayal du\u0308nyas\u0131nday\u0131m ama, \u2018Bunad\u0131\u2019 diyorlar.\u201d<\/p>\n","protected":false},"excerpt":{"rendered":"<p>Ya, \u201cArt\u0131k her \u015feyi kar\u0131\u015ft\u0131r\u0131yor, bunad\u0131\u201d dediklerimiz ya\u015fad\u0131klar\u0131 gu\u0308nde mutlu olmad\u0131klar\u0131 i\u00e7in bilerek, kendi istekleriyle ge\u00e7mi\u015fe d\u00f6nu\u0308yor, ge\u00e7mi\u015fte ya\u015famay\u0131 ye\u011fliyorlarsa? Her ya\u015fam\u0131n k\u0131vr\u0131mlar\u0131nda sessizlik vard\u0131r, ki\u015finin<span class=\"excerpt-hellip\"> [\u2026]<\/span><\/p>\n","protected":false},"featured_media":0,"template":"","meta":{"_monsterinsights_skip_tracking":false,"_monsterinsights_sitenote_active":false,"_monsterinsights_sitenote_note":"","_monsterinsights_sitenote_category":0},"product_brand":[],"product_cat":[12291,12711],"product_tag":[],"class_list":{"0":"post-779896","1":"product","2":"type-product","3":"status-publish","5":"product_cat-edebiyat","6":"product_cat-roman-oyku","7":"pa_cilt-ciltsiz","8":"pa_tur-kitap","9":"pa_yayinevi-ayrinti-yayinlari","10":"pa_yazar-n-ahmet-erozenci","12":"first","13":"instock","14":"sale","15":"shipping-taxable","16":"purchasable","17":"product-type-simple"},"_links":{"self":[{"href":"https:\/\/roveyayinevi.com.tr\/index.php\/wp-json\/wp\/v2\/product\/779896","targetHints":{"allow":["GET"]}}],"collection":[{"href":"https:\/\/roveyayinevi.com.tr\/index.php\/wp-json\/wp\/v2\/product"}],"about":[{"href":"https:\/\/roveyayinevi.com.tr\/index.php\/wp-json\/wp\/v2\/types\/product"}],"wp:attachment":[{"href":"https:\/\/roveyayinevi.com.tr\/index.php\/wp-json\/wp\/v2\/media?parent=779896"}],"wp:term":[{"taxonomy":"product_brand","embeddable":true,"href":"https:\/\/roveyayinevi.com.tr\/index.php\/wp-json\/wp\/v2\/product_brand?post=779896"},{"taxonomy":"product_cat","embeddable":true,"href":"https:\/\/roveyayinevi.com.tr\/index.php\/wp-json\/wp\/v2\/product_cat?post=779896"},{"taxonomy":"product_tag","embeddable":true,"href":"https:\/\/roveyayinevi.com.tr\/index.php\/wp-json\/wp\/v2\/product_tag?post=779896"}],"curies":[{"name":"wp","href":"https:\/\/api.w.org\/{rel}","templated":true}]}}