{"id":779894,"date":"2025-12-30T12:15:39","date_gmt":"2025-12-30T09:15:39","guid":{"rendered":"https:\/\/roveyayinevi.com.tr\/index.php\/urun\/houdininin-kutusu-kacis-sanati-uzerine\/"},"modified":"2026-04-15T03:44:39","modified_gmt":"2026-04-15T00:44:39","slug":"houdininin-kutusu-kacis-sanati-uzerine","status":"publish","type":"product","link":"https:\/\/roveyayinevi.com.tr\/index.php\/urun\/houdininin-kutusu-kacis-sanati-uzerine\/","title":{"rendered":"Houdini\u2019nin Kutusu Ka\u00e7\u0131\u015f Sanat\u0131 \u00dczerine"},"content":{"rendered":"<p>Adam Phillips bu e\u015fsiz, muhte\u015fem ve ayd\u0131nlat\u0131c\u0131 kitapta, Harry Houdini ve Emily Dickinson da dahil olmak u\u0308zere d\u00f6rt ka\u00e7\u0131\u015f sanat\u00e7\u0131s\u0131n\u0131n ya\u015fam\u0131n\u0131 inceleyerek bizi toplumumuzdaki ve kendi i\u00e7imizdeki ka\u00e7\u0131\u015f kavram\u0131 u\u0308zerine du\u0308\u015fu\u0308nmeye y\u00f6nlendiriyor. \u201cK\u0131\u015fk\u0131rt\u0131c\u0131 &#8230; anla\u015f\u0131l\u0131r ve ilgi \u00e7ekici&#8230; okumak bir zevk.\u201d The Washington Post Hi\u00e7 kimse ka\u00e7ma arzusu ve ihtiyac\u0131ndan ka\u00e7amaz. D\u00f6rt ka\u00e7\u0131\u015f sanat\u00e7\u0131s\u0131 \u00f6rne\u011fini analiz eden Phillips, okurlar\u0131n kendi i\u00e7lerinde gizlenen ka\u00e7\u0131\u015f sanat\u00e7\u0131lar\u0131n\u0131 tespit etmelerini sa\u011fl\u0131yor. Houdini\u2019nin Kutusu \u00f6zgu\u0308n, g\u00f6z kama\u015ft\u0131r\u0131c\u0131 ve ufuk a\u00e7\u0131c\u0131 bir eser. Adam Phillips, bugu\u0308ne kadarki en bu\u0308yu\u0308leyici kitab\u0131 olan bu eserinde, insanlar\u0131n neden kendilerini en \u00e7ok ka\u00e7\u0131\u015f an\u0131nda canl\u0131 hissettiklerini bize hat\u0131rlat\u0131yor. Ancak ister bir \u015feyden ka\u00e7\u0131yor olal\u0131m ister bir \u015feyle ka\u00e7\u0131yor olal\u0131m (Icarus, Oedipus ya da Narcissus gibi; kurban ya da tiran olarak) neden ka\u00e7mam\u0131z gerekti\u011fini ve neye ka\u00e7mak istedi\u011fimizi de tan\u0131mlamadan kendimizi tan\u0131mlayamay\u0131z.<\/p>\n","protected":false},"excerpt":{"rendered":"<p>Adam Phillips bu e\u015fsiz, muhte\u015fem ve ayd\u0131nlat\u0131c\u0131 kitapta, Harry Houdini ve Emily Dickinson da dahil olmak u\u0308zere d\u00f6rt ka\u00e7\u0131\u015f sanat\u00e7\u0131s\u0131n\u0131n ya\u015fam\u0131n\u0131 inceleyerek bizi toplumumuzdaki ve kendi<span class=\"excerpt-hellip\"> [\u2026]<\/span><\/p>\n","protected":false},"featured_media":0,"template":"","meta":{"_monsterinsights_skip_tracking":false,"_monsterinsights_sitenote_active":false,"_monsterinsights_sitenote_note":"","_monsterinsights_sitenote_category":0},"product_brand":[],"product_cat":[12291,12711],"product_tag":[],"class_list":{"0":"post-779894","1":"product","2":"type-product","3":"status-publish","5":"product_cat-edebiyat","6":"product_cat-roman-oyku","7":"pa_cilt-ciltsiz","8":"pa_tur-kitap","9":"pa_yayinevi-ayrinti-yayinlari","10":"pa_yazar-adam-phillips","12":"first","13":"instock","14":"sale","15":"shipping-taxable","16":"purchasable","17":"product-type-simple"},"_links":{"self":[{"href":"https:\/\/roveyayinevi.com.tr\/index.php\/wp-json\/wp\/v2\/product\/779894","targetHints":{"allow":["GET"]}}],"collection":[{"href":"https:\/\/roveyayinevi.com.tr\/index.php\/wp-json\/wp\/v2\/product"}],"about":[{"href":"https:\/\/roveyayinevi.com.tr\/index.php\/wp-json\/wp\/v2\/types\/product"}],"wp:attachment":[{"href":"https:\/\/roveyayinevi.com.tr\/index.php\/wp-json\/wp\/v2\/media?parent=779894"}],"wp:term":[{"taxonomy":"product_brand","embeddable":true,"href":"https:\/\/roveyayinevi.com.tr\/index.php\/wp-json\/wp\/v2\/product_brand?post=779894"},{"taxonomy":"product_cat","embeddable":true,"href":"https:\/\/roveyayinevi.com.tr\/index.php\/wp-json\/wp\/v2\/product_cat?post=779894"},{"taxonomy":"product_tag","embeddable":true,"href":"https:\/\/roveyayinevi.com.tr\/index.php\/wp-json\/wp\/v2\/product_tag?post=779894"}],"curies":[{"name":"wp","href":"https:\/\/api.w.org\/{rel}","templated":true}]}}