{"id":779891,"date":"2025-12-30T12:15:34","date_gmt":"2025-12-30T09:15:34","guid":{"rendered":"https:\/\/roveyayinevi.com.tr\/index.php\/urun\/dunya-yuva\/"},"modified":"2026-04-12T03:35:11","modified_gmt":"2026-04-12T00:35:11","slug":"dunya-yuva","status":"publish","type":"product","link":"https:\/\/roveyayinevi.com.tr\/index.php\/urun\/dunya-yuva\/","title":{"rendered":"D\u00fcnya-yuva"},"content":{"rendered":"<p>Kendine Ait adl\u0131 roman\u0131yla tan\u0131d\u0131\u011f\u0131m\u0131z ve \u201cbir kad\u0131n\u0131n hik\u00e2yesi, hi\u00e7bir zaman yaln\u0131zca bir kad\u0131n\u0131n hik\u00e2yesi de\u011fildir\u201d vurgusuyla bizi bilindik oldu\u011fu kadar biricik bir kad\u0131n hik\u00e2yesiyle bulu\u015fturan Burcu \u00d6zer Katmer, bu kez okurlar\u0131n\u0131 yeryu\u0308zu\u0308nu\u0308n ba\u015fka topraklar\u0131nda, farkl\u0131 duraklar\u0131nda, masalar\u0131nda, birbirine uzak ama duyguda\u015f insanlar\u0131n \u00f6yku\u0308lerine ortak ediyor. Yazar\u0131n Zurich Liest Festivali kapsam\u0131nda du\u0308zenlenen Vorsatz Yar\u0131\u015fmas\u0131\u2019nda \u00f6du\u0308le lay\u0131k g\u00f6ru\u0308len \u201cBu Hik\u00e2yenin Ad\u0131 Ba\u015fka Dilde Yaz\u0131lamazd\u0131: AYIP\u201d ve Rengin G\u00f6\u00e7men Kad\u0131n Korosu \u00d6yku\u0308 Yar\u0131\u015fmas\u0131\u2019nda birinci se\u00e7ilen \u201cKu\u0308\u00e7u\u0308k Mavi Defter\u201d adl\u0131 \u00f6yku\u0308lerinin de aralar\u0131nda bulundu\u011fu Du\u0308nyayuva, birbirinden derinlikli sekiz \u00f6yku\u0308den olu\u015fuyor. Burcu \u00d6zer Katmer\u2019in kendine has u\u0308slubunu kad\u0131n olmak, g\u00f6\u00e7, aile ve anne olmak, dostluk, ge\u00e7mi\u015fle hesapla\u015fma gibi insana dair temalarda bulu\u015fturdu\u011fu katmanl\u0131 \u00f6yku\u0308lerinin i\u00e7inden tan\u0131d\u0131k \u015fark\u0131lar, bilindik \u015fiirler, \u00f6zlenen adalar ve geride b\u0131rak\u0131lan \u015fehirler ge\u00e7iyor. Yazar\u0131n sesi, du\u0308nya dedi\u011fimiz yerin tam da bunlardan olu\u015ftu\u011funu ve bunlarla hepimize bir yuva oldu\u011funu f\u0131s\u0131ld\u0131yor.<\/p>\n","protected":false},"excerpt":{"rendered":"<p>Kendine Ait adl\u0131 roman\u0131yla tan\u0131d\u0131\u011f\u0131m\u0131z ve \u201cbir kad\u0131n\u0131n hik\u00e2yesi, hi\u00e7bir zaman yaln\u0131zca bir kad\u0131n\u0131n hik\u00e2yesi de\u011fildir\u201d vurgusuyla bizi bilindik oldu\u011fu kadar biricik bir kad\u0131n hik\u00e2yesiyle bulu\u015fturan<span class=\"excerpt-hellip\"> [\u2026]<\/span><\/p>\n","protected":false},"featured_media":0,"template":"","meta":{"_monsterinsights_skip_tracking":false,"_monsterinsights_sitenote_active":false,"_monsterinsights_sitenote_note":"","_monsterinsights_sitenote_category":0},"product_brand":[],"product_cat":[12291,12711],"product_tag":[],"class_list":{"0":"post-779891","1":"product","2":"type-product","3":"status-publish","5":"product_cat-edebiyat","6":"product_cat-roman-oyku","7":"pa_cilt-ciltsiz","8":"pa_tur-kitap","9":"pa_yayinevi-dusbaz-kitaplar","10":"pa_yazar-burcu-ozer-katmer","12":"first","13":"instock","14":"sale","15":"shipping-taxable","16":"purchasable","17":"product-type-simple"},"_links":{"self":[{"href":"https:\/\/roveyayinevi.com.tr\/index.php\/wp-json\/wp\/v2\/product\/779891","targetHints":{"allow":["GET"]}}],"collection":[{"href":"https:\/\/roveyayinevi.com.tr\/index.php\/wp-json\/wp\/v2\/product"}],"about":[{"href":"https:\/\/roveyayinevi.com.tr\/index.php\/wp-json\/wp\/v2\/types\/product"}],"wp:attachment":[{"href":"https:\/\/roveyayinevi.com.tr\/index.php\/wp-json\/wp\/v2\/media?parent=779891"}],"wp:term":[{"taxonomy":"product_brand","embeddable":true,"href":"https:\/\/roveyayinevi.com.tr\/index.php\/wp-json\/wp\/v2\/product_brand?post=779891"},{"taxonomy":"product_cat","embeddable":true,"href":"https:\/\/roveyayinevi.com.tr\/index.php\/wp-json\/wp\/v2\/product_cat?post=779891"},{"taxonomy":"product_tag","embeddable":true,"href":"https:\/\/roveyayinevi.com.tr\/index.php\/wp-json\/wp\/v2\/product_tag?post=779891"}],"curies":[{"name":"wp","href":"https:\/\/api.w.org\/{rel}","templated":true}]}}