{"id":779879,"date":"2025-12-30T12:15:06","date_gmt":"2025-12-30T09:15:06","guid":{"rendered":"https:\/\/roveyayinevi.com.tr\/index.php\/urun\/cagdas-sanatin-kisa-oykusu-ciltli\/"},"modified":"2026-04-15T03:44:38","modified_gmt":"2026-04-15T00:44:38","slug":"cagdas-sanatin-kisa-oykusu-ciltli","status":"publish","type":"product","link":"https:\/\/roveyayinevi.com.tr\/index.php\/urun\/cagdas-sanatin-kisa-oykusu-ciltli\/","title":{"rendered":"\u00c7a\u011fda\u015f Sanat\u0131n K\u0131sa \u00d6yk\u00fcs\u00fc (Ciltli)"},"content":{"rendered":"<p>Sanat\u0131n en heyecan verici ve en tart\u0131\u015fmal\u0131 d\u00f6nemine \u00e7arp\u0131c\u0131 bir giri\u015f yapmaya haz\u0131r m\u0131s\u0131n\u0131z? Arazi sanat\u0131ndan performans sanat\u0131na, geleneksel ya\u011fl\u0131boyalardan dijital d\u00fcnyan\u0131n yeni fenomeni NFT\u2019lere kadar 49 temel eser. Bu eserlerin ili\u015fkili oldu\u011fu en \u00f6nemli sanat ak\u0131mlar\u0131, temalar ve teknikler. \u00c7a\u011fda\u015f Sanat\u0131n K\u0131sa \u00d6yk\u00fcs\u00fc\u2018nde \u00e7a\u011fda\u015f sanat\u0131n neden ve nas\u0131l geli\u015fti\u011fi g\u00f6zler \u00f6n\u00fcne serilirken, \u00f6nc\u00fc sanat\u00e7\u0131lar\u0131n hayal g\u00fcc\u00fcyle \u015fekillenen yenilik\u00e7i yakla\u015f\u0131mlar da mercek alt\u0131na al\u0131n\u0131yor. Susie Hodge\u2019un kaleminden \u00e7\u0131kan bu kitap, \u00e7a\u011fda\u015f sanat\u0131 herkes i\u00e7in anla\u015f\u0131l\u0131r k\u0131l\u0131yor. 1960\u2019lar\u0131n sonundan bug\u00fcne uzanan \u00e7\u0131\u011f\u0131r a\u00e7\u0131c\u0131 sanat\u0131n keyfini \u00e7\u0131karmak ve onu derinlemesine kavramak isteyen herkes i\u00e7in ideal bir ba\u015flang\u0131\u00e7 noktas\u0131.<\/p>\n","protected":false},"excerpt":{"rendered":"<p>Sanat\u0131n en heyecan verici ve en tart\u0131\u015fmal\u0131 d\u00f6nemine \u00e7arp\u0131c\u0131 bir giri\u015f yapmaya haz\u0131r m\u0131s\u0131n\u0131z? Arazi sanat\u0131ndan performans sanat\u0131na, geleneksel ya\u011fl\u0131boyalardan dijital d\u00fcnyan\u0131n yeni fenomeni NFT\u2019lere kadar<span class=\"excerpt-hellip\"> [\u2026]<\/span><\/p>\n","protected":false},"featured_media":0,"template":"","meta":{"_monsterinsights_skip_tracking":false,"_monsterinsights_sitenote_active":false,"_monsterinsights_sitenote_note":"","_monsterinsights_sitenote_category":0},"product_brand":[],"product_cat":[12408,14197],"product_tag":[],"class_list":{"0":"post-779879","1":"product","2":"type-product","3":"status-publish","5":"product_cat-sanat","6":"product_cat-sanat-tarihi","7":"pa_cilt-ciltli","8":"pa_tur-kitap","9":"pa_yayinevi-hep-kitap","10":"pa_yazar-susie-hodge","12":"first","13":"instock","14":"sale","15":"shipping-taxable","16":"purchasable","17":"product-type-simple"},"_links":{"self":[{"href":"https:\/\/roveyayinevi.com.tr\/index.php\/wp-json\/wp\/v2\/product\/779879","targetHints":{"allow":["GET"]}}],"collection":[{"href":"https:\/\/roveyayinevi.com.tr\/index.php\/wp-json\/wp\/v2\/product"}],"about":[{"href":"https:\/\/roveyayinevi.com.tr\/index.php\/wp-json\/wp\/v2\/types\/product"}],"wp:attachment":[{"href":"https:\/\/roveyayinevi.com.tr\/index.php\/wp-json\/wp\/v2\/media?parent=779879"}],"wp:term":[{"taxonomy":"product_brand","embeddable":true,"href":"https:\/\/roveyayinevi.com.tr\/index.php\/wp-json\/wp\/v2\/product_brand?post=779879"},{"taxonomy":"product_cat","embeddable":true,"href":"https:\/\/roveyayinevi.com.tr\/index.php\/wp-json\/wp\/v2\/product_cat?post=779879"},{"taxonomy":"product_tag","embeddable":true,"href":"https:\/\/roveyayinevi.com.tr\/index.php\/wp-json\/wp\/v2\/product_tag?post=779879"}],"curies":[{"name":"wp","href":"https:\/\/api.w.org\/{rel}","templated":true}]}}