{"id":779876,"date":"2025-12-30T12:15:00","date_gmt":"2025-12-30T09:15:00","guid":{"rendered":"https:\/\/roveyayinevi.com.tr\/index.php\/urun\/turk-burjuvazisi-kendi-hikayesini-yaziyor\/"},"modified":"2026-04-15T03:44:38","modified_gmt":"2026-04-15T00:44:38","slug":"turk-burjuvazisi-kendi-hikayesini-yaziyor","status":"publish","type":"product","link":"https:\/\/roveyayinevi.com.tr\/index.php\/urun\/turk-burjuvazisi-kendi-hikayesini-yaziyor\/","title":{"rendered":"T\u00fcrk Burjuvazisi Kendi Hikayesini Yaz\u0131yor"},"content":{"rendered":"<p>T\u00fcrkiye\u2019nin sosyo-ekonomik yap\u0131s\u0131, kapitalizmin geli\u015fme durumu; T\u00fcrk sermayesinin uluslararas\u0131 a\u00e7\u0131l\u0131m\u0131, burjuvazinin yak\u0131n \u00e7evresinden ba\u015flayarak birtak\u0131m i\u015fgalleri ve n\u00fcfuz alan\u0131 kazanmak i\u00e7in att\u0131\u011f\u0131 ad\u0131mlar; g\u00fctt\u00fc\u011f\u00fc emperyalist politikalar ister istemez \u2018nas\u0131l bir T\u00fcrkiye\u2019 ile kar\u015f\u0131 kar\u015f\u0131ya oldu\u011fumuzun tart\u0131\u015f\u0131lmas\u0131n\u0131n g\u00fcncel oldu\u011funu g\u00f6stermektedir&#8230; T\u00fcrk tekelci burjuvazisi tarihsel, co\u011frafi ve ekonomik g\u00fcc\u00fcn\u00fcn beraberinde getirdi\u011fi olanak ve avantajlar\u0131 kullanarak uluslararas\u0131 planda de\u011fi\u015fen g\u00fc\u00e7ler dengesi i\u00e7inde h\u0131zl\u0131 y\u00fckselen g\u00fc\u00e7lerden birisi oldu ve Balkanlar-Ortado\u011fu-Kafkasya\/Hazar Havzas\u0131 \u00fc\u00e7genindeki \u00fclkelere ilgi g\u00f6stermektedir. Tekelci sermayenin stratejisi b\u00f6lgesel g\u00fc\u00e7 olarak geli\u015fmek ve buna dayanarak d\u00fcnya pazarlar\u0131nda pay kapmaya \u00e7al\u0131\u015fmakt\u0131r&#8230; Uluslararas\u0131 pazarlara a\u00e7\u0131lmakta kat etti\u011fi yol, bu sermayenin Misak-\u0131 Milli s\u0131n\u0131rlar\u0131 i\u00e7inde kalmaya art\u0131k hi\u00e7 de niyetli olmad\u0131\u011f\u0131n\u0131 \u00e7ok a\u00e7\u0131k bir bi\u00e7imde g\u00f6stermektedir&#8230; Bu nedenle burjuvazinin Ortado\u011fu, Afrika, Balkan \u00fclkeleriyle ticari ili\u015fkilerini s\u0131\u00e7ramal\u0131 geli\u015ftirmesi anla\u015f\u0131l\u0131r. Sadece kom\u015fu \u00fclkelerle de\u011fil, Rusya hari\u00e7 b\u00f6lge \u00fclkeleriyle (Ortado\u011fu, Balkanlar, Orta Asya, Kafkasya, Afrika) kar\u015f\u0131la\u015ft\u0131r\u0131ld\u0131\u011f\u0131nda birinci ekonomi konumundad\u0131r&#8230; T\u00fcrk tekelci sermayesinin Balkanlar, Ortado\u011fu, Orta Asya ve Afrika&#8217;da yay\u0131lm\u0131\u015fl\u0131k durumunu k\u00fc\u00e7\u00fcmseyen fena halde yan\u0131lm\u0131\u015f olur. \u015e\u00fcphesiz, hacmi kendi \u00e7ap\u0131ndad\u0131r ama \u00f6nemlidir. <\/p>\n","protected":false},"excerpt":{"rendered":"<p>T\u00fcrkiye\u2019nin sosyo-ekonomik yap\u0131s\u0131, kapitalizmin geli\u015fme durumu; T\u00fcrk sermayesinin uluslararas\u0131 a\u00e7\u0131l\u0131m\u0131, burjuvazinin yak\u0131n \u00e7evresinden ba\u015flayarak birtak\u0131m i\u015fgalleri ve n\u00fcfuz alan\u0131 kazanmak i\u00e7in att\u0131\u011f\u0131 ad\u0131mlar; g\u00fctt\u00fc\u011f\u00fc emperyalist politikalar<span class=\"excerpt-hellip\"> [\u2026]<\/span><\/p>\n","protected":false},"featured_media":0,"template":"","meta":{"_monsterinsights_skip_tracking":false,"_monsterinsights_sitenote_active":false,"_monsterinsights_sitenote_note":"","_monsterinsights_sitenote_category":0},"product_brand":[],"product_cat":[13043,17492],"product_tag":[],"class_list":{"0":"post-779876","1":"product","2":"type-product","3":"status-publish","5":"product_cat-ekonomi","6":"product_cat-pazarlama-satis-reklam","7":"pa_cilt-ciltsiz","8":"pa_tur-kitap","9":"pa_yayinevi-toz-yayinlari","10":"pa_yazar-ibrahim-okcuoglu","12":"first","13":"instock","14":"sale","15":"shipping-taxable","16":"purchasable","17":"product-type-simple"},"_links":{"self":[{"href":"https:\/\/roveyayinevi.com.tr\/index.php\/wp-json\/wp\/v2\/product\/779876","targetHints":{"allow":["GET"]}}],"collection":[{"href":"https:\/\/roveyayinevi.com.tr\/index.php\/wp-json\/wp\/v2\/product"}],"about":[{"href":"https:\/\/roveyayinevi.com.tr\/index.php\/wp-json\/wp\/v2\/types\/product"}],"wp:attachment":[{"href":"https:\/\/roveyayinevi.com.tr\/index.php\/wp-json\/wp\/v2\/media?parent=779876"}],"wp:term":[{"taxonomy":"product_brand","embeddable":true,"href":"https:\/\/roveyayinevi.com.tr\/index.php\/wp-json\/wp\/v2\/product_brand?post=779876"},{"taxonomy":"product_cat","embeddable":true,"href":"https:\/\/roveyayinevi.com.tr\/index.php\/wp-json\/wp\/v2\/product_cat?post=779876"},{"taxonomy":"product_tag","embeddable":true,"href":"https:\/\/roveyayinevi.com.tr\/index.php\/wp-json\/wp\/v2\/product_tag?post=779876"}],"curies":[{"name":"wp","href":"https:\/\/api.w.org\/{rel}","templated":true}]}}