{"id":779872,"date":"2025-12-30T12:14:51","date_gmt":"2025-12-30T09:14:51","guid":{"rendered":"https:\/\/roveyayinevi.com.tr\/index.php\/urun\/en-yakin-arkadasim\/"},"modified":"2026-04-15T03:44:38","modified_gmt":"2026-04-15T00:44:38","slug":"en-yakin-arkadasim","status":"publish","type":"product","link":"https:\/\/roveyayinevi.com.tr\/index.php\/urun\/en-yakin-arkadasim\/","title":{"rendered":"En Yak\u0131n Arkada\u015f\u0131m"},"content":{"rendered":"<p>\u0130nsan en yak\u0131n arkada\u015f\u0131n\u0131 se\u00e7erken nelere dikkat etmeli? As\u0131k suratl\u0131 biriyle s\u0131k\u0131lmak m\u0131 yoksa dans etmeyi sevenle e\u011flenmek mi? Yaz\u0131p \u00e7izmeye, kesip bi\u00e7meye merakl\u0131ysa  ya\u015fad\u0131n! Sen de yan\u0131na oturup oyuna kat\u0131l\u0131rs\u0131n. Senin en yak\u0131n arkada\u015f\u0131n nas\u0131l biri? Sen nas\u0131l bir arkada\u015fs\u0131n peki?   \u00c7a\u011fda\u015f \u00e7ocuk edebiyat\u0131n\u0131n sevilen iki ismi T\u00fclin Koziko\u011flu ile G\u00f6k\u00e7e \u0130rten\u2019den kendini sevmek ve arkada\u015fl\u0131k \u00fczerine ne\u015feli bir \u00f6yk\u00fc. <\/p>\n","protected":false},"excerpt":{"rendered":"<p>\u0130nsan en yak\u0131n arkada\u015f\u0131n\u0131 se\u00e7erken nelere dikkat etmeli? As\u0131k suratl\u0131 biriyle s\u0131k\u0131lmak m\u0131 yoksa dans etmeyi sevenle e\u011flenmek mi? Yaz\u0131p \u00e7izmeye, kesip bi\u00e7meye merakl\u0131ysa ya\u015fad\u0131n! Sen<span class=\"excerpt-hellip\"> [\u2026]<\/span><\/p>\n","protected":false},"featured_media":0,"template":"","meta":{"_monsterinsights_skip_tracking":false,"_monsterinsights_sitenote_active":false,"_monsterinsights_sitenote_note":"","_monsterinsights_sitenote_category":0},"product_brand":[],"product_cat":[12274,12284],"product_tag":[],"class_list":{"0":"post-779872","1":"product","2":"type-product","3":"status-publish","5":"product_cat-cocuk-ve-genclik-kitaplari","6":"product_cat-hikayeler","7":"pa_cilt-ciltsiz","8":"pa_tur-kitap","9":"pa_yayinevi-redhouse-kidz-yayinlari","10":"pa_yazar-tulin-kozikoglu","12":"first","13":"instock","14":"sale","15":"shipping-taxable","16":"purchasable","17":"product-type-simple"},"_links":{"self":[{"href":"https:\/\/roveyayinevi.com.tr\/index.php\/wp-json\/wp\/v2\/product\/779872","targetHints":{"allow":["GET"]}}],"collection":[{"href":"https:\/\/roveyayinevi.com.tr\/index.php\/wp-json\/wp\/v2\/product"}],"about":[{"href":"https:\/\/roveyayinevi.com.tr\/index.php\/wp-json\/wp\/v2\/types\/product"}],"wp:attachment":[{"href":"https:\/\/roveyayinevi.com.tr\/index.php\/wp-json\/wp\/v2\/media?parent=779872"}],"wp:term":[{"taxonomy":"product_brand","embeddable":true,"href":"https:\/\/roveyayinevi.com.tr\/index.php\/wp-json\/wp\/v2\/product_brand?post=779872"},{"taxonomy":"product_cat","embeddable":true,"href":"https:\/\/roveyayinevi.com.tr\/index.php\/wp-json\/wp\/v2\/product_cat?post=779872"},{"taxonomy":"product_tag","embeddable":true,"href":"https:\/\/roveyayinevi.com.tr\/index.php\/wp-json\/wp\/v2\/product_tag?post=779872"}],"curies":[{"name":"wp","href":"https:\/\/api.w.org\/{rel}","templated":true}]}}