{"id":779870,"date":"2025-12-30T12:14:44","date_gmt":"2025-12-30T09:14:44","guid":{"rendered":"https:\/\/roveyayinevi.com.tr\/index.php\/urun\/konak-1988\/"},"modified":"2026-04-15T03:44:38","modified_gmt":"2026-04-15T00:44:38","slug":"konak-1988","status":"publish","type":"product","link":"https:\/\/roveyayinevi.com.tr\/index.php\/urun\/konak-1988\/","title":{"rendered":"Konak 1988"},"content":{"rendered":"<p>\u0130stanbul\u2019un ta\u015f sokaklar\u0131nda yank\u0131lanan ad\u0131mlar\u0131n pe\u015finden ge\u00e7mi\u015fe uzanan bir iz\u2026 Cesur bir polis. Se\u00e7imi u\u011fruna kendini feda eden bir g\u00fczel. B\u00fcy\u00fck bir s\u0131r. Ve onlar\u0131 ayn\u0131 karanl\u0131kta bulu\u015fturan, geri d\u00f6n\u00fc\u015f\u00fc olmayan bir an. \u201cBahar\u0131n \u0131l\u0131k meltemi, yeni filizlenen tohumlar; topra\u011f\u0131n ve yery\u00fcz\u00fcn\u00fcn yeniden hayat buldu\u011fu zamanda yan\u0131mda bir ya\u015fam son buluyordu\u2026 Ben b\u00f6yle olmas\u0131n\u0131 istemi\u015ftim.\u201d Fedak\u00e2rl\u0131\u011f\u0131n, tutkunun ve gerilimin i\u00e7 i\u00e7e ge\u00e7ti\u011fi bu hik\u00e2yede, hi\u00e7bir \u015fey g\u00f6r\u00fcnd\u00fc\u011f\u00fc gibi de\u011fil. S\u0131rlar a\u00e7\u0131\u011fa \u00e7\u0131karken, en b\u00fcy\u00fck y\u00fczle\u015fme insan\u0131n kendisiyle olacak. Haz\u0131rsan, art\u0131k geri d\u00f6n\u00fc\u015f yok.<\/p>\n","protected":false},"excerpt":{"rendered":"<p>\u0130stanbul\u2019un ta\u015f sokaklar\u0131nda yank\u0131lanan ad\u0131mlar\u0131n pe\u015finden ge\u00e7mi\u015fe uzanan bir iz\u2026 Cesur bir polis. Se\u00e7imi u\u011fruna kendini feda eden bir g\u00fczel. B\u00fcy\u00fck bir s\u0131r. Ve onlar\u0131 ayn\u0131<span class=\"excerpt-hellip\"> [\u2026]<\/span><\/p>\n","protected":false},"featured_media":0,"template":"","meta":{"_monsterinsights_skip_tracking":false,"_monsterinsights_sitenote_active":false,"_monsterinsights_sitenote_note":"","_monsterinsights_sitenote_category":0},"product_brand":[],"product_cat":[12291,12711],"product_tag":[],"class_list":{"0":"post-779870","1":"product","2":"type-product","3":"status-publish","5":"product_cat-edebiyat","6":"product_cat-roman-oyku","7":"pa_cilt-ciltsiz","8":"pa_tur-kitap","9":"pa_yayinevi-perseus","10":"pa_yazar-mecnun","12":"first","13":"instock","14":"sale","15":"shipping-taxable","16":"purchasable","17":"product-type-simple"},"_links":{"self":[{"href":"https:\/\/roveyayinevi.com.tr\/index.php\/wp-json\/wp\/v2\/product\/779870","targetHints":{"allow":["GET"]}}],"collection":[{"href":"https:\/\/roveyayinevi.com.tr\/index.php\/wp-json\/wp\/v2\/product"}],"about":[{"href":"https:\/\/roveyayinevi.com.tr\/index.php\/wp-json\/wp\/v2\/types\/product"}],"wp:attachment":[{"href":"https:\/\/roveyayinevi.com.tr\/index.php\/wp-json\/wp\/v2\/media?parent=779870"}],"wp:term":[{"taxonomy":"product_brand","embeddable":true,"href":"https:\/\/roveyayinevi.com.tr\/index.php\/wp-json\/wp\/v2\/product_brand?post=779870"},{"taxonomy":"product_cat","embeddable":true,"href":"https:\/\/roveyayinevi.com.tr\/index.php\/wp-json\/wp\/v2\/product_cat?post=779870"},{"taxonomy":"product_tag","embeddable":true,"href":"https:\/\/roveyayinevi.com.tr\/index.php\/wp-json\/wp\/v2\/product_tag?post=779870"}],"curies":[{"name":"wp","href":"https:\/\/api.w.org\/{rel}","templated":true}]}}