{"id":779869,"date":"2025-12-30T12:14:41","date_gmt":"2025-12-30T09:14:41","guid":{"rendered":"https:\/\/roveyayinevi.com.tr\/index.php\/urun\/kimin-hikayesi-bu\/"},"modified":"2026-04-15T03:44:38","modified_gmt":"2026-04-15T00:44:38","slug":"kimin-hikayesi-bu","status":"publish","type":"product","link":"https:\/\/roveyayinevi.com.tr\/index.php\/urun\/kimin-hikayesi-bu\/","title":{"rendered":"Kimin Hikayesi Bu?"},"content":{"rendered":"<p>Bu kitap bir sesle ba\u015flad\u0131 ve asl\u0131nda hepimizin susturdu\u011fu c\u00fcmlelerle yaz\u0131ld\u0131. Herkes mutlaka bir kez susar. Ama her susu\u015f, bir g\u00fcn bir kelimeye d\u00f6n\u00fc\u015f\u00fcr. Bu, o d\u00f6n\u00fc\u015f\u00fcm\u00fcn hik\u00e2yesi. Kendini unutmu\u015f, ba\u015fkalar\u0131n\u0131n beklentilerinde kaybolmu\u015f, korkularla b\u00fcy\u00fcm\u00fc\u015f bir \u201cben\u201din i\u00e7 yolculu\u011fu\u2026 Travmalar\u0131n, kay\u0131plar\u0131n, g\u00f6lgede kalm\u0131\u015f duygular\u0131n aras\u0131ndan ge\u00e7ip, kendi sesini yeniden bulma \u00e7abas\u0131\u2026 Yol bazen karanl\u0131k, y\u00f6n belirsiz. Ama kalbinin derinliklerinden y\u00fckselen bir ses hep sana e\u015flik eder: \u201cArt\u0131k kendim i\u00e7in buraday\u0131m.\u201d Bazen iyile\u015fmek, bir ba\u015fkas\u0131n\u0131n hik\u00e2yesinde kendini hat\u0131rlayarak ba\u015flar. Ve \u015fimdi s\u0131ra sende. Kendi sesini duymaya haz\u0131r m\u0131s\u0131n?<\/p>\n","protected":false},"excerpt":{"rendered":"<p>Bu kitap bir sesle ba\u015flad\u0131 ve asl\u0131nda hepimizin susturdu\u011fu c\u00fcmlelerle yaz\u0131ld\u0131. Herkes mutlaka bir kez susar. Ama her susu\u015f, bir g\u00fcn bir kelimeye d\u00f6n\u00fc\u015f\u00fcr. Bu, o<span class=\"excerpt-hellip\"> [\u2026]<\/span><\/p>\n","protected":false},"featured_media":0,"template":"","meta":{"_monsterinsights_skip_tracking":false,"_monsterinsights_sitenote_active":false,"_monsterinsights_sitenote_note":"","_monsterinsights_sitenote_category":0},"product_brand":[],"product_cat":[12777,12291],"product_tag":[],"class_list":{"0":"post-779869","1":"product","2":"type-product","3":"status-publish","5":"product_cat-deneme","6":"product_cat-edebiyat","7":"pa_cilt-ciltsiz","8":"pa_tur-kitap","9":"pa_yayinevi-elpis-yayinlari","10":"pa_yazar-aylen-durmush","12":"first","13":"instock","14":"sale","15":"shipping-taxable","16":"purchasable","17":"product-type-simple"},"_links":{"self":[{"href":"https:\/\/roveyayinevi.com.tr\/index.php\/wp-json\/wp\/v2\/product\/779869","targetHints":{"allow":["GET"]}}],"collection":[{"href":"https:\/\/roveyayinevi.com.tr\/index.php\/wp-json\/wp\/v2\/product"}],"about":[{"href":"https:\/\/roveyayinevi.com.tr\/index.php\/wp-json\/wp\/v2\/types\/product"}],"wp:attachment":[{"href":"https:\/\/roveyayinevi.com.tr\/index.php\/wp-json\/wp\/v2\/media?parent=779869"}],"wp:term":[{"taxonomy":"product_brand","embeddable":true,"href":"https:\/\/roveyayinevi.com.tr\/index.php\/wp-json\/wp\/v2\/product_brand?post=779869"},{"taxonomy":"product_cat","embeddable":true,"href":"https:\/\/roveyayinevi.com.tr\/index.php\/wp-json\/wp\/v2\/product_cat?post=779869"},{"taxonomy":"product_tag","embeddable":true,"href":"https:\/\/roveyayinevi.com.tr\/index.php\/wp-json\/wp\/v2\/product_tag?post=779869"}],"curies":[{"name":"wp","href":"https:\/\/api.w.org\/{rel}","templated":true}]}}