{"id":779868,"date":"2025-12-30T12:14:37","date_gmt":"2025-12-30T09:14:37","guid":{"rendered":"https:\/\/roveyayinevi.com.tr\/index.php\/urun\/kabugumda-baslangic-kirilmalar\/"},"modified":"2026-04-15T03:44:38","modified_gmt":"2026-04-15T00:44:38","slug":"kabugumda-baslangic-kirilmalar","status":"publish","type":"product","link":"https:\/\/roveyayinevi.com.tr\/index.php\/urun\/kabugumda-baslangic-kirilmalar\/","title":{"rendered":"Kabu\u011fumda Ba\u015flang\u0131\u00e7 K\u0131r\u0131lmalar"},"content":{"rendered":"<p>Herkesin bir kabu\u011fu vard\u0131r. Kimi kabu\u011funda g\u00fcvende hisseder, kimi ise o kabu\u011fun a\u011f\u0131rl\u0131\u011f\u0131 alt\u0131nda sessizce t\u00fckenir. Hayat d\u0131\u015far\u0131dan bak\u0131ld\u0131\u011f\u0131nda d\u00fczenli, sorunsuz ve \u201ctam\u201d g\u00f6r\u00fcnebilir. Ama i\u00e7imizde hep o ad\u0131 konmam\u0131\u015f bo\u015fluk f\u0131s\u0131ldar: \u201cBen kimim? Nereye gidiyorum? Bu muydu hayalini kurdu\u011fum hayat?\u201d Bir g\u00fcn, ans\u0131z\u0131n kar\u015f\u0131m\u0131za \u00e7\u0131kan k\u00fc\u00e7\u00fcc\u00fck bir i\u015faret, bir salyangoz, bir dostun s\u00f6z\u00fc, bir yabanc\u0131n\u0131n bak\u0131\u015f\u0131 o sessizli\u011fi bozar. Ve o an, i\u00e7imizde y\u0131llard\u0131r susturdu\u011fumuz ses y\u00fckselmeye ba\u015flar. Kabu\u011fumda Ba\u015flang\u0131\u00e7, g\u00f6r\u00fcnmez yaralar\u0131, hayat\u0131n rutinleri i\u00e7inde s\u0131k\u0131\u015fm\u0131\u015f ruhlar\u0131 ve kabu\u011funu k\u0131rmaya cesaret edenlerin hik\u00e2yesini anlat\u0131yor. Her sat\u0131r\u0131nda, \u201cBen de buraday\u0131m\u201d demek isteyenlere f\u0131s\u0131ldayan bir yolculuk\u2026 Belki de s\u0131ra sende: Kendi kabu\u011funu k\u0131rmaya haz\u0131r m\u0131s\u0131n?<\/p>\n","protected":false},"excerpt":{"rendered":"<p>Herkesin bir kabu\u011fu vard\u0131r. Kimi kabu\u011funda g\u00fcvende hisseder, kimi ise o kabu\u011fun a\u011f\u0131rl\u0131\u011f\u0131 alt\u0131nda sessizce t\u00fckenir. Hayat d\u0131\u015far\u0131dan bak\u0131ld\u0131\u011f\u0131nda d\u00fczenli, sorunsuz ve \u201ctam\u201d g\u00f6r\u00fcnebilir. Ama i\u00e7imizde<span class=\"excerpt-hellip\"> [\u2026]<\/span><\/p>\n","protected":false},"featured_media":0,"template":"","meta":{"_monsterinsights_skip_tracking":false,"_monsterinsights_sitenote_active":false,"_monsterinsights_sitenote_note":"","_monsterinsights_sitenote_category":0},"product_brand":[],"product_cat":[12291,12711],"product_tag":[],"class_list":{"0":"post-779868","1":"product","2":"type-product","3":"status-publish","5":"product_cat-edebiyat","6":"product_cat-roman-oyku","7":"pa_cilt-ciltsiz","8":"pa_tur-kitap","9":"pa_yayinevi-theseus-yayinevi","10":"pa_yazar-mine-otyakmaz","12":"first","13":"instock","14":"sale","15":"shipping-taxable","16":"purchasable","17":"product-type-simple"},"_links":{"self":[{"href":"https:\/\/roveyayinevi.com.tr\/index.php\/wp-json\/wp\/v2\/product\/779868","targetHints":{"allow":["GET"]}}],"collection":[{"href":"https:\/\/roveyayinevi.com.tr\/index.php\/wp-json\/wp\/v2\/product"}],"about":[{"href":"https:\/\/roveyayinevi.com.tr\/index.php\/wp-json\/wp\/v2\/types\/product"}],"wp:attachment":[{"href":"https:\/\/roveyayinevi.com.tr\/index.php\/wp-json\/wp\/v2\/media?parent=779868"}],"wp:term":[{"taxonomy":"product_brand","embeddable":true,"href":"https:\/\/roveyayinevi.com.tr\/index.php\/wp-json\/wp\/v2\/product_brand?post=779868"},{"taxonomy":"product_cat","embeddable":true,"href":"https:\/\/roveyayinevi.com.tr\/index.php\/wp-json\/wp\/v2\/product_cat?post=779868"},{"taxonomy":"product_tag","embeddable":true,"href":"https:\/\/roveyayinevi.com.tr\/index.php\/wp-json\/wp\/v2\/product_tag?post=779868"}],"curies":[{"name":"wp","href":"https:\/\/api.w.org\/{rel}","templated":true}]}}