{"id":779866,"date":"2025-12-30T12:14:30","date_gmt":"2025-12-30T09:14:30","guid":{"rendered":"https:\/\/roveyayinevi.com.tr\/index.php\/urun\/menry-kok-atalar\/"},"modified":"2026-04-15T03:44:22","modified_gmt":"2026-04-15T00:44:22","slug":"menry-kok-atalar","status":"publish","type":"product","link":"https:\/\/roveyayinevi.com.tr\/index.php\/urun\/menry-kok-atalar\/","title":{"rendered":"Menry \u2013 K\u00f6k Atalar"},"content":{"rendered":"<p>1579 y\u0131l\u0131nda, Osmanl\u0131 saray\u0131n\u0131n \u00fczerinde bir \u0131\u015f\u0131k belirdi. G\u00fcm\u00fc\u015f renkli bir disk, Nazperver Hatun\u2019u mavi bir \u0131\u015f\u0131\u011f\u0131n i\u00e7inde bilinmeyene ta\u015f\u0131d\u0131. Olay \u00f6rtbas edildi fakat g\u00f6ky\u00fcz\u00fc hi\u00e7bir s\u0131rr\u0131 sonsuza dek saklamaz. Y\u00fczy\u0131llar sonra Van\u2019a d\u00fc\u015fen gizemli cisim, ayn\u0131 s\u0131rr\u0131 yeniden g\u00fcn y\u00fcz\u00fcne \u00e7\u0131kar\u0131r. Mill\u00ee \u0130stihbarat Te\u015fkilat\u0131\u2019n\u0131n derin koridorlar\u0131nda ba\u015flayan ara\u015ft\u0131rmalar, insanl\u0131kla \u201ciki G\u00fcne\u015f\u2019li\u201d bir d\u00fcnya aras\u0131nda yap\u0131lacak tehlikeli bir takas\u0131n kap\u0131s\u0131n\u0131 aralar. Astrobiyolog Dr. Leyla Arslan r\u00fcyalar\u0131nda kay\u0131p cariyeyi g\u00f6r\u00fcrken; Binba\u015f\u0131 Emir Kaya sadakat ile ku\u015fku aras\u0131ndaki ince \u00e7izgide y\u00fcr\u00fcmek zorunda kal\u0131r. \u201cAlaz\u201d ad\u0131n\u0131 verdikleri d\u00fcnya d\u0131\u015f\u0131 varl\u0131k ise anla\u015f\u0131lmas\u0131 g\u00fc\u00e7 bir yaz\u0131 diliyle insanl\u0131\u011fa sonu bilinmeyen bir teklif sunar: TAKAS. Ama her takas bir bedel ister. Ve her s\u0131r, bir ihaneti i\u00e7inde saklar. Tarihin g\u00f6lgesinden uzay\u0131n derinliklerine uzanan bu ilk temas hik\u00e2yesi, T\u00fcrkiye\u2019nin kaderini yeniden yazacak destans\u0131 bir bilim kurgu roman\u0131d\u0131r.<\/p>\n","protected":false},"excerpt":{"rendered":"<p>1579 y\u0131l\u0131nda, Osmanl\u0131 saray\u0131n\u0131n \u00fczerinde bir \u0131\u015f\u0131k belirdi. G\u00fcm\u00fc\u015f renkli bir disk, Nazperver Hatun\u2019u mavi bir \u0131\u015f\u0131\u011f\u0131n i\u00e7inde bilinmeyene ta\u015f\u0131d\u0131. Olay \u00f6rtbas edildi fakat g\u00f6ky\u00fcz\u00fc hi\u00e7bir<span class=\"excerpt-hellip\"> [\u2026]<\/span><\/p>\n","protected":false},"featured_media":0,"template":"","meta":{"_monsterinsights_skip_tracking":false,"_monsterinsights_sitenote_active":false,"_monsterinsights_sitenote_note":"","_monsterinsights_sitenote_category":0},"product_brand":[],"product_cat":[12540,12291],"product_tag":[],"class_list":{"0":"post-779866","1":"product","2":"type-product","3":"status-publish","5":"product_cat-bilim-kurgu","6":"product_cat-edebiyat","7":"pa_cilt-ciltsiz","8":"pa_tur-kitap","9":"pa_yayinevi-elpis-yayinlari","10":"pa_yazar-kaan-sivkin","12":"first","13":"instock","14":"sale","15":"shipping-taxable","16":"purchasable","17":"product-type-simple"},"_links":{"self":[{"href":"https:\/\/roveyayinevi.com.tr\/index.php\/wp-json\/wp\/v2\/product\/779866","targetHints":{"allow":["GET"]}}],"collection":[{"href":"https:\/\/roveyayinevi.com.tr\/index.php\/wp-json\/wp\/v2\/product"}],"about":[{"href":"https:\/\/roveyayinevi.com.tr\/index.php\/wp-json\/wp\/v2\/types\/product"}],"wp:attachment":[{"href":"https:\/\/roveyayinevi.com.tr\/index.php\/wp-json\/wp\/v2\/media?parent=779866"}],"wp:term":[{"taxonomy":"product_brand","embeddable":true,"href":"https:\/\/roveyayinevi.com.tr\/index.php\/wp-json\/wp\/v2\/product_brand?post=779866"},{"taxonomy":"product_cat","embeddable":true,"href":"https:\/\/roveyayinevi.com.tr\/index.php\/wp-json\/wp\/v2\/product_cat?post=779866"},{"taxonomy":"product_tag","embeddable":true,"href":"https:\/\/roveyayinevi.com.tr\/index.php\/wp-json\/wp\/v2\/product_tag?post=779866"}],"curies":[{"name":"wp","href":"https:\/\/api.w.org\/{rel}","templated":true}]}}