{"id":779865,"date":"2025-12-30T12:14:27","date_gmt":"2025-12-30T09:14:27","guid":{"rendered":"https:\/\/roveyayinevi.com.tr\/index.php\/urun\/icimizdeki-bosluklar\/"},"modified":"2026-04-15T03:44:22","modified_gmt":"2026-04-15T00:44:22","slug":"icimizdeki-bosluklar","status":"publish","type":"product","link":"https:\/\/roveyayinevi.com.tr\/index.php\/urun\/icimizdeki-bosluklar\/","title":{"rendered":"\u0130\u00e7imizdeki Bo\u015fluklar"},"content":{"rendered":"<p>Hayat, bazen i\u00e7imizde doldurulmam\u0131\u015f bo\u015fluklarla \u015fekillenir. \u00c7etin \u00c7atak, \u0130\u00e7imizdeki Bo\u015fluklar\u2019da \u00e7ocukluk an\u0131lar\u0131ndan aile ba\u011flar\u0131na, g\u00f6\u00e7 yolculu\u011fundan \u015fehir hayat\u0131n\u0131n yaln\u0131zl\u0131klar\u0131na kadar bir \u00f6mr\u00fcn izlerini okura sunuyor. Babas\u0131n\u0131n suskun \u00e7\u0131\u011fl\u0131klar\u0131n\u0131, annesinin sessizli\u011fini, k\u00f6y\u00fcn saf s\u0131cakl\u0131\u011f\u0131n\u0131 ve b\u00fcy\u00fck \u015fehrin yabanc\u0131 y\u00fczlerini anlat\u0131rken asl\u0131nda hepimizin kalbine dokunan bir hik\u00e2ye \u00f6r\u00fcyor. Bu kitap, sadece bir otobiyografi de\u011fil; kaybolmu\u015f sevgilerin, yar\u0131m kalm\u0131\u015f c\u00fcmlelerin, eksik tamamlanmam\u0131\u015f hayatlar\u0131n i\u00e7imizde nas\u0131l yank\u0131land\u0131\u011f\u0131n\u0131 hat\u0131rlatan bir \u00e7a\u011fr\u0131. Okurken kendi ailenizin, kendi \u00e7ocuklu\u011funuzun, kendi bo\u015fluklar\u0131n\u0131z\u0131n izlerini bulacaks\u0131n\u0131z.<\/p>\n","protected":false},"excerpt":{"rendered":"<p>Hayat, bazen i\u00e7imizde doldurulmam\u0131\u015f bo\u015fluklarla \u015fekillenir. \u00c7etin \u00c7atak, \u0130\u00e7imizdeki Bo\u015fluklar\u2019da \u00e7ocukluk an\u0131lar\u0131ndan aile ba\u011flar\u0131na, g\u00f6\u00e7 yolculu\u011fundan \u015fehir hayat\u0131n\u0131n yaln\u0131zl\u0131klar\u0131na kadar bir \u00f6mr\u00fcn izlerini okura sunuyor. Babas\u0131n\u0131n<span class=\"excerpt-hellip\"> [\u2026]<\/span><\/p>\n","protected":false},"featured_media":0,"template":"","meta":{"_monsterinsights_skip_tracking":false,"_monsterinsights_sitenote_active":false,"_monsterinsights_sitenote_note":"","_monsterinsights_sitenote_category":0},"product_brand":[],"product_cat":[12291,12711],"product_tag":[],"class_list":{"0":"post-779865","1":"product","2":"type-product","3":"status-publish","5":"product_cat-edebiyat","6":"product_cat-roman-oyku","7":"pa_cilt-ciltsiz","8":"pa_tur-kitap","9":"pa_yayinevi-perseus","10":"pa_yazar-cetin-catak","12":"first","13":"instock","14":"sale","15":"shipping-taxable","16":"purchasable","17":"product-type-simple"},"_links":{"self":[{"href":"https:\/\/roveyayinevi.com.tr\/index.php\/wp-json\/wp\/v2\/product\/779865","targetHints":{"allow":["GET"]}}],"collection":[{"href":"https:\/\/roveyayinevi.com.tr\/index.php\/wp-json\/wp\/v2\/product"}],"about":[{"href":"https:\/\/roveyayinevi.com.tr\/index.php\/wp-json\/wp\/v2\/types\/product"}],"wp:attachment":[{"href":"https:\/\/roveyayinevi.com.tr\/index.php\/wp-json\/wp\/v2\/media?parent=779865"}],"wp:term":[{"taxonomy":"product_brand","embeddable":true,"href":"https:\/\/roveyayinevi.com.tr\/index.php\/wp-json\/wp\/v2\/product_brand?post=779865"},{"taxonomy":"product_cat","embeddable":true,"href":"https:\/\/roveyayinevi.com.tr\/index.php\/wp-json\/wp\/v2\/product_cat?post=779865"},{"taxonomy":"product_tag","embeddable":true,"href":"https:\/\/roveyayinevi.com.tr\/index.php\/wp-json\/wp\/v2\/product_tag?post=779865"}],"curies":[{"name":"wp","href":"https:\/\/api.w.org\/{rel}","templated":true}]}}