{"id":779863,"date":"2025-12-30T12:14:23","date_gmt":"2025-12-30T09:14:23","guid":{"rendered":"https:\/\/roveyayinevi.com.tr\/index.php\/urun\/kuzey-afrika-halk-ayaklanmalari\/"},"modified":"2026-04-15T03:44:22","modified_gmt":"2026-04-15T00:44:22","slug":"kuzey-afrika-halk-ayaklanmalari","status":"publish","type":"product","link":"https:\/\/roveyayinevi.com.tr\/index.php\/urun\/kuzey-afrika-halk-ayaklanmalari\/","title":{"rendered":"Kuzey Afrika Halk Ayaklanmalar\u0131"},"content":{"rendered":"<p>Burada s\u00f6z konusu ayaklanmalar\u0131n sonu\u00e7lar\u0131n\u0131n analizinden ziyade bu ayaklanmalar\u0131n sonucunda jeopolitik a\u00e7\u0131dan de\u011fi\u015fimin olup olmad\u0131\u011f\u0131 \u00fczerinde duraca\u011f\u0131z. Ama \u00f6ncelikle bu ayaklanmalar\u0131n devrim olarak tan\u0131mlanmas\u0131n\u0131n yanl\u0131\u015f oldu\u011funu belirtelim. Devrim, bu kadar \u00f6rg\u00fcts\u00fczl\u00fck i\u00e7inde, bu kadar kendili\u011findenci bir geli\u015fme olamaz. Devrim bu kadar \u201cucuz\u201d olamaz. Bu ayaklanmalar\u0131 en fazlas\u0131yla devrimci s\u00fcrecin yans\u0131mas\u0131 olarak g\u00f6rebiliriz. Bu bir yana. Bu ayaklanmalara ba\u011fl\u0131 olarak ortaya \u00e7\u0131kan ve cevapland\u0131r\u0131lmas\u0131 gereken baz\u0131 sorular var: Bu ayaklanmalar sonucunda b\u00f6lgedeki jeopolitika de\u011fi\u015fmi\u015f midir? Yeni bir jeopolitika i\u00e7in maddi ko\u015fullar olu\u015fmu\u015f mudur? Amerikan emperyalizmi b\u00f6lge \u00fczerindeki belirleyici n\u00fcfuzunu koruyor mu? B\u00f6lge \u00fczerinde Rusya&#8217;n\u0131n ve \u00c7in&#8217;in n\u00fcfuzu art\u0131yor mu? Bu ayaklanmalar petrol ve do\u011fal gaza eri\u015fimi, \u00fcretim ve d\u00fcnya pazarlar\u0131na sevkiyat\u0131n\u0131 (boru hatlar\u0131) nas\u0131l etkiledi veya etkileyecek? \u0130ran, Bat\u0131 d\u00fcnyas\u0131ndan (ABD, AB) gelen bask\u0131lara kar\u015f\u0131 koymaya devam edebilecek mi? Rusya ve \u00c7in ne \u00f6l\u00e7\u00fcde \u0130ran&#8217;\u0131 desteklemeye devam edebilirler? T\u00fcrkiye&#8217;nin Ortado\u011fu&#8217;daki rol\u00fc ne olabilir? <\/p>\n","protected":false},"excerpt":{"rendered":"<p>Burada s\u00f6z konusu ayaklanmalar\u0131n sonu\u00e7lar\u0131n\u0131n analizinden ziyade bu ayaklanmalar\u0131n sonucunda jeopolitik a\u00e7\u0131dan de\u011fi\u015fimin olup olmad\u0131\u011f\u0131 \u00fczerinde duraca\u011f\u0131z. Ama \u00f6ncelikle bu ayaklanmalar\u0131n devrim olarak tan\u0131mlanmas\u0131n\u0131n yanl\u0131\u015f oldu\u011funu<span class=\"excerpt-hellip\"> [\u2026]<\/span><\/p>\n","protected":false},"featured_media":0,"template":"","meta":{"_monsterinsights_skip_tracking":false,"_monsterinsights_sitenote_active":false,"_monsterinsights_sitenote_note":"","_monsterinsights_sitenote_category":0},"product_brand":[],"product_cat":[12337],"product_tag":[],"class_list":{"0":"post-779863","1":"product","2":"type-product","3":"status-publish","5":"product_cat-politika-siyaset","6":"pa_cilt-ciltsiz","7":"pa_tur-kitap","8":"pa_yayinevi-toz-yayinlari","9":"pa_yazar-ibrahim-okcuoglu","11":"first","12":"instock","13":"sale","14":"shipping-taxable","15":"purchasable","16":"product-type-simple"},"_links":{"self":[{"href":"https:\/\/roveyayinevi.com.tr\/index.php\/wp-json\/wp\/v2\/product\/779863","targetHints":{"allow":["GET"]}}],"collection":[{"href":"https:\/\/roveyayinevi.com.tr\/index.php\/wp-json\/wp\/v2\/product"}],"about":[{"href":"https:\/\/roveyayinevi.com.tr\/index.php\/wp-json\/wp\/v2\/types\/product"}],"wp:attachment":[{"href":"https:\/\/roveyayinevi.com.tr\/index.php\/wp-json\/wp\/v2\/media?parent=779863"}],"wp:term":[{"taxonomy":"product_brand","embeddable":true,"href":"https:\/\/roveyayinevi.com.tr\/index.php\/wp-json\/wp\/v2\/product_brand?post=779863"},{"taxonomy":"product_cat","embeddable":true,"href":"https:\/\/roveyayinevi.com.tr\/index.php\/wp-json\/wp\/v2\/product_cat?post=779863"},{"taxonomy":"product_tag","embeddable":true,"href":"https:\/\/roveyayinevi.com.tr\/index.php\/wp-json\/wp\/v2\/product_tag?post=779863"}],"curies":[{"name":"wp","href":"https:\/\/api.w.org\/{rel}","templated":true}]}}