{"id":779862,"date":"2025-12-30T12:14:20","date_gmt":"2025-12-30T09:14:20","guid":{"rendered":"https:\/\/roveyayinevi.com.tr\/index.php\/urun\/sosyalizm-uzerine-sorular\/"},"modified":"2026-04-15T03:44:22","modified_gmt":"2026-04-15T00:44:22","slug":"sosyalizm-uzerine-sorular","status":"publish","type":"product","link":"https:\/\/roveyayinevi.com.tr\/index.php\/urun\/sosyalizm-uzerine-sorular\/","title":{"rendered":"Sosyalizm \u00dczerine Sorular"},"content":{"rendered":"<p>Sosyalizm \u00fczerine sorulan sorular\u0131n toplam\u0131 olduk\u00e7a kabar\u0131k. Bunlar bazen ayr\u0131nt\u0131l\u0131 a\u00e7\u0131klamalar\u0131 gerekli k\u0131lan, bazen birka\u00e7 c\u00fcmleyle cevaplad\u0131r\u0131labilen sorular. Bazen de sorunun ideolojik yan\u0131n\u0131 \u00f6n plana \u00e7\u0131kartan sorular. Bu sorular y\u0131\u011f\u0131n\u0131 i\u00e7inde, sorunun ideolojik yan\u0131n\u0131 \u00f6n plana \u00e7\u0131kartan sorulara birka\u00e7 ba\u015fl\u0131k alt\u0131nda cevap vermeye \u00e7al\u0131\u015faca\u011f\u0131m. Bu konuda en \u00e7ok sorulan sorular\u0131 \u015fu ba\u015fl\u0131klar alt\u0131nda toparlayabiliriz: -20. y\u00fczy\u0131l ve 21. y\u00fczy\u0131l sosyalizmi ne demek? -Tro\u00e7kizm\u2019le sosyalizmin in\u015fas\u0131 \u00fczerine tart\u0131\u015f\u0131labilinir mi? -Marksizm-Leninizm ve Tro\u00e7kizm\u2019in sosyalizm ve in\u015fas\u0131 \u00fczerine g\u00f6r\u00fc\u015fleri nedir? <\/p>\n","protected":false},"excerpt":{"rendered":"<p>Sosyalizm \u00fczerine sorulan sorular\u0131n toplam\u0131 olduk\u00e7a kabar\u0131k. Bunlar bazen ayr\u0131nt\u0131l\u0131 a\u00e7\u0131klamalar\u0131 gerekli k\u0131lan, bazen birka\u00e7 c\u00fcmleyle cevaplad\u0131r\u0131labilen sorular. Bazen de sorunun ideolojik yan\u0131n\u0131 \u00f6n plana \u00e7\u0131kartan<span class=\"excerpt-hellip\"> [\u2026]<\/span><\/p>\n","protected":false},"featured_media":0,"template":"","meta":{"_monsterinsights_skip_tracking":false,"_monsterinsights_sitenote_active":false,"_monsterinsights_sitenote_note":"","_monsterinsights_sitenote_category":0},"product_brand":[],"product_cat":[13059,12337],"product_tag":[],"class_list":{"0":"post-779862","1":"product","2":"type-product","3":"status-publish","5":"product_cat-diger-politika-siyaset","6":"product_cat-politika-siyaset","7":"pa_cilt-ciltsiz","8":"pa_tur-kitap","9":"pa_yayinevi-toz-yayinlari","10":"pa_yazar-ibrahim-okcuoglu","12":"first","13":"instock","14":"sale","15":"shipping-taxable","16":"purchasable","17":"product-type-simple"},"_links":{"self":[{"href":"https:\/\/roveyayinevi.com.tr\/index.php\/wp-json\/wp\/v2\/product\/779862","targetHints":{"allow":["GET"]}}],"collection":[{"href":"https:\/\/roveyayinevi.com.tr\/index.php\/wp-json\/wp\/v2\/product"}],"about":[{"href":"https:\/\/roveyayinevi.com.tr\/index.php\/wp-json\/wp\/v2\/types\/product"}],"wp:attachment":[{"href":"https:\/\/roveyayinevi.com.tr\/index.php\/wp-json\/wp\/v2\/media?parent=779862"}],"wp:term":[{"taxonomy":"product_brand","embeddable":true,"href":"https:\/\/roveyayinevi.com.tr\/index.php\/wp-json\/wp\/v2\/product_brand?post=779862"},{"taxonomy":"product_cat","embeddable":true,"href":"https:\/\/roveyayinevi.com.tr\/index.php\/wp-json\/wp\/v2\/product_cat?post=779862"},{"taxonomy":"product_tag","embeddable":true,"href":"https:\/\/roveyayinevi.com.tr\/index.php\/wp-json\/wp\/v2\/product_tag?post=779862"}],"curies":[{"name":"wp","href":"https:\/\/api.w.org\/{rel}","templated":true}]}}