{"id":779860,"date":"2025-12-30T12:14:16","date_gmt":"2025-12-30T09:14:16","guid":{"rendered":"https:\/\/roveyayinevi.com.tr\/index.php\/urun\/isci-sinifi-kendi-hikayesini-nasil-yazacak\/"},"modified":"2026-04-15T03:44:22","modified_gmt":"2026-04-15T00:44:22","slug":"isci-sinifi-kendi-hikayesini-nasil-yazacak","status":"publish","type":"product","link":"https:\/\/roveyayinevi.com.tr\/index.php\/urun\/isci-sinifi-kendi-hikayesini-nasil-yazacak\/","title":{"rendered":"\u0130\u015f\u00e7i S\u0131n\u0131f\u0131 Kendi Hikayesini Nas\u0131l Yazacak?"},"content":{"rendered":"<p>\u0130spanya\u2019ya \u00e7\u0131kt\u0131\u011f\u0131nda, Tar\u0131k Bin Ziyad b\u00fct\u00fcn gemileri yakt\u0131rm\u0131\u015f ve askerlerine \u015f\u00f6yle seslenmi\u015fti: \u201cArkan\u0131zda d\u00fc\u015fman gibi deniz, \u00f6n\u00fcn\u00fczde deniz gibi d\u00fc\u015fman. Nereye ka\u00e7acaks\u0131n\u0131z? Vallahi sizin i\u00e7in ancak sadakat ve sab\u0131r kalm\u0131\u015ft\u0131r. D\u00fc\u015fman\u0131n silah\u0131, te\u00e7hizat\u0131 ve erzak\u0131 boldur. Sizin silah olarak ancak k\u0131l\u0131\u00e7lar\u0131n\u0131z, erzak olarak da d\u00fc\u015fman\u0131n elinden sahip olabilece\u011finiz vard\u0131r.\u201d Yap\u0131lan tahribat, ideolojik yozla\u015fma ve zafiyet g\u00f6z \u00f6n\u00fcnde tutularak Tar\u0131k Bin Ziyad\u2019\u0131n bu s\u00f6z\u00fc \u015f\u00f6yle de do\u011frulan\u0131r: Ey Marksizm-Leninizm, arkanda d\u00fc\u015fman gibi Post-Marksizm, \u00f6n\u00fcnde Tro\u00e7kizm gibi d\u00fc\u015fman. Nereye ka\u00e7acaks\u0131n? Bu d\u00fc\u015fmanlar\u0131n silah, te\u00e7hizat ve erzak anlam\u0131nda hileleri, entrikalar\u0131, yalanlar\u0131, al\u00e7akl\u0131\u011f\u0131, ihaneti boldur. Senin elinde sadece ideolojik duru\u015fun var (d\u0131). Bir sene, be\u015f sene, 10 sene, 15 sene, 20 sene tart\u0131\u015fma ad\u0131na ba\u015fka ideolojilerle; s\u0131n\u0131f d\u00fc\u015fman\u0131 ideolojilerle birlikteli\u011fi sab\u0131rla s\u00fcrd\u00fcrd\u00fcn. Art\u0131k ne ka\u00e7acak yer ne de mazeret kalm\u0131\u015ft\u0131r!.. <\/p>\n","protected":false},"excerpt":{"rendered":"<p>\u0130spanya\u2019ya \u00e7\u0131kt\u0131\u011f\u0131nda, Tar\u0131k Bin Ziyad b\u00fct\u00fcn gemileri yakt\u0131rm\u0131\u015f ve askerlerine \u015f\u00f6yle seslenmi\u015fti: \u201cArkan\u0131zda d\u00fc\u015fman gibi deniz, \u00f6n\u00fcn\u00fczde deniz gibi d\u00fc\u015fman. Nereye ka\u00e7acaks\u0131n\u0131z? Vallahi sizin i\u00e7in ancak<span class=\"excerpt-hellip\"> [\u2026]<\/span><\/p>\n","protected":false},"featured_media":0,"template":"","meta":{"_monsterinsights_skip_tracking":false,"_monsterinsights_sitenote_active":false,"_monsterinsights_sitenote_note":"","_monsterinsights_sitenote_category":0},"product_brand":[],"product_cat":[12337],"product_tag":[],"class_list":{"0":"post-779860","1":"product","2":"type-product","3":"status-publish","5":"product_cat-politika-siyaset","6":"pa_cilt-ciltsiz","7":"pa_tur-kitap","8":"pa_yayinevi-toz-yayinlari","9":"pa_yazar-ibrahim-okcuoglu","11":"first","12":"instock","13":"sale","14":"shipping-taxable","15":"purchasable","16":"product-type-simple"},"_links":{"self":[{"href":"https:\/\/roveyayinevi.com.tr\/index.php\/wp-json\/wp\/v2\/product\/779860","targetHints":{"allow":["GET"]}}],"collection":[{"href":"https:\/\/roveyayinevi.com.tr\/index.php\/wp-json\/wp\/v2\/product"}],"about":[{"href":"https:\/\/roveyayinevi.com.tr\/index.php\/wp-json\/wp\/v2\/types\/product"}],"wp:attachment":[{"href":"https:\/\/roveyayinevi.com.tr\/index.php\/wp-json\/wp\/v2\/media?parent=779860"}],"wp:term":[{"taxonomy":"product_brand","embeddable":true,"href":"https:\/\/roveyayinevi.com.tr\/index.php\/wp-json\/wp\/v2\/product_brand?post=779860"},{"taxonomy":"product_cat","embeddable":true,"href":"https:\/\/roveyayinevi.com.tr\/index.php\/wp-json\/wp\/v2\/product_cat?post=779860"},{"taxonomy":"product_tag","embeddable":true,"href":"https:\/\/roveyayinevi.com.tr\/index.php\/wp-json\/wp\/v2\/product_tag?post=779860"}],"curies":[{"name":"wp","href":"https:\/\/api.w.org\/{rel}","templated":true}]}}