{"id":779859,"date":"2025-12-30T12:14:14","date_gmt":"2025-12-30T09:14:14","guid":{"rendered":"https:\/\/roveyayinevi.com.tr\/index.php\/urun\/post-marksist-tasfiyecilik-ezilenlerin-marksizmi\/"},"modified":"2026-04-15T03:44:22","modified_gmt":"2026-04-15T00:44:22","slug":"post-marksist-tasfiyecilik-ezilenlerin-marksizmi","status":"publish","type":"product","link":"https:\/\/roveyayinevi.com.tr\/index.php\/urun\/post-marksist-tasfiyecilik-ezilenlerin-marksizmi\/","title":{"rendered":"Post-Marksist Tasfiyecilik \u201cEzilenlerin Marksizmi\u201d"},"content":{"rendered":"<p>\u201cEzilenler\u201d ve  \u201cezilenlerin Marksizmi\u201d s\u0131k\u00e7a sorulan sorular\u0131n bir k\u0131sm\u0131n\u0131 olu\u015fturuyor. \u015eunu ba\u015ftan s\u00f6ylemek isterim (Ayr\u0131ca, sorulan \u00e7o\u011fu soru da bununla ilgilidir): D\u00fcn ve bug\u00fcn uluslararas\u0131 kom\u00fcnist hareketin; kom\u00fcnistlerin, Marksist-Leninistlerin, Marksist Leninist Kom\u00fcnistlerin d\u00fcnya g\u00f6r\u00fc\u015f\u00fcnde, teorisinde, \u201cezilenler\u201d ve \u201cezilenlerin Marksizmi\u201d kavramlar\u0131n\u0131n hi\u00e7bir zaman yeri olmam\u0131\u015ft\u0131r. Tabii bu, bundan sonra da yeri olmayaca\u011f\u0131 anlam\u0131na gelmez. Esas olan, kapitalizme kar\u015f\u0131 m\u00fccadelede s\u0131n\u0131fsal perspektifin s\u00fcrekli belirleyici olmas\u0131d\u0131r; de\u011fi\u015fmeyen budur. Ne bu m\u00fccadelede ne sosyalizmin kurulu\u015fu m\u00fccadelesinde ne de ideoloji olarak Marksizm-Leninizm\u2019de \u201cezilenler\u201din s\u0131n\u0131fsal i\u00e7erikli bir tarihsel misyonu vard\u0131r. S\u0131n\u0131f olmad\u0131klar\u0131 i\u00e7in b\u00f6yledir. Bu nedenle, \u201cezilenleri\u201d s\u0131n\u0131f yerine koyma \u00e7abas\u0131, Marksist s\u0131n\u0131f analizi konusunda tasfiyeciliktir. \u201cEzilenler\u201d kavram\u0131 en fazlas\u0131yla ajitasyon ve propaganda faaliyetlerinde kullan\u0131labilir ama bunun \u00f6tesinde bir anlam y\u00fcklenemez. Hele hele \u201cezilenlerin Marksizmi\u201d kavram\u0131n\u0131 ajitatif anlamda dahi kullanmak, resmen ideolojik tasfiyeciliktir. Birka\u00e7 makalede bu kavramlar\u0131 s\u0131n\u0131fsal ve ideolojik i\u00e7erikli kullananlar\u0131n kimler olduklar\u0131n\u0131 e hangi cephede Marksizm-Leninizm\u2019e kar\u015f\u0131 tasfiyecilik m\u00fccadelesi y\u00fcr\u00fctt\u00fcklerini g\u00f6stermeye, ayn\u0131 zamanda Post-Marksizmle ili\u015fkisinin ne oldu\u011funu a\u00e7\u0131klamaya \u00e7al\u0131\u015faca\u011f\u0131z ve Anadolu co\u011frafyas\u0131nda baz\u0131 yans\u0131ma bi\u00e7imlerini tan\u0131mlayaca\u011f\u0131z. Bu nedenle de Marksizmle ba\u011flam i\u00e7inde tarihte biraz gezinti yapaca\u011f\u0131z ve Marksizm diye diye Marksizm\u2019i tasfiye etme y\u00f6ntemlerinden bahsedece\u011fiz. <\/p>\n","protected":false},"excerpt":{"rendered":"<p>\u201cEzilenler\u201d ve \u201cezilenlerin Marksizmi\u201d s\u0131k\u00e7a sorulan sorular\u0131n bir k\u0131sm\u0131n\u0131 olu\u015fturuyor. \u015eunu ba\u015ftan s\u00f6ylemek isterim (Ayr\u0131ca, sorulan \u00e7o\u011fu soru da bununla ilgilidir): D\u00fcn ve bug\u00fcn uluslararas\u0131 kom\u00fcnist<span class=\"excerpt-hellip\"> [\u2026]<\/span><\/p>\n","protected":false},"featured_media":0,"template":"","meta":{"_monsterinsights_skip_tracking":false,"_monsterinsights_sitenote_active":false,"_monsterinsights_sitenote_note":"","_monsterinsights_sitenote_category":0},"product_brand":[],"product_cat":[12337],"product_tag":[],"class_list":{"0":"post-779859","1":"product","2":"type-product","3":"status-publish","5":"product_cat-politika-siyaset","6":"pa_cilt-ciltsiz","7":"pa_tur-kitap","8":"pa_yayinevi-toz-yayinlari","9":"pa_yazar-ibrahim-okcuoglu","11":"first","12":"instock","13":"sale","14":"shipping-taxable","15":"purchasable","16":"product-type-simple"},"_links":{"self":[{"href":"https:\/\/roveyayinevi.com.tr\/index.php\/wp-json\/wp\/v2\/product\/779859","targetHints":{"allow":["GET"]}}],"collection":[{"href":"https:\/\/roveyayinevi.com.tr\/index.php\/wp-json\/wp\/v2\/product"}],"about":[{"href":"https:\/\/roveyayinevi.com.tr\/index.php\/wp-json\/wp\/v2\/types\/product"}],"wp:attachment":[{"href":"https:\/\/roveyayinevi.com.tr\/index.php\/wp-json\/wp\/v2\/media?parent=779859"}],"wp:term":[{"taxonomy":"product_brand","embeddable":true,"href":"https:\/\/roveyayinevi.com.tr\/index.php\/wp-json\/wp\/v2\/product_brand?post=779859"},{"taxonomy":"product_cat","embeddable":true,"href":"https:\/\/roveyayinevi.com.tr\/index.php\/wp-json\/wp\/v2\/product_cat?post=779859"},{"taxonomy":"product_tag","embeddable":true,"href":"https:\/\/roveyayinevi.com.tr\/index.php\/wp-json\/wp\/v2\/product_tag?post=779859"}],"curies":[{"name":"wp","href":"https:\/\/api.w.org\/{rel}","templated":true}]}}