{"id":779856,"date":"2025-12-30T12:14:09","date_gmt":"2025-12-30T09:14:09","guid":{"rendered":"https:\/\/roveyayinevi.com.tr\/index.php\/urun\/sanik-the-perpetrato\/"},"modified":"2026-04-15T03:44:22","modified_gmt":"2026-04-15T00:44:22","slug":"sanik-the-perpetrato","status":"publish","type":"product","link":"https:\/\/roveyayinevi.com.tr\/index.php\/urun\/sanik-the-perpetrato\/","title":{"rendered":"San\u0131k &#8211; The Perpetrato"},"content":{"rendered":"<p>I\u0307srail\u2019de Netanyahu y\u00f6netiminin Gazze S\u0327eridi\u2019ndeki sivillere y\u00f6nelik hi\u00e7bir ahlaki, insani ve yasal s\u0131n\u0131r tan\u0131mayan, soyk\u0131r\u0131m boyutlar\u0131 kazand\u0131g\u0306\u0131 uluslararas\u0131 yarg\u0131 mercileri taraf\u0131ndan da tescillenen sald\u0131r\u0131lar\u0131 kadar, hatta belki bundan daha fazla dehs\u0327et ve endis\u0327e verici olan husus, uluslararas\u0131 camian\u0131n 7 Ekim 2023 tarihinden beri aral\u0131ks\u0131z devam eden bu s\u0327iddet kars\u0327\u0131s\u0131ndaki sessizlig\u0306i ve kay\u0131ts\u0131zl\u0131g\u0306\u0131 oldu.\u00c7og\u0306u \u00e7ocuk ve kad\u0131n, \u00fczerlerine yag\u0306an bombalardan ka\u00e7arak derme \u00e7atma \u00e7ad\u0131rlara s\u0131g\u0306\u0131nan, a\u00e7l\u0131g\u0306a mahk\u00fbm edilen, bu defa s\u0131g\u0306\u0131nd\u0131klar\u0131 \u00e7ad\u0131rlarda hedef al\u0131narak \u00f6ld\u00fcr\u00fc- len, yak\u0131lan, sakat b\u0131rak\u0131lan Filistinlilerin \u00e7\u0131g\u0306l\u0131klar\u0131, \u201c\u00f6zg\u00fcr ve uygar d\u00fcnyan\u0131n\u201d dikkatini \u00e7ekmedi. S\u0327iddetin dozu artt\u0131k\u00e7a koyulas\u0327an bu sessizlik ve kay\u0131ts\u0131zl\u0131k, Netanyahu h\u00fck\u00fbmetinin daha c\u00fcretk\u00e2r davranmas\u0131na ve bunun sonucu olarak yeni katliamlara zemin haz\u0131rlad\u0131.Anadolu Ajans\u0131n\u0131n KANIT ve TANIK\u2019tan sonra Gazze soyk\u0131r\u0131m\u0131na dair \u00fc\u00e7lemenin son halkas\u0131 olarak yay\u0131mlad\u0131g\u0306\u0131 SANIK ile bir su\u00e7 dosyas\u0131 b\u00fct\u00fcn unsurlar\u0131yla tamamlanm\u0131s\u0327 oluyor. SANIK, \u00f6ncelikle Gazze\u2019deki s\u0327iddet ve y\u0131k\u0131mdan birinci derecede sorumlu olan Netanyahu y\u00f6netimine odaklan\u0131yor; baz\u0131lar\u0131 I\u0307srail yasalar\u0131na g\u00f6re de su\u00e7lu olan fanatik isimlerden tes\u0327ekk\u00fcl etmis\u0327 bu y\u00f6netimin, \u00e7ocuklar\u0131n \u00f6ld\u00fcr\u00fclmesini, sivil halka ait meskenlerin yerle bir edilmesini, ag\u0306a\u00e7lar\u0131n yak\u0131lmas\u0131n\u0131 dahi bir kazan\u0131m ve zafer olarak g\u00f6ren hastal\u0131kl\u0131 zihniyetini b\u00fct\u00fcn karanl\u0131g\u0306\u0131yla ortaya koyuyor. Sag\u0306lad\u0131klar\u0131 asker\u00ee ve siyasi destekle Netanyahu h\u00fck\u00fbmetinin katliam makinesini is\u0327ler h\u00e2lde tutan, politika- dan is\u0327 d\u00fcnyas\u0131na, akademiden k\u00fclt\u00fcr sanat d\u00fcnyas\u0131na kadar, soyk\u0131r\u0131mla dog\u0306rudan ve dolayl\u0131 bag\u0306lant\u0131s\u0131 olan b\u00fct\u00fcn \u00e7evreleri, bir g\u00fcn bu utan\u00e7la y\u00fczles\u0327erek hesap verecekleri umudu ve kararl\u0131l\u0131g\u0306\u0131yla kayda ge\u00e7iriyor. <\/p>\n","protected":false},"excerpt":{"rendered":"<p>I\u0307srail\u2019de Netanyahu y\u00f6netiminin Gazze S\u0327eridi\u2019ndeki sivillere y\u00f6nelik hi\u00e7bir ahlaki, insani ve yasal s\u0131n\u0131r tan\u0131mayan, soyk\u0131r\u0131m boyutlar\u0131 kazand\u0131g\u0306\u0131 uluslararas\u0131 yarg\u0131 mercileri taraf\u0131ndan da tescillenen sald\u0131r\u0131lar\u0131 kadar, hatta<span class=\"excerpt-hellip\"> [\u2026]<\/span><\/p>\n","protected":false},"featured_media":0,"template":"","meta":{"_monsterinsights_skip_tracking":false,"_monsterinsights_sitenote_active":false,"_monsterinsights_sitenote_note":"","_monsterinsights_sitenote_category":0},"product_brand":[],"product_cat":[12337],"product_tag":[],"class_list":{"0":"post-779856","1":"product","2":"type-product","3":"status-publish","5":"product_cat-politika-siyaset","6":"pa_cilt-ciltsiz","7":"pa_tur-kitap","8":"pa_yayinevi-anadolu-ajansi-yayinevi","9":"pa_yazar-kolektif","11":"first","12":"instock","13":"sale","14":"shipping-taxable","15":"purchasable","16":"product-type-simple"},"_links":{"self":[{"href":"https:\/\/roveyayinevi.com.tr\/index.php\/wp-json\/wp\/v2\/product\/779856","targetHints":{"allow":["GET"]}}],"collection":[{"href":"https:\/\/roveyayinevi.com.tr\/index.php\/wp-json\/wp\/v2\/product"}],"about":[{"href":"https:\/\/roveyayinevi.com.tr\/index.php\/wp-json\/wp\/v2\/types\/product"}],"wp:attachment":[{"href":"https:\/\/roveyayinevi.com.tr\/index.php\/wp-json\/wp\/v2\/media?parent=779856"}],"wp:term":[{"taxonomy":"product_brand","embeddable":true,"href":"https:\/\/roveyayinevi.com.tr\/index.php\/wp-json\/wp\/v2\/product_brand?post=779856"},{"taxonomy":"product_cat","embeddable":true,"href":"https:\/\/roveyayinevi.com.tr\/index.php\/wp-json\/wp\/v2\/product_cat?post=779856"},{"taxonomy":"product_tag","embeddable":true,"href":"https:\/\/roveyayinevi.com.tr\/index.php\/wp-json\/wp\/v2\/product_tag?post=779856"}],"curies":[{"name":"wp","href":"https:\/\/api.w.org\/{rel}","templated":true}]}}