{"id":779855,"date":"2025-12-30T12:14:07","date_gmt":"2025-12-30T09:14:07","guid":{"rendered":"https:\/\/roveyayinevi.com.tr\/index.php\/urun\/kuresel-medyada-filistinliler\/"},"modified":"2026-04-15T03:44:22","modified_gmt":"2026-04-15T00:44:22","slug":"kuresel-medyada-filistinliler","status":"publish","type":"product","link":"https:\/\/roveyayinevi.com.tr\/index.php\/urun\/kuresel-medyada-filistinliler\/","title":{"rendered":"K\u00fcresel Medyada Filistinliler"},"content":{"rendered":"<p>Bu kitap, Bat\u0131 imparatorlug\u0306unun propaganda arac\u0131na do\u0308nu\u0308s\u0327en ku\u0308resel ana ak\u0131m medyan\u0131n, \u201cdeg\u0306ersiz kurban\u201d olarak go\u0308rdu\u0308g\u0306u\u0308 Filistinlileri yok sayan, kriminalize eden ve insanl\u0131ktan c\u0327\u0131karan haberlerini mercek alt\u0131na al\u0131yor. Gazeteci Hasan Tosun, Filistinlilerin medyada nas\u0131l temsil edildig\u0306ini inceledig\u0306i kitab\u0131nda, ku\u0308resel gu\u0308c\u0327lerin gazab\u0131ndan c\u0327ekinerek herkesin uzak durdug\u0306u bir konuyu cesurca ele al\u0131yor ve kapsaml\u0131 bir medya eles\u0327tirisi sunuyor. Medyan\u0131n I\u0307srail lehine nas\u0131l tek tarafl\u0131 bir anlat\u0131 ins\u0327a ettig\u0306ini go\u0308zler o\u0308nu\u0308ne seren kitap, fail konumundaki I\u0307srailli akto\u0308rlerin nas\u0131l mag\u0306durlas\u0327t\u0131r\u0131ld\u0131g\u0306\u0131n\u0131 ve buna kars\u0327\u0131l\u0131k mag\u0306dur konumundaki Filistinlilerin nas\u0131l failles\u0327tirildig\u0306inin ayr\u0131nt\u0131l\u0131 bir analizini sunuyor. Kitap, Filistin&#8217;deki is\u0327gal gerc\u0327eg\u0306ini anlamak ve sorgulamak isteyenler ile ku\u0308resel medyan\u0131n I\u0307srail yanl\u0131s\u0131 so\u0308ylemlerini irdeleyecekler ic\u0327in gu\u0308c\u0327lu\u0308 bir kaynakt\u0131r. <\/p>\n","protected":false},"excerpt":{"rendered":"<p>Bu kitap, Bat\u0131 imparatorlug\u0306unun propaganda arac\u0131na do\u0308nu\u0308s\u0327en ku\u0308resel ana ak\u0131m medyan\u0131n, \u201cdeg\u0306ersiz kurban\u201d olarak go\u0308rdu\u0308g\u0306u\u0308 Filistinlileri yok sayan, kriminalize eden ve insanl\u0131ktan c\u0327\u0131karan haberlerini mercek alt\u0131na<span class=\"excerpt-hellip\"> [\u2026]<\/span><\/p>\n","protected":false},"featured_media":0,"template":"","meta":{"_monsterinsights_skip_tracking":false,"_monsterinsights_sitenote_active":false,"_monsterinsights_sitenote_note":"","_monsterinsights_sitenote_category":0},"product_brand":[],"product_cat":[13590,12337],"product_tag":[],"class_list":{"0":"post-779855","1":"product","2":"type-product","3":"status-publish","5":"product_cat-arastirma-inceleme-politika-siyaset","6":"product_cat-politika-siyaset","7":"pa_cilt-ciltsiz","8":"pa_tur-kitap","9":"pa_yayinevi-anadolu-ajansi-yayinevi","10":"pa_yazar-hasan-tosun","12":"first","13":"instock","14":"sale","15":"shipping-taxable","16":"purchasable","17":"product-type-simple"},"_links":{"self":[{"href":"https:\/\/roveyayinevi.com.tr\/index.php\/wp-json\/wp\/v2\/product\/779855","targetHints":{"allow":["GET"]}}],"collection":[{"href":"https:\/\/roveyayinevi.com.tr\/index.php\/wp-json\/wp\/v2\/product"}],"about":[{"href":"https:\/\/roveyayinevi.com.tr\/index.php\/wp-json\/wp\/v2\/types\/product"}],"wp:attachment":[{"href":"https:\/\/roveyayinevi.com.tr\/index.php\/wp-json\/wp\/v2\/media?parent=779855"}],"wp:term":[{"taxonomy":"product_brand","embeddable":true,"href":"https:\/\/roveyayinevi.com.tr\/index.php\/wp-json\/wp\/v2\/product_brand?post=779855"},{"taxonomy":"product_cat","embeddable":true,"href":"https:\/\/roveyayinevi.com.tr\/index.php\/wp-json\/wp\/v2\/product_cat?post=779855"},{"taxonomy":"product_tag","embeddable":true,"href":"https:\/\/roveyayinevi.com.tr\/index.php\/wp-json\/wp\/v2\/product_tag?post=779855"}],"curies":[{"name":"wp","href":"https:\/\/api.w.org\/{rel}","templated":true}]}}