{"id":779854,"date":"2025-12-30T12:14:04","date_gmt":"2025-12-30T09:14:04","guid":{"rendered":"https:\/\/roveyayinevi.com.tr\/index.php\/urun\/koridor-2\/"},"modified":"2026-04-15T03:44:22","modified_gmt":"2026-04-15T00:44:22","slug":"koridor-2","status":"publish","type":"product","link":"https:\/\/roveyayinevi.com.tr\/index.php\/urun\/koridor-2\/","title":{"rendered":"Koridor"},"content":{"rendered":"<p>Ger\u00e7ekle\u015fece\u011fini bildi\u011finiz bir hik\u00e2yeyi h\u00e2l\u00e2 anlatabilir misiniz? Sekiz yak\u0131n arkada\u015f, g\u00fczel bir bungalov sabah\u0131na uyanmak ve keyifli bir kamp yapmak i\u00e7in evlerinden ayr\u0131larak yola koyuldular. S\u0131cak bir kamp ate\u015fi etraf\u0131nda korkun\u00e7 hik\u00e2yeler anlat\u0131rlarken bu hik\u00e2yelerden birinin ana kahramanlar\u0131 olacaklar\u0131 ak\u0131llar\u0131n\u0131n ucundan bile ge\u00e7memi\u015fti. Kutay, Bikem, \u00d6zg\u00fcr, Tan, Uzay, Hera, Ekin ve \u00c7a\u011fla. Bir arada kafa dinlemeye gittikleri bungalov evlerinde ANCAK VE ANCAK kamp ate\u015fi ba\u015f\u0131nda anlat\u0131labilecek bir hik\u00e2yenin i\u00e7inde bulacaklar kendilerini. Peki ya siz, anlatt\u0131\u011f\u0131n\u0131z bir hik\u00e2yenin i\u00e7inde bulsayd\u0131n\u0131z kendinizi, ne yapard\u0131n\u0131z? KOR\u0130DOR sizi \u00e7a\u011f\u0131r\u0131yor&#8230; <\/p>\n","protected":false},"excerpt":{"rendered":"<p>Ger\u00e7ekle\u015fece\u011fini bildi\u011finiz bir hik\u00e2yeyi h\u00e2l\u00e2 anlatabilir misiniz? Sekiz yak\u0131n arkada\u015f, g\u00fczel bir bungalov sabah\u0131na uyanmak ve keyifli bir kamp yapmak i\u00e7in evlerinden ayr\u0131larak yola koyuldular. S\u0131cak<span class=\"excerpt-hellip\"> [\u2026]<\/span><\/p>\n","protected":false},"featured_media":0,"template":"","meta":{"_monsterinsights_skip_tracking":false,"_monsterinsights_sitenote_active":false,"_monsterinsights_sitenote_note":"","_monsterinsights_sitenote_category":0},"product_brand":[],"product_cat":[12291,12711],"product_tag":[],"class_list":{"0":"post-779854","1":"product","2":"type-product","3":"status-publish","5":"product_cat-edebiyat","6":"product_cat-roman-oyku","7":"pa_cilt-ciltsiz","8":"pa_tur-kitap","9":"pa_yayinevi-eldra-yayinlari","10":"pa_yazar-lordist","12":"first","13":"instock","14":"sale","15":"shipping-taxable","16":"purchasable","17":"product-type-simple"},"_links":{"self":[{"href":"https:\/\/roveyayinevi.com.tr\/index.php\/wp-json\/wp\/v2\/product\/779854","targetHints":{"allow":["GET"]}}],"collection":[{"href":"https:\/\/roveyayinevi.com.tr\/index.php\/wp-json\/wp\/v2\/product"}],"about":[{"href":"https:\/\/roveyayinevi.com.tr\/index.php\/wp-json\/wp\/v2\/types\/product"}],"wp:attachment":[{"href":"https:\/\/roveyayinevi.com.tr\/index.php\/wp-json\/wp\/v2\/media?parent=779854"}],"wp:term":[{"taxonomy":"product_brand","embeddable":true,"href":"https:\/\/roveyayinevi.com.tr\/index.php\/wp-json\/wp\/v2\/product_brand?post=779854"},{"taxonomy":"product_cat","embeddable":true,"href":"https:\/\/roveyayinevi.com.tr\/index.php\/wp-json\/wp\/v2\/product_cat?post=779854"},{"taxonomy":"product_tag","embeddable":true,"href":"https:\/\/roveyayinevi.com.tr\/index.php\/wp-json\/wp\/v2\/product_tag?post=779854"}],"curies":[{"name":"wp","href":"https:\/\/api.w.org\/{rel}","templated":true}]}}