{"id":779852,"date":"2025-12-30T12:13:57","date_gmt":"2025-12-30T09:13:57","guid":{"rendered":"https:\/\/roveyayinevi.com.tr\/index.php\/urun\/nasil-soylemeli\/"},"modified":"2026-04-15T03:44:22","modified_gmt":"2026-04-15T00:44:22","slug":"nasil-soylemeli","status":"publish","type":"product","link":"https:\/\/roveyayinevi.com.tr\/index.php\/urun\/nasil-soylemeli\/","title":{"rendered":"Nas\u0131l S\u00f6ylemeli?"},"content":{"rendered":"<p>Do\u011fru s\u00f6z\u00fc bulmak i\u00e7in sa\u011flam bir rehber. Kelimeler, do\u011fru kullan\u0131ld\u0131\u011f\u0131nda yaln\u0131zca anlatmaz; onar\u0131r, d\u00f6n\u00fc\u015ft\u00fcr\u00fcr, yak\u0131nla\u015ft\u0131r\u0131r. Ve baz\u0131 kap\u0131lar sadece do\u011fru c\u00fcmleyle a\u00e7\u0131l\u0131r. Bazen insan, s\u00f6yleyemedikleri y\u00fcz\u00fcnden kendi zihninde dola\u015f\u0131r durur. Oysa do\u011fru kelime, zihni de kalbi de berrakla\u015ft\u0131r\u0131r. Nas\u0131l S\u00f6ylemeli? bu berrakl\u0131\u011f\u0131n pe\u015fine d\u00fc\u015f\u00fcp konu\u015fman\u0131n yaln\u0131zca bir ifade de\u011fil, ayn\u0131 zamanda bir duru\u015f oldu\u011funu hat\u0131rlat\u0131yor. Her c\u00fcmlenin bir niyet ta\u015f\u0131d\u0131\u011f\u0131n\u0131, her kelimenin ili\u015fkilerde bir iz b\u0131rakt\u0131\u011f\u0131n\u0131 sakin bir tonda anlat\u0131yor. Hayat\u0131n zor anlar\u0131nda y\u00f6n\u00fcm\u00fcz\u00fc kaybetmek kolayd\u0131r. Para konu\u015fmaya \u00e7al\u0131\u015f\u0131rken, bir s\u0131n\u0131r \u00e7izerken, bir yaray\u0131 onarmaya u\u011fra\u015f\u0131rken ya da k\u00f6t\u00fc bir haberi kibarca iletmeye haz\u0131rlan\u0131rken insan\u0131n elinde sa\u011flam bir rehber olmas\u0131 b\u00fcy\u00fck g\u00fc\u00e7 verir. Bu kitap, o g\u00fcc\u00fc, do\u011fru s\u00f6z\u00fc bulman\u0131z i\u00e7in form\u00fcllerle sunuyor. \u00d6zel hayatta ya da i\u015f ya\u015fam\u0131nda; zorlu durumlarla kar\u015f\u0131la\u015ft\u0131\u011f\u0131m\u0131zda veya kritik bir ad\u0131m atmam\u0131z gerekti\u011finde, elimizdeki en g\u00fc\u00e7l\u00fc ara\u00e7 do\u011fru c\u00fcmleyi kurabilmektir. Bu kitap, tam da bu anlarda zihnimizde beliren \u201cNas\u0131l s\u00f6ylemeli?\u201d sorusuna yaln\u0131zca teorik bir \u00e7er\u00e7eve sunmakla kalmay\u0131p pratik ve uygulanabilir y\u00f6ntemlerle de yol g\u00f6steriyor. Kelimelerin g\u00fcc\u00fcn\u00fc anlamak, onlar\u0131 do\u011fru anda en etkili \u015fekilde kullanmak isteyen herkes i\u00e7in g\u00fcvenilir bir k\u0131lavuz. KAMELYA ASAL Bosch Home Comfort T\u00fcrkiye, \u0130nsan Kaynaklar\u0131 M\u00fcd\u00fcr\u00fc Ba\u015fak Tecer, zor konularda konu\u015fma ve ikna etme y\u00f6ntemlerini ak\u0131c\u0131 ve yal\u0131n \u00f6rneklerle \u00e7ok g\u00fczel anlatm\u0131\u015f. Bir \u00e7\u0131rp\u0131da okunas\u0131 bir kitap. C\u0130HANG\u0130R KAVUNCU Y\u00f6netim Dan\u0131\u015fman\u0131<\/p>\n","protected":false},"excerpt":{"rendered":"<p>Do\u011fru s\u00f6z\u00fc bulmak i\u00e7in sa\u011flam bir rehber. Kelimeler, do\u011fru kullan\u0131ld\u0131\u011f\u0131nda yaln\u0131zca anlatmaz; onar\u0131r, d\u00f6n\u00fc\u015ft\u00fcr\u00fcr, yak\u0131nla\u015ft\u0131r\u0131r. Ve baz\u0131 kap\u0131lar sadece do\u011fru c\u00fcmleyle a\u00e7\u0131l\u0131r. Bazen insan, s\u00f6yleyemedikleri y\u00fcz\u00fcnden<span class=\"excerpt-hellip\"> [\u2026]<\/span><\/p>\n","protected":false},"featured_media":0,"template":"","meta":{"_monsterinsights_skip_tracking":false,"_monsterinsights_sitenote_active":false,"_monsterinsights_sitenote_note":"","_monsterinsights_sitenote_category":0},"product_brand":[],"product_cat":[13043,17647],"product_tag":[],"class_list":{"0":"post-779852","1":"product","2":"type-product","3":"status-publish","5":"product_cat-ekonomi","6":"product_cat-is-dunyasi","7":"pa_cilt-ciltsiz","8":"pa_tur-kitap","9":"pa_yayinevi-remzi-kitabevi","10":"pa_yazar-basak-tecer","12":"first","13":"instock","14":"sale","15":"shipping-taxable","16":"purchasable","17":"product-type-simple"},"_links":{"self":[{"href":"https:\/\/roveyayinevi.com.tr\/index.php\/wp-json\/wp\/v2\/product\/779852","targetHints":{"allow":["GET"]}}],"collection":[{"href":"https:\/\/roveyayinevi.com.tr\/index.php\/wp-json\/wp\/v2\/product"}],"about":[{"href":"https:\/\/roveyayinevi.com.tr\/index.php\/wp-json\/wp\/v2\/types\/product"}],"wp:attachment":[{"href":"https:\/\/roveyayinevi.com.tr\/index.php\/wp-json\/wp\/v2\/media?parent=779852"}],"wp:term":[{"taxonomy":"product_brand","embeddable":true,"href":"https:\/\/roveyayinevi.com.tr\/index.php\/wp-json\/wp\/v2\/product_brand?post=779852"},{"taxonomy":"product_cat","embeddable":true,"href":"https:\/\/roveyayinevi.com.tr\/index.php\/wp-json\/wp\/v2\/product_cat?post=779852"},{"taxonomy":"product_tag","embeddable":true,"href":"https:\/\/roveyayinevi.com.tr\/index.php\/wp-json\/wp\/v2\/product_tag?post=779852"}],"curies":[{"name":"wp","href":"https:\/\/api.w.org\/{rel}","templated":true}]}}