{"id":779851,"date":"2025-12-30T12:13:54","date_gmt":"2025-12-30T09:13:54","guid":{"rendered":"https:\/\/roveyayinevi.com.tr\/index.php\/urun\/adonais\/"},"modified":"2026-04-15T03:44:22","modified_gmt":"2026-04-15T00:44:22","slug":"adonais","status":"publish","type":"product","link":"https:\/\/roveyayinevi.com.tr\/index.php\/urun\/adonais\/","title":{"rendered":"Adonais"},"content":{"rendered":"<p>\u0130kinci nesil \u0130ngiliz Romantizm ak\u0131m\u0131n\u0131n Lord Byron ile birlikte en \u00f6nemli temsilcileri olan John Keats ve Percy Bysshe Shelley\u2019in hayatlar\u0131 \u015fiirde, trajedide ve \u00f6l\u00fcmde bir \u015fekilde kesi\u015fmi\u015fti. \u0130yi dost olan ve eserleri hakk\u0131nda s\u0131kl\u0131kla bilgi al\u0131\u015fveri\u015finde bulunan bu ikili edebiyat tarihinde \u00e7ok b\u00fcy\u00fck izler b\u0131rakm\u0131\u015ft\u0131r. Ya\u015fama erken veda eden Keats\u2019in b\u00fcy\u00fck yetene\u011fine ra\u011fmen hak etti\u011fi takdiri alamamas\u0131 ve ona yap\u0131lan a\u011f\u0131r ele\u015ftiriler nedeniyle \u00f6fkelenen Shelley, en az kusurlu olarak g\u00f6rd\u00fc\u011f\u00fc \u201cAdonais\u201d \u015fiirini Keats\u2019e bir a\u011f\u0131t olarak yazm\u0131\u015ft\u0131r. Yas tutan ve a\u011flayan ve hatta ilham perisi Urania\u2019y\u0131 da Keats i\u00e7in yas tutmaya \u00e7a\u011f\u0131ran Shelley, \u015fiirle birlikte olgunla\u015f\u0131r ve art\u0131k yas tutmay\u0131 b\u0131rakarak Keats\u2019in ebediyete olan yolculu\u011fundaki kutsal konumunu vurgular. D\u00fcnyada h\u00fck\u00fcm s\u00fcren ve k\u0131sa \u00f6mr\u00fcnde onu olduk\u00e7a y\u0131pratan k\u0131skan\u00e7l\u0131k, iftira, nefret ve ac\u0131dan art\u0131k kurtulmu\u015f olan Keats; ebedi istirahatgah\u0131nda ruhani bir y\u0131ld\u0131z \u0131\u015f\u0131\u011f\u0131na d\u00f6n\u00fc\u015ferek d\u00fcnyada kalan y\u00fcceli\u011fe yol g\u00f6stermektedir.   \u201cAdonais\u201din yan\u0131 s\u0131ra Shelley\u2019nin di\u011fer \u00f6nemli eserleri \u201cSo\u011fuk Toprak Uyuyordu A\u015fa\u011f\u0131da\u201d, \u201cEntelekt\u00fcel G\u00fczelli\u011fe \u0130lahi\u201d ve \u201cAtlas Cad\u0131s\u0131\u201d da bu derlemede yer al\u0131yor. <\/p>\n","protected":false},"excerpt":{"rendered":"<p>\u0130kinci nesil \u0130ngiliz Romantizm ak\u0131m\u0131n\u0131n Lord Byron ile birlikte en \u00f6nemli temsilcileri olan John Keats ve Percy Bysshe Shelley\u2019in hayatlar\u0131 \u015fiirde, trajedide ve \u00f6l\u00fcmde bir \u015fekilde<span class=\"excerpt-hellip\"> [\u2026]<\/span><\/p>\n","protected":false},"featured_media":0,"template":"","meta":{"_monsterinsights_skip_tracking":false,"_monsterinsights_sitenote_active":false,"_monsterinsights_sitenote_note":"","_monsterinsights_sitenote_category":0},"product_brand":[],"product_cat":[12291,12509],"product_tag":[],"class_list":{"0":"post-779851","1":"product","2":"type-product","3":"status-publish","5":"product_cat-edebiyat","6":"product_cat-siir","7":"pa_cilt-ciltsiz","8":"pa_tur-kitap","9":"pa_yayinevi-ronin-kitap","10":"pa_yazar-percy-bysshe-shelley","12":"first","13":"instock","14":"sale","15":"shipping-taxable","16":"purchasable","17":"product-type-simple"},"_links":{"self":[{"href":"https:\/\/roveyayinevi.com.tr\/index.php\/wp-json\/wp\/v2\/product\/779851","targetHints":{"allow":["GET"]}}],"collection":[{"href":"https:\/\/roveyayinevi.com.tr\/index.php\/wp-json\/wp\/v2\/product"}],"about":[{"href":"https:\/\/roveyayinevi.com.tr\/index.php\/wp-json\/wp\/v2\/types\/product"}],"wp:attachment":[{"href":"https:\/\/roveyayinevi.com.tr\/index.php\/wp-json\/wp\/v2\/media?parent=779851"}],"wp:term":[{"taxonomy":"product_brand","embeddable":true,"href":"https:\/\/roveyayinevi.com.tr\/index.php\/wp-json\/wp\/v2\/product_brand?post=779851"},{"taxonomy":"product_cat","embeddable":true,"href":"https:\/\/roveyayinevi.com.tr\/index.php\/wp-json\/wp\/v2\/product_cat?post=779851"},{"taxonomy":"product_tag","embeddable":true,"href":"https:\/\/roveyayinevi.com.tr\/index.php\/wp-json\/wp\/v2\/product_tag?post=779851"}],"curies":[{"name":"wp","href":"https:\/\/api.w.org\/{rel}","templated":true}]}}