{"id":779848,"date":"2025-12-30T12:13:45","date_gmt":"2025-12-30T09:13:45","guid":{"rendered":"https:\/\/roveyayinevi.com.tr\/index.php\/urun\/duma-adasi\/"},"modified":"2026-04-15T03:44:22","modified_gmt":"2026-04-15T00:44:22","slug":"duma-adasi","status":"publish","type":"product","link":"https:\/\/roveyayinevi.com.tr\/index.php\/urun\/duma-adasi\/","title":{"rendered":"Duma Adas\u0131"},"content":{"rendered":"<p>Bo\u015f sayfa \u00fczerinde tek bir \u00e7izgi: Belki etkileyici bir g\u00fcnbat\u0131m\u0131, belki de siyahl\u0131\u011f\u0131n akabilece\u011fi bir yar\u0131k\u2026Edgar korkun\u00e7 bir \u015fantiye kazas\u0131nda sa\u011f kolunu kaybeder, \u00fcstelik haf\u0131zas\u0131 ve d\u00fc\u015f\u00fcnme yetisi de zarar g\u00f6rm\u00fc\u015ft\u00fcr. Geride yaln\u0131zca \u00f6fke kal\u0131r ve Edgar, zorlu bir iyile\u015fme s\u00fcrecine girer. \u0130yi giden evlili\u011fi de aniden sona erince bu nekahet d\u00f6nemi korkun\u00e7 bir karabasana d\u00f6n\u00fc\u015f\u00fcr. Edgar art\u0131k kazadan sa\u011f kurtuldu\u011funa sevinemeyecek duruma gelmi\u015ftir.&#8221;Co\u011frafi bir de\u011fi\u015fiklik&#8221; yap\u0131p ona \u00e7ok uzaklara gitmesini \u00f6neren psikiyatr\u0131, neyin onu mutlu etti\u011fini sordu\u011funda Edgar&#8217;\u0131n cevab\u0131 &#8220;resim yapmak&#8221; olmu\u015ftur. Bunun \u00fczerine Edgar, Florida sahilinde el de\u011fmemi\u015f ola\u011fan\u00fcst\u00fc bir yer olan Duma Adas\u0131&#8217;nda ev kiralar. Meksika K\u00f6rfezi&#8217; ndeki muhte\u015fem g\u00fcnbat\u0131m\u0131 ona resim yapmas\u0131 i\u00e7in ilham verir.Edgar burada m\u00fcnzevi ya\u015fam\u0131n duvarlar\u0131n\u0131 y\u0131kar ve dostlar edinmeye ba\u015flar. Kendi yaralar\u0131ndan s\u00f6z etmekten \u00e7ekinen ve onunla ayn\u0131 hamurdan yo\u011frulmu\u015f Wireman ile k\u00f6kleri Duma Adas\u0131&#8217;n\u0131n derinliklerine uzanan ya\u015fl\u0131 Elizabeth&#8217;le tan\u0131\u015f\u0131r. Edgar&#8217;\u0131n patlayan yarat\u0131c\u0131l\u0131\u011f\u0131 hem bir mucize hem de bir silaht\u0131r. Baz\u0131 resimleri o kadar g\u00fc\u00e7l\u00fcd\u00fcr ki kontrol edilemezler. Elizabeth&#8217;in ge\u00e7mi\u015finden sayfalar a\u00e7\u0131l\u0131p \u00e7ocuklu\u011fundaki hayaletler belirince onar\u0131lmaz y\u0131k\u0131mlar da ba\u015flam\u0131\u015f olur.Stephen King&#8217;ten yarat\u0131c\u0131l\u0131\u011f\u0131n tehlikeleri ve haf\u0131zan\u0131n gizemleri \u00fczerine b\u00fcy\u00fcleyici ve \u00fcrk\u00fct\u00fcc\u00fc bir roman.<\/p>\n","protected":false},"excerpt":{"rendered":"<p>Bo\u015f sayfa \u00fczerinde tek bir \u00e7izgi: Belki etkileyici bir g\u00fcnbat\u0131m\u0131, belki de siyahl\u0131\u011f\u0131n akabilece\u011fi bir yar\u0131k\u2026Edgar korkun\u00e7 bir \u015fantiye kazas\u0131nda sa\u011f kolunu kaybeder, \u00fcstelik haf\u0131zas\u0131 ve<span class=\"excerpt-hellip\"> [\u2026]<\/span><\/p>\n","protected":false},"featured_media":0,"template":"","meta":{"_monsterinsights_skip_tracking":false,"_monsterinsights_sitenote_active":false,"_monsterinsights_sitenote_note":"","_monsterinsights_sitenote_category":0},"product_brand":[],"product_cat":[12291,17033],"product_tag":[],"class_list":{"0":"post-779848","1":"product","2":"type-product","3":"status-publish","5":"product_cat-edebiyat","6":"product_cat-korku-gerilim","7":"pa_cilt-ciltsiz","8":"pa_tur-kitap","9":"pa_yayinevi-altin-kitaplar","10":"pa_yazar-stephen-king","12":"first","13":"instock","14":"sale","15":"shipping-taxable","16":"purchasable","17":"product-type-simple"},"_links":{"self":[{"href":"https:\/\/roveyayinevi.com.tr\/index.php\/wp-json\/wp\/v2\/product\/779848","targetHints":{"allow":["GET"]}}],"collection":[{"href":"https:\/\/roveyayinevi.com.tr\/index.php\/wp-json\/wp\/v2\/product"}],"about":[{"href":"https:\/\/roveyayinevi.com.tr\/index.php\/wp-json\/wp\/v2\/types\/product"}],"wp:attachment":[{"href":"https:\/\/roveyayinevi.com.tr\/index.php\/wp-json\/wp\/v2\/media?parent=779848"}],"wp:term":[{"taxonomy":"product_brand","embeddable":true,"href":"https:\/\/roveyayinevi.com.tr\/index.php\/wp-json\/wp\/v2\/product_brand?post=779848"},{"taxonomy":"product_cat","embeddable":true,"href":"https:\/\/roveyayinevi.com.tr\/index.php\/wp-json\/wp\/v2\/product_cat?post=779848"},{"taxonomy":"product_tag","embeddable":true,"href":"https:\/\/roveyayinevi.com.tr\/index.php\/wp-json\/wp\/v2\/product_tag?post=779848"}],"curies":[{"name":"wp","href":"https:\/\/api.w.org\/{rel}","templated":true}]}}