{"id":779844,"date":"2025-12-30T12:13:35","date_gmt":"2025-12-30T09:13:35","guid":{"rendered":"https:\/\/roveyayinevi.com.tr\/index.php\/urun\/insana-yolculuk\/"},"modified":"2026-04-15T03:44:22","modified_gmt":"2026-04-15T00:44:22","slug":"insana-yolculuk","status":"publish","type":"product","link":"https:\/\/roveyayinevi.com.tr\/index.php\/urun\/insana-yolculuk\/","title":{"rendered":"\u0130nsana Yolculuk"},"content":{"rendered":"<p>Do\u011fu sahtek\u00e2rl\u0131\u011f\u0131, b\u00fcy\u00fck \u00e7o\u011funlu\u011fu dinlerin \u00f6z\u00fcnden uzakla\u015ft\u0131rarak k\u00f6le ederken, Bat\u0131 sahtek\u00e2rl\u0131\u011f\u0131 da kitleleri bilimle k\u00f6lele\u015ftirmeye ba\u015flam\u0131\u015ft\u0131. B\u00f6ylece insan\u0131n, hedefine do\u011fru olan yolculu\u011fu devam etmekle birlikte, niteli\u011finde olmas\u0131 gereken art\u0131\u015f ger\u00e7ekle\u015femedi.Son y\u0131llarda, Bat\u0131n\u0131n zorunlu olarak Do\u011fuya do\u011fru kay\u0131\u015f\u0131, bizlere, gelece\u011fin sanc\u0131l\u0131 olmakla birlikte, ge\u00e7mi\u015fe g\u00f6re daha h\u0131zla insan\u0131 hedefine do\u011fru yakla\u015ft\u0131raca\u011f\u0131n\u0131 g\u00f6steriyor. Bunu, bozgunculu\u011fun bedel \u00f6deme s\u00fcresinin son d\u00f6nemlerdeki k\u0131sal\u0131\u015f\u0131ndan anlayabiliyoruz. Buradan bakt\u0131\u011f\u0131m\u0131zda, hedefimize y\u00fcr\u00fcme h\u0131z\u0131m\u0131z\u0131n, ge\u00e7mi\u015fe g\u00f6re gelecekte daha iyi olaca\u011f\u0131n\u0131 d\u00fc\u015f\u00fcnmek, bug\u00fcnlerde ya\u015fad\u0131\u011f\u0131m\u0131z s\u0131k\u0131nt\u0131lar\u0131m\u0131zda daha nitelikli direnme g\u00fcc\u00fcn\u00fc bizlere verebilir.<\/p>\n","protected":false},"excerpt":{"rendered":"<p>Do\u011fu sahtek\u00e2rl\u0131\u011f\u0131, b\u00fcy\u00fck \u00e7o\u011funlu\u011fu dinlerin \u00f6z\u00fcnden uzakla\u015ft\u0131rarak k\u00f6le ederken, Bat\u0131 sahtek\u00e2rl\u0131\u011f\u0131 da kitleleri bilimle k\u00f6lele\u015ftirmeye ba\u015flam\u0131\u015ft\u0131. B\u00f6ylece insan\u0131n, hedefine do\u011fru olan yolculu\u011fu devam etmekle birlikte, niteli\u011finde<span class=\"excerpt-hellip\"> [\u2026]<\/span><\/p>\n","protected":false},"featured_media":0,"template":"","meta":{"_monsterinsights_skip_tracking":false,"_monsterinsights_sitenote_active":false,"_monsterinsights_sitenote_note":"","_monsterinsights_sitenote_category":0},"product_brand":[],"product_cat":[13488],"product_tag":[],"class_list":{"0":"post-779844","1":"product","2":"type-product","3":"status-publish","5":"product_cat-toplum-ve-insan","6":"pa_cilt-ciltsiz","7":"pa_tur-kitap","8":"pa_yayinevi-pinhan-yayincilik","9":"pa_yazar-mustafa-pehlivan","11":"first","12":"instock","13":"sale","14":"shipping-taxable","15":"purchasable","16":"product-type-simple"},"_links":{"self":[{"href":"https:\/\/roveyayinevi.com.tr\/index.php\/wp-json\/wp\/v2\/product\/779844","targetHints":{"allow":["GET"]}}],"collection":[{"href":"https:\/\/roveyayinevi.com.tr\/index.php\/wp-json\/wp\/v2\/product"}],"about":[{"href":"https:\/\/roveyayinevi.com.tr\/index.php\/wp-json\/wp\/v2\/types\/product"}],"wp:attachment":[{"href":"https:\/\/roveyayinevi.com.tr\/index.php\/wp-json\/wp\/v2\/media?parent=779844"}],"wp:term":[{"taxonomy":"product_brand","embeddable":true,"href":"https:\/\/roveyayinevi.com.tr\/index.php\/wp-json\/wp\/v2\/product_brand?post=779844"},{"taxonomy":"product_cat","embeddable":true,"href":"https:\/\/roveyayinevi.com.tr\/index.php\/wp-json\/wp\/v2\/product_cat?post=779844"},{"taxonomy":"product_tag","embeddable":true,"href":"https:\/\/roveyayinevi.com.tr\/index.php\/wp-json\/wp\/v2\/product_tag?post=779844"}],"curies":[{"name":"wp","href":"https:\/\/api.w.org\/{rel}","templated":true}]}}