{"id":779843,"date":"2025-12-30T12:13:33","date_gmt":"2025-12-30T09:13:33","guid":{"rendered":"https:\/\/roveyayinevi.com.tr\/index.php\/urun\/balikci-jeremy-beyin-masali\/"},"modified":"2026-04-15T03:44:22","modified_gmt":"2026-04-15T00:44:22","slug":"balikci-jeremy-beyin-masali","status":"publish","type":"product","link":"https:\/\/roveyayinevi.com.tr\/index.php\/urun\/balikci-jeremy-beyin-masali\/","title":{"rendered":"Bal\u0131k\u00e7\u0131 Jeremy Bey\u2019in Masal\u0131"},"content":{"rendered":"<p>Beatrix Potter, t\u00fcm zamanlar\u0131n en sevilen \u00e7ocuk masal\u0131 yazarlar\u0131ndan biridir. Masallar\u0131 d\u00fcnyan\u0131n bir\u00e7ok diline \u00e7evrilmi\u015ftir. Okuyaca\u011f\u0131n\u0131z bu masallar, her \u00e7ocu\u011fun k\u00fct\u00fcphanesinde bulunmas\u0131 gereken \u00e7ocuk edebiyat\u0131 klasiklerindendir. <\/p>\n","protected":false},"excerpt":{"rendered":"<p>Beatrix Potter, t\u00fcm zamanlar\u0131n en sevilen \u00e7ocuk masal\u0131 yazarlar\u0131ndan biridir. Masallar\u0131 d\u00fcnyan\u0131n bir\u00e7ok diline \u00e7evrilmi\u015ftir. Okuyaca\u011f\u0131n\u0131z bu masallar, her \u00e7ocu\u011fun k\u00fct\u00fcphanesinde bulunmas\u0131 gereken \u00e7ocuk edebiyat\u0131 klasiklerindendir.<\/p>\n","protected":false},"featured_media":0,"template":"","meta":{"_monsterinsights_skip_tracking":false,"_monsterinsights_sitenote_active":false,"_monsterinsights_sitenote_note":"","_monsterinsights_sitenote_category":0},"product_brand":[],"product_cat":[12274,12523],"product_tag":[],"class_list":{"0":"post-779843","1":"product","2":"type-product","3":"status-publish","5":"product_cat-cocuk-ve-genclik-kitaplari","6":"product_cat-masallar","7":"pa_cilt-ciltsiz","8":"pa_tur-kitap","9":"pa_yayinevi-purus-yayinlari","10":"pa_yazar-beatrix-potter","12":"first","13":"instock","14":"sale","15":"shipping-taxable","16":"purchasable","17":"product-type-simple"},"_links":{"self":[{"href":"https:\/\/roveyayinevi.com.tr\/index.php\/wp-json\/wp\/v2\/product\/779843","targetHints":{"allow":["GET"]}}],"collection":[{"href":"https:\/\/roveyayinevi.com.tr\/index.php\/wp-json\/wp\/v2\/product"}],"about":[{"href":"https:\/\/roveyayinevi.com.tr\/index.php\/wp-json\/wp\/v2\/types\/product"}],"wp:attachment":[{"href":"https:\/\/roveyayinevi.com.tr\/index.php\/wp-json\/wp\/v2\/media?parent=779843"}],"wp:term":[{"taxonomy":"product_brand","embeddable":true,"href":"https:\/\/roveyayinevi.com.tr\/index.php\/wp-json\/wp\/v2\/product_brand?post=779843"},{"taxonomy":"product_cat","embeddable":true,"href":"https:\/\/roveyayinevi.com.tr\/index.php\/wp-json\/wp\/v2\/product_cat?post=779843"},{"taxonomy":"product_tag","embeddable":true,"href":"https:\/\/roveyayinevi.com.tr\/index.php\/wp-json\/wp\/v2\/product_tag?post=779843"}],"curies":[{"name":"wp","href":"https:\/\/api.w.org\/{rel}","templated":true}]}}