{"id":779841,"date":"2025-12-30T12:13:28","date_gmt":"2025-12-30T09:13:28","guid":{"rendered":"https:\/\/roveyayinevi.com.tr\/index.php\/urun\/kiku\/"},"modified":"2026-04-15T03:44:22","modified_gmt":"2026-04-15T00:44:22","slug":"kiku","status":"publish","type":"product","link":"https:\/\/roveyayinevi.com.tr\/index.php\/urun\/kiku\/","title":{"rendered":"Kiku"},"content":{"rendered":"<p>Sesler, duyulduklar\u0131 anda bitmezler, as\u0131l dinleme o andan sonra ba\u015flar. Dinlemek, yaln\u0131zca duymak de\u011fildir; zihnin, yarat\u0131c\u0131 akl\u0131n ve kalbin ortak \u00e7abas\u0131n\u0131 gerektiren bir beceridir. Dr. Haru Yamada, Kiku\u2019da yaln\u0131zca ileti\u015fim becerilerini geli\u015ftirmeyi de\u011fil, dinlemeyi bir bilin\u00e7 bi\u00e7imi ve k\u00fclt\u00fcrel pratik olarak yeniden tan\u0131mlamay\u0131 ama\u00e7l\u0131yor. Japoncadaki kiku (\u8074\u304f) kavram\u0131n\u0131 \u00e7\u00f6z\u00fcmleyerek, dinlemenin fiziksel bir al\u0131c\u0131 s\u00fcre\u00e7ten \u00e7ok, duygusal, k\u00fclt\u00fcrel ve ili\u015fkisel bir eylem oldu\u011funu g\u00f6steriyor. Ayn\u0131 zamanda dinlemeyi kiku\u2019nun kelime anlam\u0131yla \u201con d\u00f6rt kalbin enerjisiyle\u201d yap\u0131lan \u00e7ok katmanl\u0131 bir pratik olarak tan\u0131mlarken, bizi yaln\u0131zca s\u00f6zleri de\u011fil, tonlar\u0131, sessizlikleri ve k\u00fclt\u00fcrel n\u00fcanslar\u0131 da duymaya davet ediyor. Kiku, dinlemenin bu d\u00f6n\u00fc\u015ft\u00fcr\u00fcc\u00fc enerjisini kullanarak arkada\u015flar\u0131n\u0131z, aileniz ve profesyonel \u00e7evrenizle kurdu\u011funuz ili\u015fkileri derinle\u015ftirmenize, s\u00fcrd\u00fcrmenize ve g\u00fc\u00e7lendirmenize yard\u0131mc\u0131 olacak zarif bir rehber. <\/p>\n","protected":false},"excerpt":{"rendered":"<p>Sesler, duyulduklar\u0131 anda bitmezler, as\u0131l dinleme o andan sonra ba\u015flar. Dinlemek, yaln\u0131zca duymak de\u011fildir; zihnin, yarat\u0131c\u0131 akl\u0131n ve kalbin ortak \u00e7abas\u0131n\u0131 gerektiren bir beceridir. Dr. Haru<span class=\"excerpt-hellip\"> [\u2026]<\/span><\/p>\n","protected":false},"featured_media":0,"template":"","meta":{"_monsterinsights_skip_tracking":false,"_monsterinsights_sitenote_active":false,"_monsterinsights_sitenote_note":"","_monsterinsights_sitenote_category":0},"product_brand":[],"product_cat":[12357],"product_tag":[],"class_list":{"0":"post-779841","1":"product","2":"type-product","3":"status-publish","5":"product_cat-psikoloji","6":"pa_cilt-ciltsiz","7":"pa_tur-kitap","8":"pa_yayinevi-say-yayinlari","9":"pa_yazar-haru-yamada","11":"first","12":"instock","13":"sale","14":"shipping-taxable","15":"purchasable","16":"product-type-simple"},"_links":{"self":[{"href":"https:\/\/roveyayinevi.com.tr\/index.php\/wp-json\/wp\/v2\/product\/779841","targetHints":{"allow":["GET"]}}],"collection":[{"href":"https:\/\/roveyayinevi.com.tr\/index.php\/wp-json\/wp\/v2\/product"}],"about":[{"href":"https:\/\/roveyayinevi.com.tr\/index.php\/wp-json\/wp\/v2\/types\/product"}],"wp:attachment":[{"href":"https:\/\/roveyayinevi.com.tr\/index.php\/wp-json\/wp\/v2\/media?parent=779841"}],"wp:term":[{"taxonomy":"product_brand","embeddable":true,"href":"https:\/\/roveyayinevi.com.tr\/index.php\/wp-json\/wp\/v2\/product_brand?post=779841"},{"taxonomy":"product_cat","embeddable":true,"href":"https:\/\/roveyayinevi.com.tr\/index.php\/wp-json\/wp\/v2\/product_cat?post=779841"},{"taxonomy":"product_tag","embeddable":true,"href":"https:\/\/roveyayinevi.com.tr\/index.php\/wp-json\/wp\/v2\/product_tag?post=779841"}],"curies":[{"name":"wp","href":"https:\/\/api.w.org\/{rel}","templated":true}]}}