{"id":779839,"date":"2025-12-30T12:13:24","date_gmt":"2025-12-30T09:13:24","guid":{"rendered":"https:\/\/roveyayinevi.com.tr\/index.php\/urun\/and-daglari-samanlari\/"},"modified":"2026-04-15T03:44:22","modified_gmt":"2026-04-15T00:44:22","slug":"and-daglari-samanlari","status":"publish","type":"product","link":"https:\/\/roveyayinevi.com.tr\/index.php\/urun\/and-daglari-samanlari\/","title":{"rendered":"And Da\u011flar\u0131 \u015eamanlar\u0131"},"content":{"rendered":"<p>Her yara, i\u00e7imizdeki \u015fifac\u0131n\u0131n uyanmas\u0131 i\u00e7in bir \u00e7a\u011fr\u0131d\u0131r.  D\u00fcnya, y\u00f6n\u00fcn\u00fc bulmak i\u00e7in yeni bir pusulaya ihtiya\u00e7 duyuyor. And Da\u011flar\u0131 \u015eamanlar\u0131\u2019n\u0131n binlerce y\u0131ld\u0131r aktard\u0131klar\u0131 \u00f6\u011fretiler, bizlere ihtiya\u00e7 duydu\u011fumuz pusulay\u0131 sunuyor: kalpten gelen bilgelik, yani Munay-Ki yolu.  Marcela Lobos, bu kitapta okurlar\u0131, And ve Amazon   geleneklerinden do\u011fan kutsal inisiyasyonlarla tan\u0131\u015ft\u0131r\u0131yor. Bu kadim seremoniler, ge\u00e7mi\u015fin yaralar\u0131n\u0131 \u015fifaya, korkuyu sevgiye, s\u0131n\u0131rlay\u0131c\u0131 inan\u00e7lar\u0131 ise i\u00e7sel g\u00fcce d\u00f6n\u00fc\u015ft\u00fcren enerjik kap\u0131lard\u0131r. Her bir seremoni, yaln\u0131zca ki\u015fisel d\u00f6n\u00fc\u015f\u00fcm de\u011fil, ayn\u0131 zamanda insanl\u0131kla ve do\u011fayla derin bir ba\u011f kurma davetidir.  And Da\u011flar\u0131 \u015eamanlar\u0131, bireysel uyan\u0131\u015f\u0131 kolektif bilin\u00e7le bulu\u015fturan bir yol haritas\u0131 sunarak kendi kutsal yolculu\u011funa \u00e7\u0131kmak, i\u00e7indeki \u0131\u015f\u0131\u011f\u0131 uyand\u0131rmak ve yery\u00fcz\u00fcn\u00fcn \u015fifac\u0131lar soyuna kat\u0131lmak isteyen herkes i\u00e7in g\u00fc\u00e7l\u00fc bir rehber olmaya aday.  Kalbin rehberli\u011finde sevgiyle y\u00fcr\u00fcmeye haz\u0131r m\u0131s\u0131n? <\/p>\n","protected":false},"excerpt":{"rendered":"<p>Her yara, i\u00e7imizdeki \u015fifac\u0131n\u0131n uyanmas\u0131 i\u00e7in bir \u00e7a\u011fr\u0131d\u0131r. D\u00fcnya, y\u00f6n\u00fcn\u00fc bulmak i\u00e7in yeni bir pusulaya ihtiya\u00e7 duyuyor. And Da\u011flar\u0131 \u015eamanlar\u0131\u2019n\u0131n binlerce y\u0131ld\u0131r aktard\u0131klar\u0131 \u00f6\u011fretiler, bizlere ihtiya\u00e7<span class=\"excerpt-hellip\"> [\u2026]<\/span><\/p>\n","protected":false},"featured_media":0,"template":"","meta":{"_monsterinsights_skip_tracking":false,"_monsterinsights_sitenote_active":false,"_monsterinsights_sitenote_note":"","_monsterinsights_sitenote_category":0},"product_brand":[],"product_cat":[12364,12376],"product_tag":[],"class_list":{"0":"post-779839","1":"product","2":"type-product","3":"status-publish","5":"product_cat-genel-konular","6":"product_cat-kisisel-gelisim","7":"pa_cilt-ciltsiz","8":"pa_tur-kitap","9":"pa_yayinevi-omega","10":"pa_yazar-marcela-lobos","12":"first","13":"instock","14":"sale","15":"shipping-taxable","16":"purchasable","17":"product-type-simple"},"_links":{"self":[{"href":"https:\/\/roveyayinevi.com.tr\/index.php\/wp-json\/wp\/v2\/product\/779839","targetHints":{"allow":["GET"]}}],"collection":[{"href":"https:\/\/roveyayinevi.com.tr\/index.php\/wp-json\/wp\/v2\/product"}],"about":[{"href":"https:\/\/roveyayinevi.com.tr\/index.php\/wp-json\/wp\/v2\/types\/product"}],"wp:attachment":[{"href":"https:\/\/roveyayinevi.com.tr\/index.php\/wp-json\/wp\/v2\/media?parent=779839"}],"wp:term":[{"taxonomy":"product_brand","embeddable":true,"href":"https:\/\/roveyayinevi.com.tr\/index.php\/wp-json\/wp\/v2\/product_brand?post=779839"},{"taxonomy":"product_cat","embeddable":true,"href":"https:\/\/roveyayinevi.com.tr\/index.php\/wp-json\/wp\/v2\/product_cat?post=779839"},{"taxonomy":"product_tag","embeddable":true,"href":"https:\/\/roveyayinevi.com.tr\/index.php\/wp-json\/wp\/v2\/product_tag?post=779839"}],"curies":[{"name":"wp","href":"https:\/\/api.w.org\/{rel}","templated":true}]}}