{"id":779830,"date":"2025-12-30T12:12:55","date_gmt":"2025-12-30T09:12:55","guid":{"rendered":"https:\/\/roveyayinevi.com.tr\/index.php\/urun\/pastutmaz-ailesi-2-oyun-baslasin\/"},"modified":"2026-04-15T03:44:21","modified_gmt":"2026-04-15T00:44:21","slug":"pastutmaz-ailesi-2-oyun-baslasin","status":"publish","type":"product","link":"https:\/\/roveyayinevi.com.tr\/index.php\/urun\/pastutmaz-ailesi-2-oyun-baslasin\/","title":{"rendered":"Pastutmaz Ailesi 2 \u2013 Oyun Ba\u015flas\u0131n"},"content":{"rendered":"<p>Her biri farkl\u0131 yeteneklere ve s\u0131cac\u0131k bir kalbe sahip, s\u0131n\u0131rs\u0131z hayal gu\u0308\u00e7leriyle orijinal bir aile Pastutmazlar. Kasabada su\u0308rprizlerle dolu bir gu\u0308n\u2026 Barbar Furax geri d\u00f6ndu\u0308! Pastutmazlar i\u00e7in macera ka\u00e7\u0131n\u0131lmaz, heyecan ve aksiyon dorukta! Bir tarafta Pastutmazlar\u0131n cesareti ve yarat\u0131c\u0131l\u0131\u011f\u0131, di\u011fer tarafta Barbar Furax\u2019\u0131n zorbal\u0131\u011f\u0131 ve ac\u0131mas\u0131zl\u0131\u011f\u0131&#8230; Bu kez, Barbar Furax\u2019\u0131n elinde lanetli bir kumanda, akl\u0131nda \u00e7\u0131lg\u0131n bir plan var. Ultra tekno Furax, lanetli kumandas\u0131yla kasabay\u0131 oyun alan\u0131na \u00e7evirmeye kararl\u0131. Pastutmaz Ailesi, Barbar Furax\u2019\u0131 bir kez daha durdurabilecek mi? Peki, Furax\u2019\u0131n k\u00f6tu\u0308lu\u0308kle beslenen kalbi iyilikle ku\u015fat\u0131ld\u0131\u011f\u0131nda yenilgiyi kabul edecek mi? Haz\u0131rsan, oyun ba\u015flas\u0131n! <\/p>\n","protected":false},"excerpt":{"rendered":"<p>Her biri farkl\u0131 yeteneklere ve s\u0131cac\u0131k bir kalbe sahip, s\u0131n\u0131rs\u0131z hayal gu\u0308\u00e7leriyle orijinal bir aile Pastutmazlar. Kasabada su\u0308rprizlerle dolu bir gu\u0308n\u2026 Barbar Furax geri d\u00f6ndu\u0308! Pastutmazlar<span class=\"excerpt-hellip\"> [\u2026]<\/span><\/p>\n","protected":false},"featured_media":0,"template":"","meta":{"_monsterinsights_skip_tracking":false,"_monsterinsights_sitenote_active":false,"_monsterinsights_sitenote_note":"","_monsterinsights_sitenote_category":0},"product_brand":[],"product_cat":[12689,12274],"product_tag":[],"class_list":{"0":"post-779830","1":"product","2":"type-product","3":"status-publish","5":"product_cat-cizgi-roman-cocuk-ve-genclik-kitaplari","6":"product_cat-cocuk-ve-genclik-kitaplari","7":"pa_cilt-ciltsiz","8":"pa_tur-kitap","9":"pa_yayinevi-eksik-parca-yayinlari","10":"pa_yazar-esra-apaydin-pierre-can-apaydin","12":"first","13":"instock","14":"sale","15":"shipping-taxable","16":"purchasable","17":"product-type-simple"},"_links":{"self":[{"href":"https:\/\/roveyayinevi.com.tr\/index.php\/wp-json\/wp\/v2\/product\/779830","targetHints":{"allow":["GET"]}}],"collection":[{"href":"https:\/\/roveyayinevi.com.tr\/index.php\/wp-json\/wp\/v2\/product"}],"about":[{"href":"https:\/\/roveyayinevi.com.tr\/index.php\/wp-json\/wp\/v2\/types\/product"}],"wp:attachment":[{"href":"https:\/\/roveyayinevi.com.tr\/index.php\/wp-json\/wp\/v2\/media?parent=779830"}],"wp:term":[{"taxonomy":"product_brand","embeddable":true,"href":"https:\/\/roveyayinevi.com.tr\/index.php\/wp-json\/wp\/v2\/product_brand?post=779830"},{"taxonomy":"product_cat","embeddable":true,"href":"https:\/\/roveyayinevi.com.tr\/index.php\/wp-json\/wp\/v2\/product_cat?post=779830"},{"taxonomy":"product_tag","embeddable":true,"href":"https:\/\/roveyayinevi.com.tr\/index.php\/wp-json\/wp\/v2\/product_tag?post=779830"}],"curies":[{"name":"wp","href":"https:\/\/api.w.org\/{rel}","templated":true}]}}