{"id":779827,"date":"2025-12-30T12:12:45","date_gmt":"2025-12-30T09:12:45","guid":{"rendered":"https:\/\/roveyayinevi.com.tr\/index.php\/urun\/dark-souls-sayi-5-sogut-kral\/"},"modified":"2026-04-15T03:44:21","modified_gmt":"2026-04-15T00:44:21","slug":"dark-souls-sayi-5-sogut-kral","status":"publish","type":"product","link":"https:\/\/roveyayinevi.com.tr\/index.php\/urun\/dark-souls-sayi-5-sogut-kral\/","title":{"rendered":"Dark Souls Say\u0131 5 S\u00f6\u011f\u00fct Kral"},"content":{"rendered":"<p>\u201cVAH\u015e\u0130 DERECEDE G\u00d6RKEML\u0130!\u201d -AIPT USTRAD D\u0130YARININ KRALI UTHREL, B\u00dcY\u00dcK B\u0130R SAVA\u015e\u00c7IYI ALEV\u0130 HARLAMAYA G\u00d6NDER\u0130R. O SAVA\u015e\u00c7I HERAD\u2019DIR, SOYLU B\u0130R \u015e\u00d6VALYE. LAK\u0130N ALEV \u00c7OK G\u00dc\u00c7L\u00dcD\u00dcR VE ONU T\u00dcKET\u0130P K\u00dcLE \u00c7EV\u0130R\u0130R. BUNUN \u00dcZER\u0130NE G\u00d6REV\u0130 KRAL UTHREL B\u0130ZZAT DEVRALIR, BA\u015eARILI OLUR VE Y\u00dcCE B\u0130R K\u00dcL LORDU HAL\u0130NE GEL\u0130R. \u015e\u0130MD\u0130 B\u0130R KEZ DAHA ALEV\u0130N HARLANMA ZAMANIDIR ANCAK UTHREL G\u00d6REV\u0130NE \u0130HANET EDER VE KABUSLARDAN FIRLAMA S\u00d6\u011e\u00dcT KRAL\u2019A D\u00d6N\u00dc\u015e\u00dcR. \u00d6L\u00dcLERDEN OLU\u015eAN B\u0130R ORDUYA H\u00dcKMETMEKTED\u0130R. HERAD B\u0130R RUHSUZ OLARAK K\u00dcLLER\u0130NDEN D\u0130R\u0130L\u0130R, ESK\u0130 EFEND\u0130S\u0130N\u0130 ALEV\u0130 HARLAMAYA \u0130KNA ETMEK VE D\u00dcNYAYA YA\u015eAMI D\u00d6ND\u00dcRMEK \u0130\u00c7\u0130N \u00dc\u00c7 \u00c7OK FARKLI KAHRAMANLA G\u00dc\u00c7LER\u0130N\u0130 B\u0130RLE\u015eT\u0130R\u0130R. ANCAK USTRAD\u2019IN Y\u0130T\u0130K KRALLI\u011eINA SEYAHATZORLU VE ACI VER\u0130C\u0130 OLACAKTIR. HERAD VE M\u00dcTTEF\u0130KLER\u0130 BURAYI MESKEN TUTMU\u015e CANAVARLARLA Y\u00dcZLE\u015eMEK ZORUNDADIR&#8230; EFSANEV\u0130 STAR WARS YAZARI GEORGE MANN VE KORKU \u00c7\u0130ZER\u0130 MANN HOUSE\u2019TAN, TITAN COMICS\u2019\u0130N DARK SOULS SER\u0130S\u0130NE YEN\u0130 B\u0130R SOLUK. \u00c7OK SEV\u0130LEN V\u0130DEO OYUNU SER\u0130S\u0130NDEN UYARLANDI. <\/p>\n","protected":false},"excerpt":{"rendered":"<p>\u201cVAH\u015e\u0130 DERECEDE G\u00d6RKEML\u0130!\u201d -AIPT USTRAD D\u0130YARININ KRALI UTHREL, B\u00dcY\u00dcK B\u0130R SAVA\u015e\u00c7IYI ALEV\u0130 HARLAMAYA G\u00d6NDER\u0130R. O SAVA\u015e\u00c7I HERAD\u2019DIR, SOYLU B\u0130R \u015e\u00d6VALYE. LAK\u0130N ALEV \u00c7OK G\u00dc\u00c7L\u00dcD\u00dcR VE ONU<span class=\"excerpt-hellip\"> [\u2026]<\/span><\/p>\n","protected":false},"featured_media":0,"template":"","meta":{"_monsterinsights_skip_tracking":false,"_monsterinsights_sitenote_active":false,"_monsterinsights_sitenote_note":"","_monsterinsights_sitenote_category":0},"product_brand":[],"product_cat":[12416,12291],"product_tag":[],"class_list":{"0":"post-779827","1":"product","2":"type-product","3":"status-publish","5":"product_cat-cizgi-roman","6":"product_cat-edebiyat","7":"pa_cilt-ciltsiz","8":"pa_tur-kitap","9":"pa_yayinevi-eksik-parca-yayinlari","10":"pa_yazar-george-mann","12":"first","13":"instock","14":"sale","15":"shipping-taxable","16":"purchasable","17":"product-type-simple"},"_links":{"self":[{"href":"https:\/\/roveyayinevi.com.tr\/index.php\/wp-json\/wp\/v2\/product\/779827","targetHints":{"allow":["GET"]}}],"collection":[{"href":"https:\/\/roveyayinevi.com.tr\/index.php\/wp-json\/wp\/v2\/product"}],"about":[{"href":"https:\/\/roveyayinevi.com.tr\/index.php\/wp-json\/wp\/v2\/types\/product"}],"wp:attachment":[{"href":"https:\/\/roveyayinevi.com.tr\/index.php\/wp-json\/wp\/v2\/media?parent=779827"}],"wp:term":[{"taxonomy":"product_brand","embeddable":true,"href":"https:\/\/roveyayinevi.com.tr\/index.php\/wp-json\/wp\/v2\/product_brand?post=779827"},{"taxonomy":"product_cat","embeddable":true,"href":"https:\/\/roveyayinevi.com.tr\/index.php\/wp-json\/wp\/v2\/product_cat?post=779827"},{"taxonomy":"product_tag","embeddable":true,"href":"https:\/\/roveyayinevi.com.tr\/index.php\/wp-json\/wp\/v2\/product_tag?post=779827"}],"curies":[{"name":"wp","href":"https:\/\/api.w.org\/{rel}","templated":true}]}}