{"id":779824,"date":"2025-12-30T12:12:36","date_gmt":"2025-12-30T09:12:36","guid":{"rendered":"https:\/\/roveyayinevi.com.tr\/index.php\/urun\/iletisimde-is-birligi-medya-ve-teknolojide-ortak-calisma\/"},"modified":"2026-04-15T03:44:21","modified_gmt":"2026-04-15T00:44:21","slug":"iletisimde-is-birligi-medya-ve-teknolojide-ortak-calisma","status":"publish","type":"product","link":"https:\/\/roveyayinevi.com.tr\/index.php\/urun\/iletisimde-is-birligi-medya-ve-teknolojide-ortak-calisma\/","title":{"rendered":"\u0130leti\u015fimde \u0130\u015f Birli\u011fi Medya Ve Teknolojide Ortak \u00c7al\u0131\u015fma"},"content":{"rendered":"<p>\u0130\u00e7indekiler :   \u00b7         MEDYA EKOS\u0130STEM\u0130NDE ET\u0130K VE \u0130\u015e B\u0130RL\u0130\u011e\u0130: GELENEKSEL PARAD\u0130GMALARDAN D\u0130J\u0130TAL D\u00d6N\u00dc\u015e\u00dcME   \u00b7         Z\u0130NDEREN YEN\u0130 MEDYA VE \u0130\u015e B\u0130RL\u0130\u011e\u0130 K\u00dcLT\u00dcR\u00dc   \u00b7         SUBA\u015eI K\u00dcRESEL MEDYA A\u011eLARINDA ORTAKLIKLAR   \u00b7         ULUSLARARASI MEDYA KURULU\u015eLARININ \u0130\u015e B\u0130RL\u0130KLER\u0130: K\u00dcRESEL \u0130\u00c7ER\u0130K PAYLA\u015eIMINDA ANADOLU AJANSI VE GETTY IMAGES \u00d6RNE\u011e\u0130   \u00b7         GAZETEC\u0130L\u0130KTE ORTAK \u00dcRET\u0130M PRAT\u0130KLER\u0130: K\u0130TLE KAYNAK KULLANIMININ ROL\u00dc   \u00b7         VER\u0130 GAZETEC\u0130L\u0130\u011e\u0130NDE \u0130\u015e B\u0130RL\u0130\u011e\u0130: \u00c7OK AKT\u00d6RL\u00dc B\u0130R \u00dcRET\u0130M S\u00dcREC\u0130   \u00b7         METAVERSE VE GAZETEC\u0130L\u0130\u011e\u0130N D\u00d6N\u00dc\u015e\u00dcM\u00dc \u201c\u015e\u0130MD\u0130 VE GELECEK SENARYOLARI\u201d     \u00b7         HABERC\u0130L\u0130KTE YAPAY ZEK\u00c2NIN Y\u00dcKSEL\u0130\u015e\u0130: PROMPT TEMELL\u0130 \u0130\u00c7ER\u0130K \u00dcRET\u0130M\u0130N\u0130N D\u00d6N\u00dc\u015eT\u00dcR\u00dcC\u00dc G\u00dcC\u00dc   \u00b7         HALKLA \u0130L\u0130\u015eK\u0130LERDE YAPAY ZEK\u00c2 TEMELL\u0130 H\u0130K\u00c2YE ANLATICILI\u011eI   \u00b7         MEDYA END\u00dcSTR\u0130S\u0130NDE \u0130\u015e B\u0130RL\u0130\u011e\u0130 VE \u0130NOVASYON   \u00b7         \u0130LET\u0130\u015e\u0130M STRATEJ\u0130LER\u0130 VE EK\u0130P \u00c7ALI\u015eMASI   \u00b7         KR\u0130Z \u0130LET\u0130\u015e\u0130M\u0130NDE KOLEKT\u0130F STRATEJ\u0130LER <\/p>\n","protected":false},"excerpt":{"rendered":"<p>\u0130\u00e7indekiler : \u00b7 MEDYA EKOS\u0130STEM\u0130NDE ET\u0130K VE \u0130\u015e B\u0130RL\u0130\u011e\u0130: GELENEKSEL PARAD\u0130GMALARDAN D\u0130J\u0130TAL D\u00d6N\u00dc\u015e\u00dcME \u00b7 Z\u0130NDEREN YEN\u0130 MEDYA VE \u0130\u015e B\u0130RL\u0130\u011e\u0130 K\u00dcLT\u00dcR\u00dc \u00b7 SUBA\u015eI K\u00dcRESEL MEDYA A\u011eLARINDA<span class=\"excerpt-hellip\"> [\u2026]<\/span><\/p>\n","protected":false},"featured_media":0,"template":"","meta":{"_monsterinsights_skip_tracking":false,"_monsterinsights_sitenote_active":false,"_monsterinsights_sitenote_note":"","_monsterinsights_sitenote_category":0},"product_brand":[],"product_cat":[13005,40995],"product_tag":[],"class_list":{"0":"post-779824","1":"product","2":"type-product","3":"status-publish","5":"product_cat-bilim-muhendislik","6":"product_cat-sosyal-bilimler","7":"pa_cilt-ciltsiz","8":"pa_tur-kitap","9":"pa_yayinevi-gazi-kitabevi","10":"pa_yazar-kolektif","12":"first","13":"instock","14":"sale","15":"shipping-taxable","16":"purchasable","17":"product-type-simple"},"_links":{"self":[{"href":"https:\/\/roveyayinevi.com.tr\/index.php\/wp-json\/wp\/v2\/product\/779824","targetHints":{"allow":["GET"]}}],"collection":[{"href":"https:\/\/roveyayinevi.com.tr\/index.php\/wp-json\/wp\/v2\/product"}],"about":[{"href":"https:\/\/roveyayinevi.com.tr\/index.php\/wp-json\/wp\/v2\/types\/product"}],"wp:attachment":[{"href":"https:\/\/roveyayinevi.com.tr\/index.php\/wp-json\/wp\/v2\/media?parent=779824"}],"wp:term":[{"taxonomy":"product_brand","embeddable":true,"href":"https:\/\/roveyayinevi.com.tr\/index.php\/wp-json\/wp\/v2\/product_brand?post=779824"},{"taxonomy":"product_cat","embeddable":true,"href":"https:\/\/roveyayinevi.com.tr\/index.php\/wp-json\/wp\/v2\/product_cat?post=779824"},{"taxonomy":"product_tag","embeddable":true,"href":"https:\/\/roveyayinevi.com.tr\/index.php\/wp-json\/wp\/v2\/product_tag?post=779824"}],"curies":[{"name":"wp","href":"https:\/\/api.w.org\/{rel}","templated":true}]}}