{"id":779820,"date":"2025-12-30T12:12:22","date_gmt":"2025-12-30T09:12:22","guid":{"rendered":"https:\/\/roveyayinevi.com.tr\/index.php\/urun\/gecmisteki-yarali-ruh-2\/"},"modified":"2026-04-15T03:44:21","modified_gmt":"2026-04-15T00:44:21","slug":"gecmisteki-yarali-ruh-2","status":"publish","type":"product","link":"https:\/\/roveyayinevi.com.tr\/index.php\/urun\/gecmisteki-yarali-ruh-2\/","title":{"rendered":"Ge\u00e7mi\u015fteki Yaral\u0131 Ruh 2"},"content":{"rendered":"<p>1 Ocak, Saat 02.15\u201cFelaket an\u0131 kovalar.\u201d\u0130tfaiye sesleri, burnuma dolan keskin duman, d\u00f6rt bir yan\u0131m\u0131 saran alevler, ambulans sirenleri. Uykumdan uyand\u0131\u011f\u0131m an kulaklar\u0131ma dolan sesler. 31 Aral\u0131k\u2019\u0131 1 Ocak\u2019a ba\u011flayan gece. Y\u0131l\u0131n ilk g\u00fcn\u00fc. \u0130lk gece yar\u0131s\u0131.Doruk y\u0131l\u0131n ilk yar\u0131\u015f\u0131na gitmi\u015f, bense ge\u00e7 olmadan d\u00fcn\u00fcn yorgunlu\u011fuyla yata\u011fa girmi\u015ftim. Ta ki o sese kadar. Burnuma dolan dumana kadar. Evimiz yan\u0131yordu\u2026Yerimden k\u0131m\u0131ldayacak g\u00fcc\u00fcm yoktu. \u015eok olmu\u015f bir h\u00e2lde uykulu g\u00f6zlerimi tutu\u015fan perdelerde, e\u015fyalar\u0131mda, masam\u0131n \u00fczerindeki \u00e7er\u00e7evede gezdiriyordum. G\u00f6ktu\u011f ve benim resmim tutu\u015ftu\u011fu an b\u00fcy\u00fck bir fark\u0131ndal\u0131kla yerimden kalkt\u0131m fakat beklemedi\u011fim bir \u015fey oldu. Hi\u00e7 beklemedi\u011fim, hesapta olmayan bir \u015fey. Tavandan savrulup yana\u011f\u0131m\u0131n sa\u011f taraf\u0131na d\u00fc\u015fen ate\u015f par\u00e7as\u0131 ve dudaklar\u0131mdan kopan ac\u0131 feryat&#8230;<\/p>\n","protected":false},"excerpt":{"rendered":"<p>1 Ocak, Saat 02.15\u201cFelaket an\u0131 kovalar.\u201d\u0130tfaiye sesleri, burnuma dolan keskin duman, d\u00f6rt bir yan\u0131m\u0131 saran alevler, ambulans sirenleri. Uykumdan uyand\u0131\u011f\u0131m an kulaklar\u0131ma dolan sesler. 31 Aral\u0131k\u2019\u0131<span class=\"excerpt-hellip\"> [\u2026]<\/span><\/p>\n","protected":false},"featured_media":0,"template":"","meta":{"_monsterinsights_skip_tracking":false,"_monsterinsights_sitenote_active":false,"_monsterinsights_sitenote_note":"","_monsterinsights_sitenote_category":0},"product_brand":[],"product_cat":[12291,12711],"product_tag":[],"class_list":{"0":"post-779820","1":"product","2":"type-product","3":"status-publish","5":"product_cat-edebiyat","6":"product_cat-roman-oyku","7":"pa_cilt-ciltsiz","8":"pa_tur-kitap","9":"pa_yayinevi-ulysses-yayinlari","10":"pa_yazar-yagmur-n-bayac","12":"first","13":"instock","14":"sale","15":"shipping-taxable","16":"purchasable","17":"product-type-simple"},"_links":{"self":[{"href":"https:\/\/roveyayinevi.com.tr\/index.php\/wp-json\/wp\/v2\/product\/779820","targetHints":{"allow":["GET"]}}],"collection":[{"href":"https:\/\/roveyayinevi.com.tr\/index.php\/wp-json\/wp\/v2\/product"}],"about":[{"href":"https:\/\/roveyayinevi.com.tr\/index.php\/wp-json\/wp\/v2\/types\/product"}],"wp:attachment":[{"href":"https:\/\/roveyayinevi.com.tr\/index.php\/wp-json\/wp\/v2\/media?parent=779820"}],"wp:term":[{"taxonomy":"product_brand","embeddable":true,"href":"https:\/\/roveyayinevi.com.tr\/index.php\/wp-json\/wp\/v2\/product_brand?post=779820"},{"taxonomy":"product_cat","embeddable":true,"href":"https:\/\/roveyayinevi.com.tr\/index.php\/wp-json\/wp\/v2\/product_cat?post=779820"},{"taxonomy":"product_tag","embeddable":true,"href":"https:\/\/roveyayinevi.com.tr\/index.php\/wp-json\/wp\/v2\/product_tag?post=779820"}],"curies":[{"name":"wp","href":"https:\/\/api.w.org\/{rel}","templated":true}]}}