{"id":779819,"date":"2025-12-30T12:12:20","date_gmt":"2025-12-30T09:12:20","guid":{"rendered":"https:\/\/roveyayinevi.com.tr\/index.php\/urun\/vazgecebilme-ciltli\/"},"modified":"2026-04-15T03:44:21","modified_gmt":"2026-04-15T00:44:21","slug":"vazgecebilme-ciltli","status":"publish","type":"product","link":"https:\/\/roveyayinevi.com.tr\/index.php\/urun\/vazgecebilme-ciltli\/","title":{"rendered":"Vazge\u00e7ebilme (Ciltli)"},"content":{"rendered":"<p>\u201cGer\u00e7ek g\u00fc\u00e7, bazen sadece b\u0131rakmakt\u0131r.\u201d Gelmi\u015f ge\u00e7mi\u015f en \u00e7ok satan ki\u015fisel geli\u015fim kitaplar\u0131ndan biri olan Vazge\u00e7ebilmek mutlulu\u011fa giden yolda yan\u0131n\u0131zda bulundurabilece\u011finiz en g\u00fcvenilir k\u0131lavuz. Sizi mutluluktan al\u0131koyanlar neler bir d\u00fc\u015f\u00fcn\u00fcn. Neyi tutuyorsunuz? Ge\u00e7mi\u015fi mi? Korkular\u0131 m\u0131? Yanl\u0131\u015f insanlar\u0131, bitmi\u015f hayalleri, sizi yoran duygular\u0131 m\u0131? Ve hepsinden vazge\u00e7in gitsin. S\u00f6ylemesi kolay ama yapmas\u0131 de\u011fil, \u00f6yle mi? Bu kitap, yaln\u0131zca \u201cNas\u0131l vazge\u00e7ilir?\u201d sorusunun cevab\u0131n\u0131 de\u011fil, b\u0131rakman\u0131n neden bir kay\u0131p olmad\u0131\u011f\u0131n\u0131, \u00f6zg\u00fcrl\u00fck oldu\u011funu anlat\u0131yor. Sayfalar\u0131 \u00e7evirdik\u00e7e hafifleyecek, ger\u00e7ekten de\u011fi\u015febilece\u011finizi hissedeceksiniz. Vazge\u00e7ebilmek\u2019i okurken \u00f6fke, kin, kayg\u0131, su\u00e7luluk duygusu ve daha pek \u00e7ok olumsuz d\u00fc\u015f\u00fcnceden ar\u0131nd\u0131\u011f\u0131n\u0131z\u0131 fark edecek ve her sorunun cevab\u0131n\u0131n yine sizin i\u00e7inizde oldu\u011funu g\u00f6receksiniz. Ger\u00e7ek ya\u015fam \u00f6yk\u00fcleri, i\u00e7ten diyaloglar ve zihni \u00e7al\u0131\u015ft\u0131ran sorular zaten i\u00e7inizde bar\u0131nd\u0131rd\u0131\u011f\u0131n\u0131z g\u00fcc\u00fc ve duygusal \u00f6zg\u00fcrl\u00fc\u011f\u00fc size geri verecek. \u015eimdi b\u0131rak. Ve kim oldu\u011funu hat\u0131rla. \u00c7\u00fcnk\u00fc en derin huzur, en cesur b\u0131rak\u0131\u015fta sakl\u0131d\u0131r. <\/p>\n","protected":false},"excerpt":{"rendered":"<p>\u201cGer\u00e7ek g\u00fc\u00e7, bazen sadece b\u0131rakmakt\u0131r.\u201d Gelmi\u015f ge\u00e7mi\u015f en \u00e7ok satan ki\u015fisel geli\u015fim kitaplar\u0131ndan biri olan Vazge\u00e7ebilmek mutlulu\u011fa giden yolda yan\u0131n\u0131zda bulundurabilece\u011finiz en g\u00fcvenilir k\u0131lavuz. Sizi mutluluktan<span class=\"excerpt-hellip\"> [\u2026]<\/span><\/p>\n","protected":false},"featured_media":0,"template":"","meta":{"_monsterinsights_skip_tracking":false,"_monsterinsights_sitenote_active":false,"_monsterinsights_sitenote_note":"","_monsterinsights_sitenote_category":0},"product_brand":[],"product_cat":[12364,12376],"product_tag":[],"class_list":{"0":"post-779819","1":"product","2":"type-product","3":"status-publish","5":"product_cat-genel-konular","6":"product_cat-kisisel-gelisim","7":"pa_cilt-ciltli","8":"pa_tur-kitap","9":"pa_yayinevi-destek-yayinlari","10":"pa_yazar-guy-finley","12":"first","13":"instock","14":"sale","15":"shipping-taxable","16":"purchasable","17":"product-type-simple"},"_links":{"self":[{"href":"https:\/\/roveyayinevi.com.tr\/index.php\/wp-json\/wp\/v2\/product\/779819","targetHints":{"allow":["GET"]}}],"collection":[{"href":"https:\/\/roveyayinevi.com.tr\/index.php\/wp-json\/wp\/v2\/product"}],"about":[{"href":"https:\/\/roveyayinevi.com.tr\/index.php\/wp-json\/wp\/v2\/types\/product"}],"wp:attachment":[{"href":"https:\/\/roveyayinevi.com.tr\/index.php\/wp-json\/wp\/v2\/media?parent=779819"}],"wp:term":[{"taxonomy":"product_brand","embeddable":true,"href":"https:\/\/roveyayinevi.com.tr\/index.php\/wp-json\/wp\/v2\/product_brand?post=779819"},{"taxonomy":"product_cat","embeddable":true,"href":"https:\/\/roveyayinevi.com.tr\/index.php\/wp-json\/wp\/v2\/product_cat?post=779819"},{"taxonomy":"product_tag","embeddable":true,"href":"https:\/\/roveyayinevi.com.tr\/index.php\/wp-json\/wp\/v2\/product_tag?post=779819"}],"curies":[{"name":"wp","href":"https:\/\/api.w.org\/{rel}","templated":true}]}}