{"id":779818,"date":"2025-12-30T12:12:18","date_gmt":"2025-12-30T09:12:18","guid":{"rendered":"https:\/\/roveyayinevi.com.tr\/index.php\/urun\/hayir-diyebilme-sanati-ciltli\/"},"modified":"2026-04-08T03:41:10","modified_gmt":"2026-04-08T00:41:10","slug":"hayir-diyebilme-sanati-ciltli","status":"publish","type":"product","link":"https:\/\/roveyayinevi.com.tr\/index.php\/urun\/hayir-diyebilme-sanati-ciltli\/","title":{"rendered":"Hay\u0131r Diyebilme Sanat\u0131 (Ciltli)"},"content":{"rendered":"<p>Ger\u00e7ekten \u201c\u00f6zg\u00fcr\u201d m\u00fcs\u00fcn\u00fcz?   Diledi\u011finiz zaman diledi\u011finiz yeme\u011fi yiyebiliyor olmak m\u0131d\u0131r sizce \u00f6zg\u00fcrl\u00fck? Toplumsal hi\u00e7bir bask\u0131 hissetmeden i\u00e7inizden geldi\u011fi gibi giyinebiliyor olmak m\u0131 yoksa? Can\u0131n\u0131z\u0131n istedi\u011fi saatte uyuyup, can\u0131n\u0131z\u0131n istedi\u011fi saatte uyanarak, yine can\u0131n\u0131z\u0131n istedi\u011fi saatlerde istedi\u011finiz kadar \u00e7al\u0131\u015farak, ihtiyac\u0131n\u0131z olan paray\u0131 kazanabilmeniz mi? Bir hafta sonu tatilinde cep telefonunuzu kapatt\u0131\u011f\u0131n\u0131zda m\u0131 \u00f6zg\u00fcr hissediyorsunuz sadece kendinizi? Hayat\u0131n\u0131zla ilgili her karar\u0131n\u0131z\u0131 sadece kendinizi d\u00fc\u015f\u00fcnerek mi al\u0131yorsunuz? Kaderinizin ipleri tamamen sizin elinizde mi? Ba\u015fkalar\u0131n\u0131n sizden yararland\u0131\u011f\u0131n\u0131 d\u00fc\u015f\u00fcnd\u00fc\u011f\u00fcn\u00fcz oluyor mu? Kaybetmekten korktu\u011funuz insanlar yok mu? De\u011fi\u015fmeye ne kadar a\u00e7\u0131ks\u0131n\u0131z? En az\u0131ndan yumurtay\u0131 nas\u0131l yemekten ho\u015fland\u0131\u011f\u0131n\u0131z\u0131 d\u00fc\u015f\u00fcn\u00fcn. \u0130lle de rafadan m\u0131 yoksa \u201cBug\u00fcnl\u00fck de b\u00f6yle olsun, ne fark eder ki?\u201d dedi\u011finiz olur mu? \u00d6nemsiz gibi g\u00f6r\u00fcnen bu k\u00fc\u00e7\u00fcc\u00fck ayr\u0131nt\u0131lar\u0131n m\u00fccadelesi i\u00e7inde silinip gider sizi siz yapan s\u0131n\u0131rlar\u0131n\u0131z. \u00c7\u00fcnk\u00fc \u201c\u00f6zg\u00fcrl\u00fck\u201d sand\u0131\u011f\u0131n\u0131z gibi \u201cs\u0131n\u0131rs\u0131z\u201d olmak demek de\u011fildir, tam tersine net ve g\u00fc\u00e7l\u00fc s\u0131n\u0131rlara sahip olabilmenizle ilgilidir. Di\u011fer bir deyi\u015fle, hay\u0131r diyebildi\u011finiz \u00f6l\u00e7\u00fcde, \u00f6zg\u00fcrl\u00fck alan\u0131n\u0131za sahip \u00e7\u0131kars\u0131n\u0131z. Hay\u0131r Diyebilme Sanat\u0131 s\u0131n\u0131rlar\u0131n\u0131z\u0131 do\u011fru \u00e7izerek, kendinize geni\u015f bir \u00f6zg\u00fcrl\u00fck ve \u00f6zg\u00fcven alan\u0131 yaratman\u0131n incelikleriyle dolu, duyarl\u0131 bir rehber&#8230; <\/p>\n","protected":false},"excerpt":{"rendered":"<p>Ger\u00e7ekten \u201c\u00f6zg\u00fcr\u201d m\u00fcs\u00fcn\u00fcz? Diledi\u011finiz zaman diledi\u011finiz yeme\u011fi yiyebiliyor olmak m\u0131d\u0131r sizce \u00f6zg\u00fcrl\u00fck? Toplumsal hi\u00e7bir bask\u0131 hissetmeden i\u00e7inizden geldi\u011fi gibi giyinebiliyor olmak m\u0131 yoksa? Can\u0131n\u0131z\u0131n istedi\u011fi saatte<span class=\"excerpt-hellip\"> [\u2026]<\/span><\/p>\n","protected":false},"featured_media":0,"template":"","meta":{"_monsterinsights_skip_tracking":false,"_monsterinsights_sitenote_active":false,"_monsterinsights_sitenote_note":"","_monsterinsights_sitenote_category":0},"product_brand":[],"product_cat":[12364,12376],"product_tag":[],"class_list":{"0":"post-779818","1":"product","2":"type-product","3":"status-publish","5":"product_cat-genel-konular","6":"product_cat-kisisel-gelisim","7":"pa_cilt-ciltli","8":"pa_tur-kitap","9":"pa_yayinevi-destek-yayinlari","10":"pa_yazar-muthis-psikoloji","12":"first","13":"instock","14":"sale","15":"shipping-taxable","16":"purchasable","17":"product-type-simple"},"_links":{"self":[{"href":"https:\/\/roveyayinevi.com.tr\/index.php\/wp-json\/wp\/v2\/product\/779818","targetHints":{"allow":["GET"]}}],"collection":[{"href":"https:\/\/roveyayinevi.com.tr\/index.php\/wp-json\/wp\/v2\/product"}],"about":[{"href":"https:\/\/roveyayinevi.com.tr\/index.php\/wp-json\/wp\/v2\/types\/product"}],"wp:attachment":[{"href":"https:\/\/roveyayinevi.com.tr\/index.php\/wp-json\/wp\/v2\/media?parent=779818"}],"wp:term":[{"taxonomy":"product_brand","embeddable":true,"href":"https:\/\/roveyayinevi.com.tr\/index.php\/wp-json\/wp\/v2\/product_brand?post=779818"},{"taxonomy":"product_cat","embeddable":true,"href":"https:\/\/roveyayinevi.com.tr\/index.php\/wp-json\/wp\/v2\/product_cat?post=779818"},{"taxonomy":"product_tag","embeddable":true,"href":"https:\/\/roveyayinevi.com.tr\/index.php\/wp-json\/wp\/v2\/product_tag?post=779818"}],"curies":[{"name":"wp","href":"https:\/\/api.w.org\/{rel}","templated":true}]}}