{"id":779816,"date":"2025-12-30T12:12:12","date_gmt":"2025-12-30T09:12:12","guid":{"rendered":"https:\/\/roveyayinevi.com.tr\/index.php\/urun\/tum-dersler-6-soru-bankasi\/"},"modified":"2026-04-03T03:35:48","modified_gmt":"2026-04-03T00:35:48","slug":"tum-dersler-6-soru-bankasi","status":"publish","type":"product","link":"https:\/\/roveyayinevi.com.tr\/index.php\/urun\/tum-dersler-6-soru-bankasi\/","title":{"rendered":"T\u00fcm Dersler 6 Soru Bankas\u0131"},"content":{"rendered":"<p>Yeni m\u00fcfredata g\u00f6re haz\u0131rlanm\u0131\u015f ve tamam\u0131 video \u00e7\u00f6z\u00fcml\u00fc olan 6. S\u0131n\u0131f T\u00fcm Dersler Soru Bankas\u0131\u2019nda yer alan,  A\u00e7\u0131k U\u00e7lu Sorular ile s\u00fcre\u00e7 odakl\u0131 \u00f6\u011frenmeleri hat\u0131rlayacak,  Konu Kavrama Testleri ile edindi\u011finiz \u00f6\u011frenme \u00e7\u0131kt\u0131lar\u0131n\u0131 peki\u015ftirecek,  Beceri Temelli Tekrar Testleri ile \u00f6\u011frenme \u00e7\u0131kt\u0131lar\u0131n\u0131 beceri d\u00fczeyinde \u00f6l\u00e7erek ve g\u00fcnl\u00fck ya\u015famla ili\u015fkilendirerek t\u00fcm \u00f6\u011frenme sa\u011flayacaks\u0131n\u0131z.Bu kitapta yer alan sorularla,  Okudu\u011funuzu anlama ve yorumlama becerilerinizi geli\u015ftirecek,  Yarat\u0131c\u0131 ve ele\u015ftirel d\u00fc\u015f\u00fcnme yetene\u011finizi g\u00fc\u00e7lendirecek,  Problem \u00e7\u00f6zme ve ak\u0131l y\u00fcr\u00fctme becerilerinizi kullanarak mant\u0131\u011f\u0131n\u0131z\u0131 geli\u015ftirecek,  Analiz ve sentez yapabilme yeteneklerinizi ke\u015ffedecek,  G\u00f6rsel okuma ve yorumlama becerilerinizi art\u0131racaks\u0131n\u0131z.<\/p>\n","protected":false},"excerpt":{"rendered":"<p>Yeni m\u00fcfredata g\u00f6re haz\u0131rlanm\u0131\u015f ve tamam\u0131 video \u00e7\u00f6z\u00fcml\u00fc olan 6. S\u0131n\u0131f T\u00fcm Dersler Soru Bankas\u0131\u2019nda yer alan, A\u00e7\u0131k U\u00e7lu Sorular ile s\u00fcre\u00e7 odakl\u0131 \u00f6\u011frenmeleri hat\u0131rlayacak, Konu<span class=\"excerpt-hellip\"> [\u2026]<\/span><\/p>\n","protected":false},"featured_media":0,"template":"","meta":{"_monsterinsights_skip_tracking":false,"_monsterinsights_sitenote_active":false,"_monsterinsights_sitenote_note":"","_monsterinsights_sitenote_category":0},"product_brand":[],"product_cat":[12566,13473],"product_tag":[],"class_list":{"0":"post-779816","1":"product","2":"type-product","3":"status-publish","5":"product_cat-egitim","6":"product_cat-sinavlara-hazirlik-okula-yardimci-kaynaklar","7":"pa_cilt-ciltsiz","8":"pa_tur-kitap","9":"pa_yayinevi-tudem-yayinlari","10":"pa_yazar-kolektif","12":"first","13":"instock","14":"sale","15":"shipping-taxable","16":"purchasable","17":"product-type-simple"},"_links":{"self":[{"href":"https:\/\/roveyayinevi.com.tr\/index.php\/wp-json\/wp\/v2\/product\/779816","targetHints":{"allow":["GET"]}}],"collection":[{"href":"https:\/\/roveyayinevi.com.tr\/index.php\/wp-json\/wp\/v2\/product"}],"about":[{"href":"https:\/\/roveyayinevi.com.tr\/index.php\/wp-json\/wp\/v2\/types\/product"}],"wp:attachment":[{"href":"https:\/\/roveyayinevi.com.tr\/index.php\/wp-json\/wp\/v2\/media?parent=779816"}],"wp:term":[{"taxonomy":"product_brand","embeddable":true,"href":"https:\/\/roveyayinevi.com.tr\/index.php\/wp-json\/wp\/v2\/product_brand?post=779816"},{"taxonomy":"product_cat","embeddable":true,"href":"https:\/\/roveyayinevi.com.tr\/index.php\/wp-json\/wp\/v2\/product_cat?post=779816"},{"taxonomy":"product_tag","embeddable":true,"href":"https:\/\/roveyayinevi.com.tr\/index.php\/wp-json\/wp\/v2\/product_tag?post=779816"}],"curies":[{"name":"wp","href":"https:\/\/api.w.org\/{rel}","templated":true}]}}