{"id":779813,"date":"2025-12-30T12:12:03","date_gmt":"2025-12-30T09:12:03","guid":{"rendered":"https:\/\/roveyayinevi.com.tr\/index.php\/urun\/merdumgiriz-2\/"},"modified":"2026-04-15T03:44:21","modified_gmt":"2026-04-15T00:44:21","slug":"merdumgiriz-2","status":"publish","type":"product","link":"https:\/\/roveyayinevi.com.tr\/index.php\/urun\/merdumgiriz-2\/","title":{"rendered":"Merd\u00fcmgiriz"},"content":{"rendered":"<p>Karanl\u0131k g\u00f6ky\u00fcz\u00fcn\u00fcn alt\u0131nda y\u00fcr\u00fcyen bir adam\u2026 Kaderin a\u011f\u0131rl\u0131\u011f\u0131yla, ge\u00e7mi\u015fin g\u00f6lgesiyle, insan\u0131n kendi i\u00e7ine a\u00e7t\u0131\u011f\u0131 yaralarla y\u00fczle\u015fen bir yolcu. Merd\u00fcmgiriz, insan\u0131n hem kendinden ka\u00e7\u0131p hem de kendine do\u011fru gitti\u011fi o ince \u00e7izgiyi anlat\u0131yor. Her ad\u0131m\u0131nda biraz daha sorgulayan, biraz daha b\u00fcy\u00fcyen; kaybettikleriyle, bulduklar\u0131yla, sormaya cesaret ettikleriyle \u015fekillenen bir yolculuk. Bu roman; yaln\u0131zl\u0131\u011f\u0131, dostlu\u011fu, aileyi, \u015fehirle k\u00f6y aras\u0131ndaki \u00e7at\u0131\u015fmay\u0131 ve insan\u0131n kendi i\u00e7indeki karanl\u0131\u011f\u0131 anlamaya \u00e7al\u0131\u015fmas\u0131n\u0131n bir hik\u00e2yesidir. Belki de insan\u0131n arad\u0131\u011f\u0131, hep bir ad\u0131m \u00f6tesindedir&#8230; <\/p>\n","protected":false},"excerpt":{"rendered":"<p>Karanl\u0131k g\u00f6ky\u00fcz\u00fcn\u00fcn alt\u0131nda y\u00fcr\u00fcyen bir adam\u2026 Kaderin a\u011f\u0131rl\u0131\u011f\u0131yla, ge\u00e7mi\u015fin g\u00f6lgesiyle, insan\u0131n kendi i\u00e7ine a\u00e7t\u0131\u011f\u0131 yaralarla y\u00fczle\u015fen bir yolcu. Merd\u00fcmgiriz, insan\u0131n hem kendinden ka\u00e7\u0131p hem de kendine<span class=\"excerpt-hellip\"> [\u2026]<\/span><\/p>\n","protected":false},"featured_media":0,"template":"","meta":{"_monsterinsights_skip_tracking":false,"_monsterinsights_sitenote_active":false,"_monsterinsights_sitenote_note":"","_monsterinsights_sitenote_category":0},"product_brand":[],"product_cat":[12291,12711],"product_tag":[],"class_list":{"0":"post-779813","1":"product","2":"type-product","3":"status-publish","5":"product_cat-edebiyat","6":"product_cat-roman-oyku","7":"pa_cilt-ciltsiz","8":"pa_tur-kitap","9":"pa_yayinevi-doksan-dokuz-yayinlari","10":"pa_yazar-muhammed-arda-aytekin","12":"first","13":"instock","14":"sale","15":"shipping-taxable","16":"purchasable","17":"product-type-simple"},"_links":{"self":[{"href":"https:\/\/roveyayinevi.com.tr\/index.php\/wp-json\/wp\/v2\/product\/779813","targetHints":{"allow":["GET"]}}],"collection":[{"href":"https:\/\/roveyayinevi.com.tr\/index.php\/wp-json\/wp\/v2\/product"}],"about":[{"href":"https:\/\/roveyayinevi.com.tr\/index.php\/wp-json\/wp\/v2\/types\/product"}],"wp:attachment":[{"href":"https:\/\/roveyayinevi.com.tr\/index.php\/wp-json\/wp\/v2\/media?parent=779813"}],"wp:term":[{"taxonomy":"product_brand","embeddable":true,"href":"https:\/\/roveyayinevi.com.tr\/index.php\/wp-json\/wp\/v2\/product_brand?post=779813"},{"taxonomy":"product_cat","embeddable":true,"href":"https:\/\/roveyayinevi.com.tr\/index.php\/wp-json\/wp\/v2\/product_cat?post=779813"},{"taxonomy":"product_tag","embeddable":true,"href":"https:\/\/roveyayinevi.com.tr\/index.php\/wp-json\/wp\/v2\/product_tag?post=779813"}],"curies":[{"name":"wp","href":"https:\/\/api.w.org\/{rel}","templated":true}]}}