{"id":779801,"date":"2025-12-30T12:11:34","date_gmt":"2025-12-30T09:11:34","guid":{"rendered":"https:\/\/roveyayinevi.com.tr\/index.php\/urun\/emanet-4\/"},"modified":"2026-04-15T03:44:20","modified_gmt":"2026-04-15T00:44:20","slug":"emanet-4","status":"publish","type":"product","link":"https:\/\/roveyayinevi.com.tr\/index.php\/urun\/emanet-4\/","title":{"rendered":"Emanet"},"content":{"rendered":"<p>\u201cNe yaz\u0131k ki a\u015fk\u0131n hakk\u0131, hukuku yoktu. Adaleti, \u015firazesi, terazisi yoktu. Kimi kibrit \u00e7\u00f6p\u00fc kadar k\u0131sa yan\u0131p s\u00f6nerken, kimi bir \u00f6m\u00fcr s\u00fcr\u00fcyordu. Birbirine benzemiyordu hi\u00e7biri. Kimi, b\u00fcy\u00fck tutkular ve delice arzularla sars\u0131yordu insan\u0131\u2026 K\u0131z\u0131l bir ate\u015fin damgas\u0131n\u0131 vuruyordu de\u011fdi\u011fi yere. Kimi, kalbe huzur estiren, uyumlu, olgun bir melteme benziyordu ve yorgun \u00f6mr\u00fcn son huzur dura\u011f\u0131 oluyordu.\u201d Hayat\u0131n\u0131, \u00e7ocukluk ve gen\u00e7lik y\u0131llar\u0131na damga vuran bir a\u015fk\u0131n g\u00f6lgesinde s\u00fcrd\u00fcren siyaset\u00e7i Berhan Da\u011fl\u0131ca ile o\u011flunun yollar\u0131 ac\u0131 bir olayla yeniden kesi\u015fir ve hi\u00e7 beklemedikleri bir anda pi\u015fmanl\u0131klar\u0131yla y\u00fczle\u015fmek zorunda kal\u0131rlar. Bu gecikmi\u015f hesapla\u015fma onlar i\u00e7in bir son durak m\u0131, yoksa yeniden ba\u015flamak i\u00e7in bir \u015fans m\u0131d\u0131r? Bir renk karma\u015fas\u0131yd\u0131 hayat. Ac\u0131n\u0131n siyah\u0131, mutlulu\u011fun beyaz\u0131, h\u00fczn\u00fcn sar\u0131s\u0131, sevginin ye\u015fili, umudun mavisi\u2026 Ve insan duygular\u0131 g\u00f6kku\u015fa\u011f\u0131na benziyordu. En so\u011fuk ve en s\u0131cak renkler birbirine yaslan\u0131yor, birbirinden besleniyordu.<\/p>\n","protected":false},"excerpt":{"rendered":"<p>\u201cNe yaz\u0131k ki a\u015fk\u0131n hakk\u0131, hukuku yoktu. Adaleti, \u015firazesi, terazisi yoktu. Kimi kibrit \u00e7\u00f6p\u00fc kadar k\u0131sa yan\u0131p s\u00f6nerken, kimi bir \u00f6m\u00fcr s\u00fcr\u00fcyordu. Birbirine benzemiyordu hi\u00e7biri. Kimi,<span class=\"excerpt-hellip\"> [\u2026]<\/span><\/p>\n","protected":false},"featured_media":0,"template":"","meta":{"_monsterinsights_skip_tracking":false,"_monsterinsights_sitenote_active":false,"_monsterinsights_sitenote_note":"","_monsterinsights_sitenote_category":0},"product_brand":[],"product_cat":[12291,12711],"product_tag":[],"class_list":{"0":"post-779801","1":"product","2":"type-product","3":"status-publish","5":"product_cat-edebiyat","6":"product_cat-roman-oyku","7":"pa_cilt-ciltsiz","8":"pa_tur-kitap","9":"pa_yayinevi-ephesus-yayinlari","10":"pa_yazar-fatma-erdek","12":"first","13":"instock","14":"sale","15":"shipping-taxable","16":"purchasable","17":"product-type-simple"},"_links":{"self":[{"href":"https:\/\/roveyayinevi.com.tr\/index.php\/wp-json\/wp\/v2\/product\/779801","targetHints":{"allow":["GET"]}}],"collection":[{"href":"https:\/\/roveyayinevi.com.tr\/index.php\/wp-json\/wp\/v2\/product"}],"about":[{"href":"https:\/\/roveyayinevi.com.tr\/index.php\/wp-json\/wp\/v2\/types\/product"}],"wp:attachment":[{"href":"https:\/\/roveyayinevi.com.tr\/index.php\/wp-json\/wp\/v2\/media?parent=779801"}],"wp:term":[{"taxonomy":"product_brand","embeddable":true,"href":"https:\/\/roveyayinevi.com.tr\/index.php\/wp-json\/wp\/v2\/product_brand?post=779801"},{"taxonomy":"product_cat","embeddable":true,"href":"https:\/\/roveyayinevi.com.tr\/index.php\/wp-json\/wp\/v2\/product_cat?post=779801"},{"taxonomy":"product_tag","embeddable":true,"href":"https:\/\/roveyayinevi.com.tr\/index.php\/wp-json\/wp\/v2\/product_tag?post=779801"}],"curies":[{"name":"wp","href":"https:\/\/api.w.org\/{rel}","templated":true}]}}