{"id":779798,"date":"2025-12-30T12:11:23","date_gmt":"2025-12-30T09:11:23","guid":{"rendered":"https:\/\/roveyayinevi.com.tr\/index.php\/urun\/dorduncu-yol\/"},"modified":"2026-04-15T03:44:20","modified_gmt":"2026-04-15T00:44:20","slug":"dorduncu-yol","status":"publish","type":"product","link":"https:\/\/roveyayinevi.com.tr\/index.php\/urun\/dorduncu-yol\/","title":{"rendered":"D\u00f6rd\u00fcnc\u00fc Yol"},"content":{"rendered":"<p>G. I. Gurdjieff mistik geleneklerin unutulmaya y\u00fcz tuttu\u011fu bir \u00e7a\u011fda ezoterik bilgeliklerin kap\u0131s\u0131n\u0131 aralayan \u00e7arp\u0131c\u0131 bir \u00f6\u011freti sundu: D\u00f6rd\u00fcnc\u00fc Yol. Bu yolda insan ne bir Hint fakiri gibi ac\u0131 \u00e7eker ne bir ke\u015fi\u015f gibi yaln\u0131zl\u0131\u011fa \u00e7ekilir ne de bir yogi gibi d\u00fcnyadan el etek \u00e7eker. G\u00fcndelik ya\u015fam\u0131n i\u00e7indeki deneyimlerin tam ortas\u0131ndan ge\u00e7en ve insan\u0131 kendi hakikatini bulmaya g\u00f6t\u00fcren bir yoldur bu. Gurdjieff\u2019in Ola\u011fand\u0131\u015f\u0131 \u0130nsanlarla Kar\u015f\u0131la\u015fmalar adl\u0131 ba\u015fyap\u0131t\u0131nda s\u0131k\u00e7a s\u00f6z\u00fcn\u00fc etti\u011fi \u201c\u0130nsan\u0131n Uyumlu Geli\u015fimi Enstit\u00fcs\u00fc\u201dnde verdi\u011fi e\u011fitimlerdeki tan\u0131nm\u0131\u015f \u00f6\u011frencileri P. D. Uspenskiy\u2019in ders notlar\u0131 ile Madame de Salzmann\u2019\u0131n s\u00f6yle\u015fi kay\u0131tlar\u0131na dayanan soru ve yan\u0131tlarla ilerleyen bu kitap T\u00fcrk\u00e7e\u2019ye ilk kez ve eksiksiz olarak \u00e7evrilmi\u015ftir.   Bilin\u00e7 nedir? \u0130nsan neden uykudad\u0131r? Ger\u00e7ek \u201cben\u201d nedir? Bizim yerimize al\u0131\u015fkanl\u0131klar\u0131m\u0131z m\u0131 ya\u015f\u0131yor? Bir \u00e2n\u0131 tam anlam\u0131yla ya\u015famak neden b\u00f6ylesine zor? Zaman\u0131 hep ge\u00e7mi\u015f ve gelecek aras\u0131nda t\u00fcketirken nas\u0131l oluyor da \u015fimdiyi ka\u00e7\u0131r\u0131yoruz? Uyanmak olana\u011f\u0131 varsa, neden bu kadar az insan uyanabiliyor? Ve daha bir\u00e7ok sorunun ard\u0131na d\u00fc\u015fm\u00fc\u015f benzersiz bir d\u00fc\u015f\u00fcn\u00fcr\u00fcn e\u015fsiz kitaplar\u0131ndan biri olan D\u00f6rd\u00fcnc\u00fc Yol hem insan\u0131n i\u00e7indeki mikrokozmosta hem de i\u00e7inde yer ald\u0131\u011f\u0131 evren olan makrokozmosta bir aray\u0131\u015f yolculu\u011fudur.   Benlik \u00fczerine d\u00fc\u015f\u00fcnmek, uyanmak ve sorumluluk al\u0131p hakikati do\u011frudan kendi deneyiminde aramak i\u00e7in okura radikal bir \u00e7a\u011fr\u0131.   Kendini bilmeye giden d\u00f6rd\u00fcnc\u00fc yolda varl\u0131\u011f\u0131n\u0131za, al\u0131\u015fkanl\u0131klar\u0131n\u0131za ve potansiyelinize yepyeni bir g\u00f6zle bakmak i\u00e7in \u00f6z\u00fcn\u00fcze do\u011fru bir ilk ad\u0131m.   <\/p>\n","protected":false},"excerpt":{"rendered":"<p>G. I. Gurdjieff mistik geleneklerin unutulmaya y\u00fcz tuttu\u011fu bir \u00e7a\u011fda ezoterik bilgeliklerin kap\u0131s\u0131n\u0131 aralayan \u00e7arp\u0131c\u0131 bir \u00f6\u011freti sundu: D\u00f6rd\u00fcnc\u00fc Yol. Bu yolda insan ne bir Hint<span class=\"excerpt-hellip\"> [\u2026]<\/span><\/p>\n","protected":false},"featured_media":0,"template":"","meta":{"_monsterinsights_skip_tracking":false,"_monsterinsights_sitenote_active":false,"_monsterinsights_sitenote_note":"","_monsterinsights_sitenote_category":0},"product_brand":[],"product_cat":[12358,12357],"product_tag":[],"class_list":{"0":"post-779798","1":"product","2":"type-product","3":"status-publish","5":"product_cat-genel-psikoloji","6":"product_cat-psikoloji","7":"pa_cilt-ciltsiz","8":"pa_tur-kitap","9":"pa_yayinevi-kapi-yayinlari","10":"pa_yazar-g-i-gurdjieff","12":"first","13":"instock","14":"sale","15":"shipping-taxable","16":"purchasable","17":"product-type-simple"},"_links":{"self":[{"href":"https:\/\/roveyayinevi.com.tr\/index.php\/wp-json\/wp\/v2\/product\/779798","targetHints":{"allow":["GET"]}}],"collection":[{"href":"https:\/\/roveyayinevi.com.tr\/index.php\/wp-json\/wp\/v2\/product"}],"about":[{"href":"https:\/\/roveyayinevi.com.tr\/index.php\/wp-json\/wp\/v2\/types\/product"}],"wp:attachment":[{"href":"https:\/\/roveyayinevi.com.tr\/index.php\/wp-json\/wp\/v2\/media?parent=779798"}],"wp:term":[{"taxonomy":"product_brand","embeddable":true,"href":"https:\/\/roveyayinevi.com.tr\/index.php\/wp-json\/wp\/v2\/product_brand?post=779798"},{"taxonomy":"product_cat","embeddable":true,"href":"https:\/\/roveyayinevi.com.tr\/index.php\/wp-json\/wp\/v2\/product_cat?post=779798"},{"taxonomy":"product_tag","embeddable":true,"href":"https:\/\/roveyayinevi.com.tr\/index.php\/wp-json\/wp\/v2\/product_tag?post=779798"}],"curies":[{"name":"wp","href":"https:\/\/api.w.org\/{rel}","templated":true}]}}