{"id":779796,"date":"2025-12-30T12:11:18","date_gmt":"2025-12-30T09:11:18","guid":{"rendered":"https:\/\/roveyayinevi.com.tr\/index.php\/urun\/ionianin-incisi-didimden-bilim-dunyasina-yazilar-sivama-cilt\/"},"modified":"2026-04-15T03:44:20","modified_gmt":"2026-04-15T00:44:20","slug":"ionianin-incisi-didimden-bilim-dunyasina-yazilar-sivama-cilt","status":"publish","type":"product","link":"https:\/\/roveyayinevi.com.tr\/index.php\/urun\/ionianin-incisi-didimden-bilim-dunyasina-yazilar-sivama-cilt\/","title":{"rendered":"Ionia\u2019n\u0131n \u0130ncisi Didim\u2019den Bilim D\u00fcnyas\u0131na Yaz\u0131lar (S\u0131vama Cilt)"},"content":{"rendered":"<p>Ionia\u2019n\u0131n \u0130ncisi Didim\u2019den Bilim D\u00fcnyas\u0131na Yaz\u0131lar, arkeoloji, tarih, k\u00fclt\u00fcr, turizm vegastronomi gibi birbirini tamamlayan disiplinler \u00fczerinden Didim\u2019i \u00e7evresiyle birlikte \u00e7oky\u00f6nl\u00fc bi\u00e7imde ele alan sayg\u0131n akademisyen ve ara\u015ft\u0131rmac\u0131lar\u0131n katk\u0131lar\u0131yla haz\u0131rlanm\u0131\u015fkapsaml\u0131 bir eserdir. Kitapta yer alan her bir \u00e7al\u0131\u015fma, Didim ve \u00e7evresini yaln\u0131zca bir co\u011frafyaya da turistik bir destinasyon olarak de\u011fil; mek\u00e2n\u0131, k\u00fclt\u00fcr\u00fc, d\u00fc\u015f\u00fcnce d\u00fcnyas\u0131 ve ya\u015fambi\u00e7imleriyle birlikte kavranmas\u0131 gereken b\u00fct\u00fcnc\u00fcl bir yap\u0131 olarak de\u011ferlendirmektedir.Bu eser, Didim\u2019in binlerce y\u0131ll\u0131k tarihsel ve k\u00fclt\u00fcrel miras\u0131n\u0131 \u201cgelece\u011fe aktar\u0131lmas\u0131 gereken birhazine\u201d olarak ele al\u0131rken; bilimsel bilginin s\u00fcrd\u00fcr\u00fclebilir sosyo-ekonomik kalk\u0131nma hedeflerii\u00e7in nas\u0131l temel olu\u015fturabilece\u011fine de dikkat \u00e7ekmektedir. B\u00f6lgenin arkeolojikzenginliklerinden k\u00fclt\u00fcrel dokusuna, gastronomik miras\u0131ndan turizm potansiyeline uzanangeni\u015f bir i\u00e7erik, okuyucuya hem derinlikli bilgi hem de yeni bir vizyon sunmaktad\u0131r.Ara\u015ft\u0131rmac\u0131lar, \u00f6\u011frenciler, yerel y\u00f6neticiler ve turizm sekt\u00f6r\u00fcnde \u00e7al\u0131\u015fan profesyoneller i\u00e7in\u00f6nemli bir ba\u015fvuru kayna\u011f\u0131 niteli\u011fi ta\u015f\u0131yan bu \u00e7al\u0131\u015fma, ayn\u0131 zamanda Didim\u2019in gelece\u011fine y\u00f6nverecek bir rehber olarak de\u011ferlendirilebilir. \u0130\u00e7eri\u011finde sunulan bilimsel veriler, analizler ve\u00f6neriler; hem akademik literat\u00fcre katk\u0131 sa\u011flamakta hem de uygulamaya d\u00f6n\u00fck yerelpolitikalara \u0131\u015f\u0131k tutmaktad\u0131r.Didim Belediyesi\u2019nin katk\u0131lar\u0131yla haz\u0131rlanan bu eser, bilimsel ara\u015ft\u0131rmalar\u0131 desteklemek,akademik \u00fcretimi te\u015fvik etmek ve Didim\u2019in tarihsel, k\u00fclt\u00fcrel ve do\u011fal de\u011ferlerini vizyoner biryakla\u015f\u0131mla g\u00f6r\u00fcn\u00fcr k\u0131lmak amac\u0131yla ortaya konmu\u015ftur.<\/p>\n","protected":false},"excerpt":{"rendered":"<p>Ionia\u2019n\u0131n \u0130ncisi Didim\u2019den Bilim D\u00fcnyas\u0131na Yaz\u0131lar, arkeoloji, tarih, k\u00fclt\u00fcr, turizm vegastronomi gibi birbirini tamamlayan disiplinler \u00fczerinden Didim\u2019i \u00e7evresiyle birlikte \u00e7oky\u00f6nl\u00fc bi\u00e7imde ele alan sayg\u0131n akademisyen ve<span class=\"excerpt-hellip\"> [\u2026]<\/span><\/p>\n","protected":false},"featured_media":0,"template":"","meta":{"_monsterinsights_skip_tracking":false,"_monsterinsights_sitenote_active":false,"_monsterinsights_sitenote_note":"","_monsterinsights_sitenote_category":0},"product_brand":[],"product_cat":[52477,52478],"product_tag":[],"class_list":{"0":"post-779796","1":"product","2":"type-product","3":"status-publish","5":"product_cat-arastirma","6":"product_cat-arkeoloji","7":"pa_cilt-ciltli","8":"pa_tur-kitap","9":"pa_yayinevi-bilgin-kultur-sanat","10":"pa_yazar-huseyin-ureten-salih-soslu","12":"first","13":"instock","14":"sale","15":"shipping-taxable","16":"purchasable","17":"product-type-simple"},"_links":{"self":[{"href":"https:\/\/roveyayinevi.com.tr\/index.php\/wp-json\/wp\/v2\/product\/779796","targetHints":{"allow":["GET"]}}],"collection":[{"href":"https:\/\/roveyayinevi.com.tr\/index.php\/wp-json\/wp\/v2\/product"}],"about":[{"href":"https:\/\/roveyayinevi.com.tr\/index.php\/wp-json\/wp\/v2\/types\/product"}],"wp:attachment":[{"href":"https:\/\/roveyayinevi.com.tr\/index.php\/wp-json\/wp\/v2\/media?parent=779796"}],"wp:term":[{"taxonomy":"product_brand","embeddable":true,"href":"https:\/\/roveyayinevi.com.tr\/index.php\/wp-json\/wp\/v2\/product_brand?post=779796"},{"taxonomy":"product_cat","embeddable":true,"href":"https:\/\/roveyayinevi.com.tr\/index.php\/wp-json\/wp\/v2\/product_cat?post=779796"},{"taxonomy":"product_tag","embeddable":true,"href":"https:\/\/roveyayinevi.com.tr\/index.php\/wp-json\/wp\/v2\/product_tag?post=779796"}],"curies":[{"name":"wp","href":"https:\/\/api.w.org\/{rel}","templated":true}]}}