{"id":779790,"date":"2025-12-30T12:11:00","date_gmt":"2025-12-30T09:11:00","guid":{"rendered":"https:\/\/roveyayinevi.com.tr\/index.php\/urun\/dunya-ve-turkiyede-hayvan-haklari-refahin-golgesinde-kronolojik-bir-inceleme\/"},"modified":"2026-04-15T03:44:20","modified_gmt":"2026-04-15T00:44:20","slug":"dunya-ve-turkiyede-hayvan-haklari-refahin-golgesinde-kronolojik-bir-inceleme","status":"publish","type":"product","link":"https:\/\/roveyayinevi.com.tr\/index.php\/urun\/dunya-ve-turkiyede-hayvan-haklari-refahin-golgesinde-kronolojik-bir-inceleme\/","title":{"rendered":"D\u00fcnya ve T\u00fcrkiye\u2019de Hayvan Haklar\u0131: Refah\u0131n G\u00f6lgesinde Kronolojik Bir \u0130nceleme"},"content":{"rendered":"<p>Hayvanlar; dini inan\u00e7 sistemlerinin olu\u015fumundan yerle\u015fik tar\u0131ma ge\u00e7i\u015fe, k\u00fclt\u00fcrel sembollerden ekonomiye kadar insanl\u0131k tarihinin her a\u015famas\u0131nda \u00f6nemli roller \u00fcstlendiler. Ma\u011fara duvarlar\u0131ndan bayraklara, sikkelere, evlerimize ve s\u00fcs e\u015fyalar\u0131na kadar pek \u00e7ok yerde izleri vard\u0131r. Ancak t\u00fcm bu tarihsel ve toplumsal katk\u0131lar\u0131na kar\u015f\u0131n hayvan haklar\u0131, bilimsel \u00e7al\u0131\u015fmalar i\u00e7inde uzun s\u00fcre s\u0131n\u0131rl\u0131 bir \u00e7er\u00e7evede ele al\u0131nm\u0131\u015ft\u0131r. Bu kitab\u0131 hem tarih bilimine katk\u0131 sunmak hem de hayvan haklar\u0131 alan\u0131nda ihtiya\u00e7 duyulan bilgileri payla\u015fmak amac\u0131yla haz\u0131rlad\u0131m. <\/p>\n","protected":false},"excerpt":{"rendered":"<p>Hayvanlar; dini inan\u00e7 sistemlerinin olu\u015fumundan yerle\u015fik tar\u0131ma ge\u00e7i\u015fe, k\u00fclt\u00fcrel sembollerden ekonomiye kadar insanl\u0131k tarihinin her a\u015famas\u0131nda \u00f6nemli roller \u00fcstlendiler. Ma\u011fara duvarlar\u0131ndan bayraklara, sikkelere, evlerimize ve s\u00fcs<span class=\"excerpt-hellip\"> [\u2026]<\/span><\/p>\n","protected":false},"featured_media":0,"template":"","meta":{"_monsterinsights_skip_tracking":false,"_monsterinsights_sitenote_active":false,"_monsterinsights_sitenote_note":"","_monsterinsights_sitenote_category":0},"product_brand":[],"product_cat":[52477],"product_tag":[],"class_list":{"0":"post-779790","1":"product","2":"type-product","3":"status-publish","5":"product_cat-arastirma","6":"pa_cilt-ciltsiz","7":"pa_tur-kitap","8":"pa_yayinevi-zet-akademi-yayinlari","9":"pa_yazar-mehtap-ayan","11":"first","12":"instock","13":"sale","14":"shipping-taxable","15":"purchasable","16":"product-type-simple"},"_links":{"self":[{"href":"https:\/\/roveyayinevi.com.tr\/index.php\/wp-json\/wp\/v2\/product\/779790","targetHints":{"allow":["GET"]}}],"collection":[{"href":"https:\/\/roveyayinevi.com.tr\/index.php\/wp-json\/wp\/v2\/product"}],"about":[{"href":"https:\/\/roveyayinevi.com.tr\/index.php\/wp-json\/wp\/v2\/types\/product"}],"wp:attachment":[{"href":"https:\/\/roveyayinevi.com.tr\/index.php\/wp-json\/wp\/v2\/media?parent=779790"}],"wp:term":[{"taxonomy":"product_brand","embeddable":true,"href":"https:\/\/roveyayinevi.com.tr\/index.php\/wp-json\/wp\/v2\/product_brand?post=779790"},{"taxonomy":"product_cat","embeddable":true,"href":"https:\/\/roveyayinevi.com.tr\/index.php\/wp-json\/wp\/v2\/product_cat?post=779790"},{"taxonomy":"product_tag","embeddable":true,"href":"https:\/\/roveyayinevi.com.tr\/index.php\/wp-json\/wp\/v2\/product_tag?post=779790"}],"curies":[{"name":"wp","href":"https:\/\/api.w.org\/{rel}","templated":true}]}}