{"id":779787,"date":"2025-12-30T12:10:52","date_gmt":"2025-12-30T09:10:52","guid":{"rendered":"https:\/\/roveyayinevi.com.tr\/index.php\/urun\/sigara-ile-savasim\/"},"modified":"2026-04-15T03:44:20","modified_gmt":"2026-04-15T00:44:20","slug":"sigara-ile-savasim","status":"publish","type":"product","link":"https:\/\/roveyayinevi.com.tr\/index.php\/urun\/sigara-ile-savasim\/","title":{"rendered":"Sigara ile Sava\u015f\u0131m"},"content":{"rendered":"<p>Bu kitap bir hat\u0131rlatmad\u0131r.   L\u00fctfen g\u00fcnde sadece bir sayfa okuyunuz. Kitab\u0131n kapa\u011f\u0131n\u0131 kapat\u0131p, g\u00fcn\u00fcn c\u00fcmlesinin size bir \u015fekilde etki etmesine izin verin. E\u011fer isterseniz kitap, sizin sigaray\u0131 b\u0131rakma g\u00fcnl\u00fc\u011f\u00fcn\u00fcz olabilir.<\/p>\n","protected":false},"excerpt":{"rendered":"<p>Bu kitap bir hat\u0131rlatmad\u0131r. L\u00fctfen g\u00fcnde sadece bir sayfa okuyunuz. Kitab\u0131n kapa\u011f\u0131n\u0131 kapat\u0131p, g\u00fcn\u00fcn c\u00fcmlesinin size bir \u015fekilde etki etmesine izin verin. E\u011fer isterseniz kitap, sizin<span class=\"excerpt-hellip\"> [\u2026]<\/span><\/p>\n","protected":false},"featured_media":0,"template":"","meta":{"_monsterinsights_skip_tracking":false,"_monsterinsights_sitenote_active":false,"_monsterinsights_sitenote_note":"","_monsterinsights_sitenote_category":0},"product_brand":[],"product_cat":[12364,12376],"product_tag":[],"class_list":{"0":"post-779787","1":"product","2":"type-product","3":"status-publish","5":"product_cat-genel-konular","6":"product_cat-kisisel-gelisim","7":"pa_cilt-ciltsiz","8":"pa_tur-kitap","9":"pa_yayinevi-luna-yayinlari","10":"pa_yazar-muveddet-erkol","12":"first","13":"instock","14":"sale","15":"shipping-taxable","16":"purchasable","17":"product-type-simple"},"_links":{"self":[{"href":"https:\/\/roveyayinevi.com.tr\/index.php\/wp-json\/wp\/v2\/product\/779787","targetHints":{"allow":["GET"]}}],"collection":[{"href":"https:\/\/roveyayinevi.com.tr\/index.php\/wp-json\/wp\/v2\/product"}],"about":[{"href":"https:\/\/roveyayinevi.com.tr\/index.php\/wp-json\/wp\/v2\/types\/product"}],"wp:attachment":[{"href":"https:\/\/roveyayinevi.com.tr\/index.php\/wp-json\/wp\/v2\/media?parent=779787"}],"wp:term":[{"taxonomy":"product_brand","embeddable":true,"href":"https:\/\/roveyayinevi.com.tr\/index.php\/wp-json\/wp\/v2\/product_brand?post=779787"},{"taxonomy":"product_cat","embeddable":true,"href":"https:\/\/roveyayinevi.com.tr\/index.php\/wp-json\/wp\/v2\/product_cat?post=779787"},{"taxonomy":"product_tag","embeddable":true,"href":"https:\/\/roveyayinevi.com.tr\/index.php\/wp-json\/wp\/v2\/product_tag?post=779787"}],"curies":[{"name":"wp","href":"https:\/\/api.w.org\/{rel}","templated":true}]}}