{"id":779786,"date":"2025-12-30T12:10:50","date_gmt":"2025-12-30T09:10:50","guid":{"rendered":"https:\/\/roveyayinevi.com.tr\/index.php\/urun\/bagisin-adaleti\/"},"modified":"2026-04-15T03:44:20","modified_gmt":"2026-04-15T00:44:20","slug":"bagisin-adaleti","status":"publish","type":"product","link":"https:\/\/roveyayinevi.com.tr\/index.php\/urun\/bagisin-adaleti\/","title":{"rendered":"Ba\u011f\u0131\u015f\u0131n Adaleti"},"content":{"rendered":"<p>Hay\u0131rseverlik, do\u011fas\u0131 gere\u011fi, bug\u00fcn\u00fcn demokrasisine bir tehdit midir? Toplum yarar\u0131na servetlerini ba\u011f\u0131\u015flayan zengin bireyleri \u00f6vsek de, Ba\u011f\u0131\u015f\u0131n Adaleti, bu t\u00fcr c\u00f6mertli\u011fin d\u00fc\u015f\u00fcnd\u00fc\u011f\u00fcm\u00fcz gibi tart\u0131\u015fmas\u0131z bir iyilik olmad\u0131\u011f\u0131n\u0131, hatta demokratik de\u011ferleri zay\u0131flatabilece\u011fini ve adalet aray\u0131\u015f\u0131nda toplumlar\u0131 geriye d\u00fc\u015f\u00fcrebilece\u011fini g\u00f6steriyor. B\u00fcy\u00fck \u00f6l\u00e7ekli hay\u0131rseverlik \u00e7o\u011fu zaman \u00f6zel servetin kamusal n\u00fcfuza d\u00f6n\u00fc\u015ft\u00fcr\u00fclmesine i\u015faret eder. Hesap sorulabilirli\u011fi olmayan, c\u00f6mert vergi avantajlar\u0131ndan yararlanan bir iktidar bi\u00e7imidir. K\u00fc\u00e7\u00fck \u00f6l\u00e7ekli ba\u011f\u0131\u015f\u00e7\u0131l\u0131k da sorunlu olabilir; ihtiya\u00e7 sahiplerine kayda de\u011fer bir katk\u0131 sunmayabilece\u011fi gibi kimi zaman e\u015fitsizli\u011fi daha da k\u00f6t\u00fcle\u015ftirir. Peki bu durum kader midir? Hay\u0131rseverlik ve demokrasi birbirini g\u00fc\u00e7lendiremez mi? Uygulamal\u0131 etik, e\u011fitimde e\u015fitsizlik ve hay\u0131rseverli\u011fin kamusal ya\u015fam \u00fczerindeki etkisi \u00fczerine \u00e7al\u0131\u015fan bir siyaset bilimci olarak Rob Reich\u2019\u0131n inanc\u0131, do\u011fru \u015fekilde yap\u0131land\u0131r\u0131ld\u0131\u011f\u0131nda hay\u0131rseverli\u011fin, g\u00fc\u00e7l\u00fc bir demokrasiyi desteklemede hayati bir rol oynayabilece\u011fi y\u00f6n\u00fcnde. Orijinali Princeton University Press taraf\u0131ndan yay\u0131mlanan Ba\u011f\u0131\u015f\u0131n Adaleti, hay\u0131rseverli\u011fin tarihsel, etik ve siyasal boyutlar\u0131n\u0131 incelemeye ve ba\u011f\u0131\u015f\u0131n demokratik de\u011ferleri nas\u0131l daha iyi destekleyebilece\u011fini, adaleti nas\u0131l te\u015fvik edebilece\u011fini tart\u0131\u015fmaya \u00e7a\u011f\u0131r\u0131yor. <\/p>\n","protected":false},"excerpt":{"rendered":"<p>Hay\u0131rseverlik, do\u011fas\u0131 gere\u011fi, bug\u00fcn\u00fcn demokrasisine bir tehdit midir? Toplum yarar\u0131na servetlerini ba\u011f\u0131\u015flayan zengin bireyleri \u00f6vsek de, Ba\u011f\u0131\u015f\u0131n Adaleti, bu t\u00fcr c\u00f6mertli\u011fin d\u00fc\u015f\u00fcnd\u00fc\u011f\u00fcm\u00fcz gibi tart\u0131\u015fmas\u0131z bir iyilik<span class=\"excerpt-hellip\"> [\u2026]<\/span><\/p>\n","protected":false},"featured_media":0,"template":"","meta":{"_monsterinsights_skip_tracking":false,"_monsterinsights_sitenote_active":false,"_monsterinsights_sitenote_note":"","_monsterinsights_sitenote_category":0},"product_brand":[],"product_cat":[13059,12337],"product_tag":[],"class_list":{"0":"post-779786","1":"product","2":"type-product","3":"status-publish","5":"product_cat-diger-politika-siyaset","6":"product_cat-politika-siyaset","7":"pa_cilt-ciltsiz","8":"pa_tur-kitap","9":"pa_yayinevi-koc-universitesi-yayinlari","10":"pa_yazar-rob-reich","12":"first","13":"instock","14":"sale","15":"shipping-taxable","16":"purchasable","17":"product-type-simple"},"_links":{"self":[{"href":"https:\/\/roveyayinevi.com.tr\/index.php\/wp-json\/wp\/v2\/product\/779786","targetHints":{"allow":["GET"]}}],"collection":[{"href":"https:\/\/roveyayinevi.com.tr\/index.php\/wp-json\/wp\/v2\/product"}],"about":[{"href":"https:\/\/roveyayinevi.com.tr\/index.php\/wp-json\/wp\/v2\/types\/product"}],"wp:attachment":[{"href":"https:\/\/roveyayinevi.com.tr\/index.php\/wp-json\/wp\/v2\/media?parent=779786"}],"wp:term":[{"taxonomy":"product_brand","embeddable":true,"href":"https:\/\/roveyayinevi.com.tr\/index.php\/wp-json\/wp\/v2\/product_brand?post=779786"},{"taxonomy":"product_cat","embeddable":true,"href":"https:\/\/roveyayinevi.com.tr\/index.php\/wp-json\/wp\/v2\/product_cat?post=779786"},{"taxonomy":"product_tag","embeddable":true,"href":"https:\/\/roveyayinevi.com.tr\/index.php\/wp-json\/wp\/v2\/product_tag?post=779786"}],"curies":[{"name":"wp","href":"https:\/\/api.w.org\/{rel}","templated":true}]}}