{"id":779785,"date":"2025-12-30T12:10:47","date_gmt":"2025-12-30T09:10:47","guid":{"rendered":"https:\/\/roveyayinevi.com.tr\/index.php\/urun\/bagimlilik-kisa-bir-giris\/"},"modified":"2026-04-15T03:44:20","modified_gmt":"2026-04-15T00:44:20","slug":"bagimlilik-kisa-bir-giris","status":"publish","type":"product","link":"https:\/\/roveyayinevi.com.tr\/index.php\/urun\/bagimlilik-kisa-bir-giris\/","title":{"rendered":"Ba\u011f\u0131ml\u0131l\u0131k &#8211; K\u0131sa Bir Giri\u015f"},"content":{"rendered":"<p>Ba\u011f\u0131ml\u0131l\u0131k gerek kamusal gerekse bireysel d\u00fczeyde hayat\u0131m\u0131za dokunan, adalet, toplumsall\u0131k ve t\u0131pla kesi\u015fen \u00e7ok katmanl\u0131 bir meseledir. \u00dcstelik uzmanlar i\u00e7in bile tart\u0131\u015fmalar ve belirsizliklerle y\u00fckl\u00fcd\u00fcr.   Bu alan\u0131n \u00f6nde gelen isimlerinden Keith Humphreys esasen madde ba\u011f\u0131ml\u0131l\u0131\u011f\u0131n\u0131 mercek alt\u0131na ald\u0131\u011f\u0131 kitapta, b\u00f6ylesine \u00e7etrefil bir konuyu ba\u015fl\u0131ca sorular \u00fczerinden duru ve sistemli bir bi\u00e7imde inceliyor: Ba\u011f\u0131ml\u0131l\u0131k nedir? Nas\u0131l ve neden geli\u015fir? Nas\u0131l tedavi edilir? Toplum bu olguya nas\u0131l kar\u015f\u0131l\u0131k verebilir? Neden baz\u0131 insanlar ba\u011f\u0131ml\u0131 olurken benzer ko\u015fullardakiler olmaz? Bu sorular\u0131n pe\u015finden giden Humphreys, klinik bulgulardan tedavi de\u011ferlendirmelerine, kamu politikalar\u0131n\u0131n etkilerini inceleyen ara\u015ft\u0131rmalardan ba\u011f\u0131ml\u0131lar\u0131n iyile\u015fme deneyimlerine uzanan g\u00fcncel bilgi birikimini, herkesin anlayabilece\u011fi bir dille bir araya getiriyor. Ba\u011f\u0131ml\u0131l\u0131k gibi karma\u015f\u0131k bir konuda berrak bir ba\u015fvuru kayna\u011f\u0131 arayanlar i\u00e7in bu kitap do\u011fru bir adres. <\/p>\n","protected":false},"excerpt":{"rendered":"<p>Ba\u011f\u0131ml\u0131l\u0131k gerek kamusal gerekse bireysel d\u00fczeyde hayat\u0131m\u0131za dokunan, adalet, toplumsall\u0131k ve t\u0131pla kesi\u015fen \u00e7ok katmanl\u0131 bir meseledir. \u00dcstelik uzmanlar i\u00e7in bile tart\u0131\u015fmalar ve belirsizliklerle y\u00fckl\u00fcd\u00fcr. Bu<span class=\"excerpt-hellip\"> [\u2026]<\/span><\/p>\n","protected":false},"featured_media":0,"template":"","meta":{"_monsterinsights_skip_tracking":false,"_monsterinsights_sitenote_active":false,"_monsterinsights_sitenote_note":"","_monsterinsights_sitenote_category":0},"product_brand":[],"product_cat":[12357],"product_tag":[],"class_list":{"0":"post-779785","1":"product","2":"type-product","3":"status-publish","5":"product_cat-psikoloji","6":"pa_cilt-ciltsiz","7":"pa_tur-kitap","8":"pa_yayinevi-koc-universitesi-yayinlari","9":"pa_yazar-keith-humphreys","11":"first","12":"instock","13":"sale","14":"shipping-taxable","15":"purchasable","16":"product-type-simple"},"_links":{"self":[{"href":"https:\/\/roveyayinevi.com.tr\/index.php\/wp-json\/wp\/v2\/product\/779785","targetHints":{"allow":["GET"]}}],"collection":[{"href":"https:\/\/roveyayinevi.com.tr\/index.php\/wp-json\/wp\/v2\/product"}],"about":[{"href":"https:\/\/roveyayinevi.com.tr\/index.php\/wp-json\/wp\/v2\/types\/product"}],"wp:attachment":[{"href":"https:\/\/roveyayinevi.com.tr\/index.php\/wp-json\/wp\/v2\/media?parent=779785"}],"wp:term":[{"taxonomy":"product_brand","embeddable":true,"href":"https:\/\/roveyayinevi.com.tr\/index.php\/wp-json\/wp\/v2\/product_brand?post=779785"},{"taxonomy":"product_cat","embeddable":true,"href":"https:\/\/roveyayinevi.com.tr\/index.php\/wp-json\/wp\/v2\/product_cat?post=779785"},{"taxonomy":"product_tag","embeddable":true,"href":"https:\/\/roveyayinevi.com.tr\/index.php\/wp-json\/wp\/v2\/product_tag?post=779785"}],"curies":[{"name":"wp","href":"https:\/\/api.w.org\/{rel}","templated":true}]}}