{"id":779784,"date":"2025-12-30T12:10:45","date_gmt":"2025-12-30T09:10:45","guid":{"rendered":"https:\/\/roveyayinevi.com.tr\/index.php\/urun\/kuresel-uluslararasi-iliskilerin-yapilanmasi\/"},"modified":"2026-04-15T03:44:20","modified_gmt":"2026-04-15T00:44:20","slug":"kuresel-uluslararasi-iliskilerin-yapilanmasi","status":"publish","type":"product","link":"https:\/\/roveyayinevi.com.tr\/index.php\/urun\/kuresel-uluslararasi-iliskilerin-yapilanmasi\/","title":{"rendered":"K\u00fcresel Uluslararas\u0131 \u0130li\u015fkilerin Yap\u0131lanmas\u0131"},"content":{"rendered":"<p>Amitav Acharya ve Barry Buzan\u2019\u0131n ortak \u00e7al\u0131\u015fmas\u0131 olan K\u00fcresel Uluslararas\u0131 \u0130li\u015fkilerin Yap\u0131lanmas\u0131: K\u00f6kenleri ve Evrimi, Uluslararas\u0131 \u0130li\u015fkiler (U\u0130) disiplinini hem kendi modern k\u00f6kenleri hem de son iki y\u00fczy\u0131ll\u0131k d\u00fcnya tarihi \u0131\u015f\u0131\u011f\u0131nda yeniden d\u00fc\u015f\u00fcnmeye \u00e7a\u011f\u0131r\u0131yor. U\u0130 ve ui aras\u0131ndaki ayr\u0131ma vurgu yaparak konuyu ele alan yazarlar, disiplinin geli\u015fimini ve d\u00fcnya siyasetinin pratikleriyle kurdu\u011fu ba\u011f\u0131, 19. y\u00fczy\u0131l kolonyalizminden ba\u015flayarak iki d\u00fcnya sava\u015f\u0131, So\u011fuk Sava\u015f, dekolonizasyon ve 21. y\u00fczy\u0131l\u0131n k\u00fcreselle\u015fme s\u00fcre\u00e7lerine kadar farkl\u0131 tarihsel d\u00f6nemler boyunca izliyor. Uluslararas\u0131 \u0130li\u015fkilerin 1919\u2019daki \u201ckurulu\u015f miti\u201d, epistemolojik tek yanl\u0131l\u0131\u011f\u0131 ve s\u0131n\u0131rlay\u0131c\u0131 evrensellik iddialar\u0131 ele\u015ftirel bir bak\u0131\u015fla sorgulan\u0131rken, disiplinin tarihi ve gelece\u011fi yeniden kurgulan\u0131yor. Bat\u0131 merkezli anlat\u0131lar\u0131n yan\u0131nda, K\u00fcresel G\u00fcney\u2019in d\u0131\u015flanm\u0131\u015f ses ve tarihleri, disiplinin nas\u0131l daha b\u00fct\u00fcnc\u00fcl ve kapsay\u0131c\u0131 hale gelebilece\u011fi ele al\u0131n\u0131yor. Acharya ve Buzan\u2019\u0131n ele ald\u0131\u011f\u0131 tarihsel s\u00fcre\u00e7, Uluslararas\u0131 \u0130li\u015fkilerin yaln\u0131zca Bat\u0131\u2019n\u0131n de\u011fil, d\u00fcnyan\u0131n tamam\u0131n\u0131n hikayesi haline gelmesi gerekti\u011fini g\u00f6steriyor. Disipline dair k\u00f6kl\u00fc anlat\u0131lar\u0131 sorgulayan bu yenilik\u00e7i \u00e7al\u0131\u015fma, yaln\u0131zca akademik \u00e7evreler i\u00e7in de\u011fil, k\u00fcresel siyaseti tarihsel derinlik ve kavramsal zenginlikle kavramak ve geni\u015f bir perspektifle ele almak isteyen herkes i\u00e7in vazge\u00e7ilmez bir kaynak niteli\u011finde. <\/p>\n","protected":false},"excerpt":{"rendered":"<p>Amitav Acharya ve Barry Buzan\u2019\u0131n ortak \u00e7al\u0131\u015fmas\u0131 olan K\u00fcresel Uluslararas\u0131 \u0130li\u015fkilerin Yap\u0131lanmas\u0131: K\u00f6kenleri ve Evrimi, Uluslararas\u0131 \u0130li\u015fkiler (U\u0130) disiplinini hem kendi modern k\u00f6kenleri hem de son<span class=\"excerpt-hellip\"> [\u2026]<\/span><\/p>\n","protected":false},"featured_media":0,"template":"","meta":{"_monsterinsights_skip_tracking":false,"_monsterinsights_sitenote_active":false,"_monsterinsights_sitenote_note":"","_monsterinsights_sitenote_category":0},"product_brand":[],"product_cat":[12337,14706],"product_tag":[],"class_list":{"0":"post-779784","1":"product","2":"type-product","3":"status-publish","5":"product_cat-politika-siyaset","6":"product_cat-siyaset-bilimi","7":"pa_cilt-ciltsiz","8":"pa_tur-kitap","9":"pa_yayinevi-koc-universitesi-yayinlari","10":"pa_yazar-amitav-acharya-barry-buzan","12":"first","13":"instock","14":"sale","15":"shipping-taxable","16":"purchasable","17":"product-type-simple"},"_links":{"self":[{"href":"https:\/\/roveyayinevi.com.tr\/index.php\/wp-json\/wp\/v2\/product\/779784","targetHints":{"allow":["GET"]}}],"collection":[{"href":"https:\/\/roveyayinevi.com.tr\/index.php\/wp-json\/wp\/v2\/product"}],"about":[{"href":"https:\/\/roveyayinevi.com.tr\/index.php\/wp-json\/wp\/v2\/types\/product"}],"wp:attachment":[{"href":"https:\/\/roveyayinevi.com.tr\/index.php\/wp-json\/wp\/v2\/media?parent=779784"}],"wp:term":[{"taxonomy":"product_brand","embeddable":true,"href":"https:\/\/roveyayinevi.com.tr\/index.php\/wp-json\/wp\/v2\/product_brand?post=779784"},{"taxonomy":"product_cat","embeddable":true,"href":"https:\/\/roveyayinevi.com.tr\/index.php\/wp-json\/wp\/v2\/product_cat?post=779784"},{"taxonomy":"product_tag","embeddable":true,"href":"https:\/\/roveyayinevi.com.tr\/index.php\/wp-json\/wp\/v2\/product_tag?post=779784"}],"curies":[{"name":"wp","href":"https:\/\/api.w.org\/{rel}","templated":true}]}}