{"id":779777,"date":"2025-12-30T12:10:31","date_gmt":"2025-12-30T09:10:31","guid":{"rendered":"https:\/\/roveyayinevi.com.tr\/index.php\/urun\/beklemeye-deger-2\/"},"modified":"2026-04-15T03:44:20","modified_gmt":"2026-04-15T00:44:20","slug":"beklemeye-deger-2","status":"publish","type":"product","link":"https:\/\/roveyayinevi.com.tr\/index.php\/urun\/beklemeye-deger-2\/","title":{"rendered":"Beklemeye De\u011fer\u2026"},"content":{"rendered":"<p>Daha gelmedik mi? Y\u0131lba\u015f\u0131na ka\u00e7 g\u00fcn var? Boyum ne zaman uzayacak? Yemek vakti geldi mi?Hayatta o\u0308nemli s\u0327eylerin olmas\u0131n\u0131 beklerken SABIR c\u0327ok o\u0308nemlidir. Biz, muazzam bir teknolojinin var oldug\u0306u bir du\u0308nyada yas\u0327\u0131yoruz. Bu yu\u0308zden tu\u0308m cevaplara hemen s\u0327imdi eris\u0327meyi ve her s\u0327eyin c\u0327abucak olmas\u0131n\u0131 arzulamam\u0131z asl\u0131nda c\u0327ok dog\u0306al. Ama su\u0308recin tad\u0131n\u0131 c\u0327\u0131karmak ve kes\u0327if ic\u0327in kendimize alan b\u0131rakmak da gerekir.Bu kitap, ic\u0327inde yas\u0327ad\u0131g\u0306\u0131m\u0131z du\u0308nya ic\u0327in bir nevi panzehir olarak yaz\u0131ld\u0131. Onu, kalbinin at\u0131s\u0327\u0131ndan bir yag\u0306mur orman\u0131n\u0131n bu\u0308yu\u0308yu\u0308s\u0327u\u0308ne kadar, hayattaki pek c\u0327ok mucizevi olay\u0131n asl\u0131nda zaman ald\u0131g\u0306\u0131na ve HARI\u0307KALARLA DOLU oldug\u0306una dair bir hat\u0131rlatma olarak da go\u0308rebilirsin.Her \u015feyin bir mevsimi vard\u0131r. G\u00fczel \u015feylerin BEKLEMEYE DE\u011eER oldu\u011funu sak\u0131n unutma! <\/p>\n","protected":false},"excerpt":{"rendered":"<p>Daha gelmedik mi? Y\u0131lba\u015f\u0131na ka\u00e7 g\u00fcn var? Boyum ne zaman uzayacak? Yemek vakti geldi mi?Hayatta o\u0308nemli s\u0327eylerin olmas\u0131n\u0131 beklerken SABIR c\u0327ok o\u0308nemlidir. Biz, muazzam bir teknolojinin<span class=\"excerpt-hellip\"> [\u2026]<\/span><\/p>\n","protected":false},"featured_media":0,"template":"","meta":{"_monsterinsights_skip_tracking":false,"_monsterinsights_sitenote_active":false,"_monsterinsights_sitenote_note":"","_monsterinsights_sitenote_category":0},"product_brand":[],"product_cat":[12274],"product_tag":[],"class_list":{"0":"post-779777","1":"product","2":"type-product","3":"status-publish","5":"product_cat-cocuk-ve-genclik-kitaplari","6":"pa_cilt-ciltsiz","7":"pa_tur-kitap","8":"pa_yayinevi-mea-kitap","9":"pa_yazar-rachel-williams","11":"first","12":"instock","13":"sale","14":"shipping-taxable","15":"purchasable","16":"product-type-simple"},"_links":{"self":[{"href":"https:\/\/roveyayinevi.com.tr\/index.php\/wp-json\/wp\/v2\/product\/779777","targetHints":{"allow":["GET"]}}],"collection":[{"href":"https:\/\/roveyayinevi.com.tr\/index.php\/wp-json\/wp\/v2\/product"}],"about":[{"href":"https:\/\/roveyayinevi.com.tr\/index.php\/wp-json\/wp\/v2\/types\/product"}],"wp:attachment":[{"href":"https:\/\/roveyayinevi.com.tr\/index.php\/wp-json\/wp\/v2\/media?parent=779777"}],"wp:term":[{"taxonomy":"product_brand","embeddable":true,"href":"https:\/\/roveyayinevi.com.tr\/index.php\/wp-json\/wp\/v2\/product_brand?post=779777"},{"taxonomy":"product_cat","embeddable":true,"href":"https:\/\/roveyayinevi.com.tr\/index.php\/wp-json\/wp\/v2\/product_cat?post=779777"},{"taxonomy":"product_tag","embeddable":true,"href":"https:\/\/roveyayinevi.com.tr\/index.php\/wp-json\/wp\/v2\/product_tag?post=779777"}],"curies":[{"name":"wp","href":"https:\/\/api.w.org\/{rel}","templated":true}]}}