{"id":779774,"date":"2025-12-30T12:10:25","date_gmt":"2025-12-30T09:10:25","guid":{"rendered":"https:\/\/roveyayinevi.com.tr\/index.php\/urun\/sorulara-cevaplar-1\/"},"modified":"2026-04-15T03:44:20","modified_gmt":"2026-04-15T00:44:20","slug":"sorulara-cevaplar-1","status":"publish","type":"product","link":"https:\/\/roveyayinevi.com.tr\/index.php\/urun\/sorulara-cevaplar-1\/","title":{"rendered":"Sorulara Cevaplar 1"},"content":{"rendered":"<p>Adalet, ahl\u00e2k, ba\u011f\u0131ms\u0131zl\u0131k, \u00f6zg\u00fcrl\u00fck, aile, devlet, k\u00fclt\u00fcr dili, bilim, ordu, istikrar adl\u0131 kavramlar\u0131n anlamlar\u0131nda ve uygulamalar\u0131nda benze\u015firli\u011fi \u00e7ok fazla olan toplumlar, \u00e7\u00f6z\u00fclmezler, s\u00f6m\u00fcr\u00fclmezler. Bunlar ve benzeri ana kavramlar\u0131n tan\u0131m\u0131nda ortakl\u0131\u011f\u0131 kaybedenler, yozla\u015fma ve \u00e7at\u0131\u015fma s\u0131k\u0131nt\u0131lar\u0131 \u00e7eker, \u00e7e\u015fitli bunal\u0131mlar ya\u015farlar. \u0130nsandaki ben kavram\u0131na ba\u011fl\u0131 enerji y\u00f6nlendirilip biz kavram\u0131yla b\u00fct\u00fcnle\u015fince benze\u015fmenin esas oldu\u011fu kimliklilik olu\u015fur. Mill\u00ee benlik ve kimlik, ki\u015fi ve toplum i\u00e7in hem hareket noktas\u0131, hem de ula\u015f\u0131lmas\u0131 gereken de\u011fer ve davran\u0131\u015flar\u0131n yans\u0131malar\u0131d\u0131r. Bu yans\u0131malar, benze\u015ftirmeye dayal\u0131 ortak zihniyet h\u00e2linde, bilim, sanat, y\u00f6netim, ileti\u015fim ve her t\u00fcrden ba\u011flant\u0131lara yans\u0131r. Mill\u00ee benlik ve kimli\u011fin payda\u015f\u0131 olmay\u0131 benimseyenler, bilin\u00e7li sorularla kendilerini ve toplumlar\u0131n\u0131 geli\u015ftirirler. Sorma, cevap arama, bilgi edinme yollar\u0131n\u0131 kullananlar, toplumdaki benze\u015firlik kodlar\u0131n\u0131n sa\u011fl\u0131kl\u0131 olmas\u0131na katk\u0131 sunar. SADIK K. TURAL <\/p>\n","protected":false},"excerpt":{"rendered":"<p>Adalet, ahl\u00e2k, ba\u011f\u0131ms\u0131zl\u0131k, \u00f6zg\u00fcrl\u00fck, aile, devlet, k\u00fclt\u00fcr dili, bilim, ordu, istikrar adl\u0131 kavramlar\u0131n anlamlar\u0131nda ve uygulamalar\u0131nda benze\u015firli\u011fi \u00e7ok fazla olan toplumlar, \u00e7\u00f6z\u00fclmezler, s\u00f6m\u00fcr\u00fclmezler. Bunlar ve benzeri<span class=\"excerpt-hellip\"> [\u2026]<\/span><\/p>\n","protected":false},"featured_media":0,"template":"","meta":{"_monsterinsights_skip_tracking":false,"_monsterinsights_sitenote_active":false,"_monsterinsights_sitenote_note":"","_monsterinsights_sitenote_category":0},"product_brand":[],"product_cat":[52477],"product_tag":[],"class_list":{"0":"post-779774","1":"product","2":"type-product","3":"status-publish","5":"product_cat-arastirma","6":"pa_cilt-ciltsiz","7":"pa_tur-kitap","8":"pa_yayinevi-korkut-yayinlari","9":"pa_yazar-sadik-k-tural","11":"first","12":"instock","13":"sale","14":"shipping-taxable","15":"purchasable","16":"product-type-simple"},"_links":{"self":[{"href":"https:\/\/roveyayinevi.com.tr\/index.php\/wp-json\/wp\/v2\/product\/779774","targetHints":{"allow":["GET"]}}],"collection":[{"href":"https:\/\/roveyayinevi.com.tr\/index.php\/wp-json\/wp\/v2\/product"}],"about":[{"href":"https:\/\/roveyayinevi.com.tr\/index.php\/wp-json\/wp\/v2\/types\/product"}],"wp:attachment":[{"href":"https:\/\/roveyayinevi.com.tr\/index.php\/wp-json\/wp\/v2\/media?parent=779774"}],"wp:term":[{"taxonomy":"product_brand","embeddable":true,"href":"https:\/\/roveyayinevi.com.tr\/index.php\/wp-json\/wp\/v2\/product_brand?post=779774"},{"taxonomy":"product_cat","embeddable":true,"href":"https:\/\/roveyayinevi.com.tr\/index.php\/wp-json\/wp\/v2\/product_cat?post=779774"},{"taxonomy":"product_tag","embeddable":true,"href":"https:\/\/roveyayinevi.com.tr\/index.php\/wp-json\/wp\/v2\/product_tag?post=779774"}],"curies":[{"name":"wp","href":"https:\/\/api.w.org\/{rel}","templated":true}]}}