{"id":779772,"date":"2025-12-30T12:10:21","date_gmt":"2025-12-30T09:10:21","guid":{"rendered":"https:\/\/roveyayinevi.com.tr\/index.php\/urun\/sozun-golgesinde\/"},"modified":"2026-04-15T03:44:20","modified_gmt":"2026-04-15T00:44:20","slug":"sozun-golgesinde","status":"publish","type":"product","link":"https:\/\/roveyayinevi.com.tr\/index.php\/urun\/sozun-golgesinde\/","title":{"rendered":"S\u00f6z\u00fcn G\u00f6lgesinde"},"content":{"rendered":"<p>Her s\u00f6z bir iz b\u0131rak\u0131r. Her sessizlik bir anlam ta\u015f\u0131r. Bu kitap, g\u00fcndemin en hararetli anlar\u0131nda konu\u015fan ,susan , anlatan, anlatamayan insanlar\u0131n sesini ta\u015f\u0131yor.Sadece ekranlardan tan\u0131d\u0131\u011f\u0131m\u0131z de\u011fil; d\u00fc\u015f\u00fcnceleriyle, sezgileriyle , \u00e7eli\u015fkileriyle bir d\u00f6neme damga vuranlar\u0131n i\u00e7 seslerini duyabilece\u011finiz bir \u00e7a\u011f kayd\u0131d\u0131r.Baz\u0131 sorular, yan\u0131t\u0131ndan daha \u00e7ok yank\u0131 b\u0131rak\u0131r.Baz\u0131 sesler, sadece konu\u015fmaz , zaman\u0131n da ruhunu dile getirir.S\u0131radan bir s\u00f6yle\u015filer toplam\u0131 de\u011fil, bir zaman\u0131n toplumsal ve ruhsal iklimine a\u00e7\u0131lan k\u00fclt\u00fcrel bellek ar\u015fividir. Sayfalar ilerledik\u00e7e sadece kim ne demi\u015f sorusu de\u011fil; kim neden b\u00f6yle d\u00fc\u015f\u00fcn\u00fcyor, nas\u0131l bir yaradan, hangi konumdan , hangi k\u0131r\u0131lmadan geliyor sorusunu sordurur.&#8221;Bir \u00dclke Konu\u015fuyor &#8221; Ya da bir \u00fclke susuyor, ba\u015fkalar\u0131 onun ad\u0131na konu\u015fuyor. Her c\u00fcmlede bir \u00fclkenin nabz\u0131, her duraksamada bir toplumun tedirginli\u011fi, her g\u00fcl\u00fc\u015fte umut kal\u0131nt\u0131s\u0131 var.S\u00f6yle\u015filerde bellekler kurcaland\u0131 , vicdanlar yokland\u0131, suskunluklar dile geldi.Sessizlerin sesi olundu .Bu kitap, yaln\u0131zca s\u00f6ylenenleri de\u011fil, susanlar\u0131 da duymak isteyenler i\u00e7in!Dinlemek cesaret ister&#8230; Okumak da&#8230;Haz\u0131rsan\u0131z, kapak art\u0131k araland\u0131.S\u00f6ze buyurun&#8230;<\/p>\n","protected":false},"excerpt":{"rendered":"<p>Her s\u00f6z bir iz b\u0131rak\u0131r. Her sessizlik bir anlam ta\u015f\u0131r. Bu kitap, g\u00fcndemin en hararetli anlar\u0131nda konu\u015fan ,susan , anlatan, anlatamayan insanlar\u0131n sesini ta\u015f\u0131yor.Sadece ekranlardan tan\u0131d\u0131\u011f\u0131m\u0131z<span class=\"excerpt-hellip\"> [\u2026]<\/span><\/p>\n","protected":false},"featured_media":0,"template":"","meta":{"_monsterinsights_skip_tracking":false,"_monsterinsights_sitenote_active":false,"_monsterinsights_sitenote_note":"","_monsterinsights_sitenote_category":0},"product_brand":[],"product_cat":[18545,12291],"product_tag":[],"class_list":{"0":"post-779772","1":"product","2":"type-product","3":"status-publish","5":"product_cat-anlati","6":"product_cat-edebiyat","7":"pa_cilt-ciltsiz","8":"pa_tur-kitap","9":"pa_yayinevi-kalkedon-yayincilik","10":"pa_yazar-yildirim-kaya","12":"first","13":"instock","14":"sale","15":"shipping-taxable","16":"purchasable","17":"product-type-simple"},"_links":{"self":[{"href":"https:\/\/roveyayinevi.com.tr\/index.php\/wp-json\/wp\/v2\/product\/779772","targetHints":{"allow":["GET"]}}],"collection":[{"href":"https:\/\/roveyayinevi.com.tr\/index.php\/wp-json\/wp\/v2\/product"}],"about":[{"href":"https:\/\/roveyayinevi.com.tr\/index.php\/wp-json\/wp\/v2\/types\/product"}],"wp:attachment":[{"href":"https:\/\/roveyayinevi.com.tr\/index.php\/wp-json\/wp\/v2\/media?parent=779772"}],"wp:term":[{"taxonomy":"product_brand","embeddable":true,"href":"https:\/\/roveyayinevi.com.tr\/index.php\/wp-json\/wp\/v2\/product_brand?post=779772"},{"taxonomy":"product_cat","embeddable":true,"href":"https:\/\/roveyayinevi.com.tr\/index.php\/wp-json\/wp\/v2\/product_cat?post=779772"},{"taxonomy":"product_tag","embeddable":true,"href":"https:\/\/roveyayinevi.com.tr\/index.php\/wp-json\/wp\/v2\/product_tag?post=779772"}],"curies":[{"name":"wp","href":"https:\/\/api.w.org\/{rel}","templated":true}]}}