{"id":779771,"date":"2025-12-30T12:10:19","date_gmt":"2025-12-30T09:10:19","guid":{"rendered":"https:\/\/roveyayinevi.com.tr\/index.php\/urun\/kose\/"},"modified":"2026-04-15T03:44:19","modified_gmt":"2026-04-15T00:44:19","slug":"kose","status":"publish","type":"product","link":"https:\/\/roveyayinevi.com.tr\/index.php\/urun\/kose\/","title":{"rendered":"K\u00f6\u015fe"},"content":{"rendered":"<p>En bo\u015f ve sessiz anlarda bile i\u00e7imizdeki yarat\u0131c\u0131l\u0131\u011f\u0131 ke\u015ffetmek ve kendi konforumuzu in\u015fa etmek \u00f6nemlidir. Bu kargan\u0131n da k\u00fc\u00e7\u00fck bir k\u00f6\u015fesi var. Karga boyalar, f\u0131r\u00e7alar ve biraz da hayal g\u00fcc\u00fcyle o bo\u015flu\u011fu yuvaya \u00e7evirirken ona e\u015flik etmek ister misin?<\/p>\n","protected":false},"excerpt":{"rendered":"<p>En bo\u015f ve sessiz anlarda bile i\u00e7imizdeki yarat\u0131c\u0131l\u0131\u011f\u0131 ke\u015ffetmek ve kendi konforumuzu in\u015fa etmek \u00f6nemlidir. Bu kargan\u0131n da k\u00fc\u00e7\u00fck bir k\u00f6\u015fesi var. Karga boyalar, f\u0131r\u00e7alar ve<span class=\"excerpt-hellip\"> [\u2026]<\/span><\/p>\n","protected":false},"featured_media":0,"template":"","meta":{"_monsterinsights_skip_tracking":false,"_monsterinsights_sitenote_active":false,"_monsterinsights_sitenote_note":"","_monsterinsights_sitenote_category":0},"product_brand":[],"product_cat":[14787,13488],"product_tag":[],"class_list":{"0":"post-779771","1":"product","2":"type-product","3":"status-publish","5":"product_cat-diger-toplum-ve-insan","6":"product_cat-toplum-ve-insan","7":"pa_cilt-ciltsiz","8":"pa_tur-kitap","9":"pa_yayinevi-hep-kitap","10":"pa_yazar-zo-o","12":"first","13":"instock","14":"sale","15":"shipping-taxable","16":"purchasable","17":"product-type-simple"},"_links":{"self":[{"href":"https:\/\/roveyayinevi.com.tr\/index.php\/wp-json\/wp\/v2\/product\/779771","targetHints":{"allow":["GET"]}}],"collection":[{"href":"https:\/\/roveyayinevi.com.tr\/index.php\/wp-json\/wp\/v2\/product"}],"about":[{"href":"https:\/\/roveyayinevi.com.tr\/index.php\/wp-json\/wp\/v2\/types\/product"}],"wp:attachment":[{"href":"https:\/\/roveyayinevi.com.tr\/index.php\/wp-json\/wp\/v2\/media?parent=779771"}],"wp:term":[{"taxonomy":"product_brand","embeddable":true,"href":"https:\/\/roveyayinevi.com.tr\/index.php\/wp-json\/wp\/v2\/product_brand?post=779771"},{"taxonomy":"product_cat","embeddable":true,"href":"https:\/\/roveyayinevi.com.tr\/index.php\/wp-json\/wp\/v2\/product_cat?post=779771"},{"taxonomy":"product_tag","embeddable":true,"href":"https:\/\/roveyayinevi.com.tr\/index.php\/wp-json\/wp\/v2\/product_tag?post=779771"}],"curies":[{"name":"wp","href":"https:\/\/api.w.org\/{rel}","templated":true}]}}