{"id":779769,"date":"2025-12-30T12:10:14","date_gmt":"2025-12-30T09:10:14","guid":{"rendered":"https:\/\/roveyayinevi.com.tr\/index.php\/urun\/emmie-yeni-bir-icat-pesinde\/"},"modified":"2026-04-15T03:44:19","modified_gmt":"2026-04-15T00:44:19","slug":"emmie-yeni-bir-icat-pesinde","status":"publish","type":"product","link":"https:\/\/roveyayinevi.com.tr\/index.php\/urun\/emmie-yeni-bir-icat-pesinde\/","title":{"rendered":"Emmie Yeni Bir \u0130cat Pe\u015finde"},"content":{"rendered":"<p>Kullan\u0131lmayan e\u015fyalarla dolu bir tavan aras\u0131nda harikalar yaratan Emmie\u2019yle tan\u0131\u015f\u0131n! Bir g\u00fcn siyah beyaz bir kedi \u00e7\u0131kagelince, Emmie zekice icatlar\u0131yla bu davetsiz misafire kar\u015f\u0131 koyman\u0131n bir yolunu bulmaya karar verir. Ancak \u00e7ok ge\u00e7meden, en beklenmedik kar\u015f\u0131la\u015fmalar\u0131n en g\u00fczel dostluklara d\u00f6n\u00fc\u015febilece\u011fini ke\u015ffeder. Yarat\u0131c\u0131l\u0131\u011f\u0131, pes etmemeyi ve iyili\u011fin g\u00fcc\u00fcn\u00fc \u00f6ven bu ilham verici hik\u00e2ye, ak\u0131ll\u0131ca d\u00fczenekler ve e\u011flenceli \u00e7izimlerle k\u00fc\u00e7\u00fck mucitlerin kalbini fethedecek.<\/p>\n","protected":false},"excerpt":{"rendered":"<p>Kullan\u0131lmayan e\u015fyalarla dolu bir tavan aras\u0131nda harikalar yaratan Emmie\u2019yle tan\u0131\u015f\u0131n! Bir g\u00fcn siyah beyaz bir kedi \u00e7\u0131kagelince, Emmie zekice icatlar\u0131yla bu davetsiz misafire kar\u015f\u0131 koyman\u0131n bir<span class=\"excerpt-hellip\"> [\u2026]<\/span><\/p>\n","protected":false},"featured_media":0,"template":"","meta":{"_monsterinsights_skip_tracking":false,"_monsterinsights_sitenote_active":false,"_monsterinsights_sitenote_note":"","_monsterinsights_sitenote_category":0},"product_brand":[],"product_cat":[12274,12284],"product_tag":[],"class_list":{"0":"post-779769","1":"product","2":"type-product","3":"status-publish","5":"product_cat-cocuk-ve-genclik-kitaplari","6":"product_cat-hikayeler","7":"pa_cilt-ciltsiz","8":"pa_tur-kitap","9":"pa_yayinevi-hep-kitap","10":"pa_yazar-marjorie-cosby-fairall","12":"first","13":"instock","14":"sale","15":"shipping-taxable","16":"purchasable","17":"product-type-simple"},"_links":{"self":[{"href":"https:\/\/roveyayinevi.com.tr\/index.php\/wp-json\/wp\/v2\/product\/779769","targetHints":{"allow":["GET"]}}],"collection":[{"href":"https:\/\/roveyayinevi.com.tr\/index.php\/wp-json\/wp\/v2\/product"}],"about":[{"href":"https:\/\/roveyayinevi.com.tr\/index.php\/wp-json\/wp\/v2\/types\/product"}],"wp:attachment":[{"href":"https:\/\/roveyayinevi.com.tr\/index.php\/wp-json\/wp\/v2\/media?parent=779769"}],"wp:term":[{"taxonomy":"product_brand","embeddable":true,"href":"https:\/\/roveyayinevi.com.tr\/index.php\/wp-json\/wp\/v2\/product_brand?post=779769"},{"taxonomy":"product_cat","embeddable":true,"href":"https:\/\/roveyayinevi.com.tr\/index.php\/wp-json\/wp\/v2\/product_cat?post=779769"},{"taxonomy":"product_tag","embeddable":true,"href":"https:\/\/roveyayinevi.com.tr\/index.php\/wp-json\/wp\/v2\/product_tag?post=779769"}],"curies":[{"name":"wp","href":"https:\/\/api.w.org\/{rel}","templated":true}]}}