{"id":779766,"date":"2025-12-30T12:10:07","date_gmt":"2025-12-30T09:10:07","guid":{"rendered":"https:\/\/roveyayinevi.com.tr\/index.php\/urun\/latin-batida-mulkiyetin-tarihi\/"},"modified":"2026-01-22T03:56:40","modified_gmt":"2026-01-22T00:56:40","slug":"latin-batida-mulkiyetin-tarihi","status":"publish","type":"product","link":"https:\/\/roveyayinevi.com.tr\/index.php\/urun\/latin-batida-mulkiyetin-tarihi\/","title":{"rendered":"Latin Bat\u0131\u2019da M\u00fclkiyetin Tarihi"},"content":{"rendered":"<p>Christopher Pierson M\u00fclkiyetin Tarihi\u2019nde, \u015fu anda sa\u011fduyuya ait bir fikir gibi g\u00f6r\u00fclen m\u00fclkiyet d\u00fc\u015f\u00fcncesinin Latin Bat\u0131 d\u00fc\u015f\u00fcnce tarihinde Antik Yunan\u2019dan Locke\u2019a kadar olan d\u00f6nemdeki geli\u015fimini ele al\u0131yor. Pierson, herhangi bir \u015fey \u00fczerinde ki\u015filerin m\u00fcnsah\u0131r bir tasarruf yetkisine sahip olabilmesine y\u00f6nelik \u00e7ok k\u00f6kl\u00fc ama baz\u0131 a\u00e7\u0131lardan da \u00e7ok mant\u0131ks\u0131z bu \u2018m\u00fclkiyet hakk\u0131\u2019 d\u00fc\u015f\u00fcncesini, savunucular\u0131n\u0131n ve kar\u015f\u0131tlar\u0131n\u0131n arg\u00fcmanlar\u0131n\u0131 \u00e7\u00f6z\u00fcmleyerek aktar\u0131rken ayn\u0131 zamanda arg\u00fcmanlar aras\u0131ndaki s\u00fcreklilik ili\u015fkisini de g\u00fcn y\u00fcz\u00fcne \u00e7\u0131kar\u0131yor.<\/p>\n","protected":false},"excerpt":{"rendered":"<p>Christopher Pierson M\u00fclkiyetin Tarihi\u2019nde, \u015fu anda sa\u011fduyuya ait bir fikir gibi g\u00f6r\u00fclen m\u00fclkiyet d\u00fc\u015f\u00fcncesinin Latin Bat\u0131 d\u00fc\u015f\u00fcnce tarihinde Antik Yunan\u2019dan Locke\u2019a kadar olan d\u00f6nemdeki geli\u015fimini ele<span class=\"excerpt-hellip\"> [\u2026]<\/span><\/p>\n","protected":false},"featured_media":0,"template":"","meta":{"_monsterinsights_skip_tracking":false,"_monsterinsights_sitenote_active":false,"_monsterinsights_sitenote_note":"","_monsterinsights_sitenote_category":0},"product_brand":[],"product_cat":[15350,17602],"product_tag":[],"class_list":{"0":"post-779766","1":"product","2":"type-product","3":"status-publish","5":"product_cat-hukuk","6":"product_cat-hukuk-uzerine","7":"pa_cilt-ciltsiz","8":"pa_tur-kitap","9":"pa_yayinevi-zoe-kitap","10":"pa_yazar-christopher-pierson","12":"first","13":"instock","14":"sale","15":"shipping-taxable","16":"purchasable","17":"product-type-simple"},"_links":{"self":[{"href":"https:\/\/roveyayinevi.com.tr\/index.php\/wp-json\/wp\/v2\/product\/779766","targetHints":{"allow":["GET"]}}],"collection":[{"href":"https:\/\/roveyayinevi.com.tr\/index.php\/wp-json\/wp\/v2\/product"}],"about":[{"href":"https:\/\/roveyayinevi.com.tr\/index.php\/wp-json\/wp\/v2\/types\/product"}],"wp:attachment":[{"href":"https:\/\/roveyayinevi.com.tr\/index.php\/wp-json\/wp\/v2\/media?parent=779766"}],"wp:term":[{"taxonomy":"product_brand","embeddable":true,"href":"https:\/\/roveyayinevi.com.tr\/index.php\/wp-json\/wp\/v2\/product_brand?post=779766"},{"taxonomy":"product_cat","embeddable":true,"href":"https:\/\/roveyayinevi.com.tr\/index.php\/wp-json\/wp\/v2\/product_cat?post=779766"},{"taxonomy":"product_tag","embeddable":true,"href":"https:\/\/roveyayinevi.com.tr\/index.php\/wp-json\/wp\/v2\/product_tag?post=779766"}],"curies":[{"name":"wp","href":"https:\/\/api.w.org\/{rel}","templated":true}]}}